{"id":18114,"date":"2024-05-06T10:19:07","date_gmt":"2024-05-06T08:19:07","guid":{"rendered":"http:\/\/ksiegarnia-akademicka.pl\/?post_type=product&#038;p=18114"},"modified":"2024-05-06T10:19:07","modified_gmt":"2024-05-06T08:19:07","slug":"sop-jak-elastycznie-planowac-i-produkowac-to-czego-chce-klient","status":"publish","type":"product","link":"https:\/\/ksiegarnia-akademicka.pl\/index.php\/product\/sop-jak-elastycznie-planowac-i-produkowac-to-czego-chce-klient\/","title":{"rendered":"S&amp;OP. Jak elastycznie planowa\u0107 i produkowa\u0107 to, czego chce klient"},"content":{"rendered":"<p>Autor:<br \/>\nRoman Wendt<br \/>\nWydawca: BookEdit<br \/>\nOprawa: Mi\u0119kka<br \/>\nFormat: 15.0&#215;21.0cm<br \/>\nLiczba stron: 122<br \/>\nRok wydania: 2024<br \/>\nJ\u0119zyk wydania: polski<\/p>\n<p>S&amp;OP. Jak elastycznie planowa\u0107 i produkowa\u0107 to, czego chce klient<br \/>\nPraktyczny i zwi\u0119z\u0142y przewodnik po wdro\u017ceniu i doskonaleniu proces\u00f3w planowania i prognozowania w firmach w\u0142a\u015bcicielskich \u015bredniej wielko\u015bci. Autor, Roman Wendt, opieraj\u0105c si\u0119 na swoich bogatych do\u015bwiadczeniach, przedstawia sprawdzone rozwi\u0105zania, kt\u00f3re mo\u017cna wdro\u017cy\u0107 w ka\u017cdej firmie produkcyjnej, niezale\u017cnie od jej wielko\u015bci i bran\u017cy.<br \/>\nDzi\u0119ki tej ksi\u0105\u017cce dowiesz si\u0119:<br \/>\n\u2013 czym jest S&amp;OP i jak pozwala uzyska\u0107 przewag\u0119 nad konkurencj\u0105,<br \/>\n\u2013 jak wygl\u0105daj\u0105 etapy S&amp;OP i czym r\u00f3\u017cni\u0105 si\u0119 od tych stosowanych w du\u017cych korporacjach,<br \/>\n\u2013 dlaczego wdro\u017cenia S&amp;OP w firmach w\u0142a\u015bcicielskich \u015bredniej wielko\u015bci si\u0119 nie udaj\u0105 i jak temu zaradzi\u0107,<br \/>\n\u2013 jak wykorzysta\u0107 i dostosowa\u0107 zamieszczone w ksi\u0105\u017cce gotowe szablony narz\u0119dzi i rozwi\u0105za\u0144, by zadzia\u0142a\u0142y w twojej firmie.<br \/>\nKsi\u0105\u017cka jest przeznaczona dla w\u0142a\u015bcicieli, mened\u017cer\u00f3w, kt\u00f3rzy chc\u0105 poprawi\u0107 efektywno\u015b\u0107 swoich proces\u00f3w planowania i prognozowania, i dzi\u0119ki temu uzyska\u0107 przewag\u0119 nad konkurencj\u0105.<\/p>\n<p>Roman Wendt (https:\/\/wendt.pl )<br \/>\nEkspert efektywno\u015bci biznesowej i operacyjnej, praktyk zajmuj\u0105cy si\u0119 transformacj\u0105 przedsi\u0119biorstw dzieli si\u0119 swoimi do\u015bwiadczeniami, do kt\u00f3rych nale\u017cy zaliczy\u0107 ponad 40 projekt\u00f3w wdra\u017cania zmian. Interim Manager z ponad 15-letnim do\u015bwiadczeniem. Or\u0119downik produktywno\u015bci, dla kt\u00f3rego wszystkie narz\u0119dzia i dzia\u0142ania, cho\u0107by najbardziej rozwini\u0119te technologicznie, s\u0105 tylko drog\u0105 do celu, jakim jest efekt i usatysfakcjonowani ludzie, kt\u00f3rzy go tworz\u0105.<br \/>\nNajwi\u0119cej potencja\u0142u dla usprawnie\u0144 odnajduje, \u0142\u0105cz\u0105c sprzeda\u017c i oczekiwania klient\u00f3w ze sprawn\u0105 realizacj\u0105 zam\u00f3wie\u0144. Zdobywa\u0142 do\u015bwiadczenie, tworz\u0105c od podstaw i doprowadzaj\u0105c do pozycji lidera bran\u017cy swoj\u0105 firm\u0119 us\u0142ugow\u0105 B2B (od poziomu start-upu do sprzeda\u017cy), a nast\u0119pnie pracuj\u0105c w og\u00f3lnopolskiej firmie konsultingowo-wdro\u017ceniowej i realizuj\u0105c w\u0142asne projekty zmian.<br \/>\nAutor ksi\u0105\u017cek z zakresu usprawniania biznesu i wdra\u017cania zmian oraz 2 metodyk biznesowych. Za\u0142o\u017cyciel Stowarzyszenia Interim Managers. https:\/\/wendt.pl<\/p>\n","protected":false},"excerpt":{"rendered":"<p>Autor: Roman Wendt Wydawca: BookEdit Oprawa: Mi\u0119kka Format: 15.0&#215;21.0cm Liczba [&hellip;]<\/p>\n","protected":false},"featured_media":18115,"template":"","meta":[],"product_brand":[],"product_cat":[31,7515],"product_tag":[4594],"class_list":{"0":"post-18114","1":"product","2":"type-product","3":"status-publish","4":"has-post-thumbnail","6":"product_cat-przedsiebiorstwo","7":"product_cat-zarzadzanie-przedsiebiorstwem","8":"product_tag-organizacja-i-zarzadzanie-przedsiebiorstwem","10":"first","11":"instock","12":"sale","13":"shipping-taxable","14":"purchasable","15":"product-type-simple"},"_links":{"self":[{"href":"https:\/\/ksiegarnia-akademicka.pl\/index.php\/wp-json\/wp\/v2\/product\/18114","targetHints":{"allow":["GET"]}}],"collection":[{"href":"https:\/\/ksiegarnia-akademicka.pl\/index.php\/wp-json\/wp\/v2\/product"}],"about":[{"href":"https:\/\/ksiegarnia-akademicka.pl\/index.php\/wp-json\/wp\/v2\/types\/product"}],"wp:featuredmedia":[{"embeddable":true,"href":"https:\/\/ksiegarnia-akademicka.pl\/index.php\/wp-json\/wp\/v2\/media\/18115"}],"wp:attachment":[{"href":"https:\/\/ksiegarnia-akademicka.pl\/index.php\/wp-json\/wp\/v2\/media?parent=18114"}],"wp:term":[{"taxonomy":"product_brand","embeddable":true,"href":"https:\/\/ksiegarnia-akademicka.pl\/index.php\/wp-json\/wp\/v2\/product_brand?post=18114"},{"taxonomy":"product_cat","embeddable":true,"href":"https:\/\/ksiegarnia-akademicka.pl\/index.php\/wp-json\/wp\/v2\/product_cat?post=18114"},{"taxonomy":"product_tag","embeddable":true,"href":"https:\/\/ksiegarnia-akademicka.pl\/index.php\/wp-json\/wp\/v2\/product_tag?post=18114"}],"curies":[{"name":"wp","href":"https:\/\/api.w.org\/{rel}","templated":true}]}}