{"id":18108,"date":"2024-05-06T10:09:13","date_gmt":"2024-05-06T08:09:13","guid":{"rendered":"http:\/\/ksiegarnia-akademicka.pl\/?post_type=product&#038;p=18108"},"modified":"2024-05-06T10:09:13","modified_gmt":"2024-05-06T08:09:13","slug":"rynek-finansowy-pzewodnik-do-cwiczen","status":"publish","type":"product","link":"https:\/\/ksiegarnia-akademicka.pl\/index.php\/product\/rynek-finansowy-pzewodnik-do-cwiczen\/","title":{"rendered":"Rynek finansowy Pzewodnik do \u0107wicze\u0144"},"content":{"rendered":"<p>Autor:<br \/>\nTomasz L. Nawrocki<br \/>\nWydawca: CeDeWu<br \/>\nOprawa: Mi\u0119kka<br \/>\nFormat: 16.5&#215;23.5cm<br \/>\nLiczba stron: 152<br \/>\nWydanie: 2<br \/>\nRok wydania: 2024<br \/>\nJ\u0119zyk wydania: polski<\/p>\n<p>Publikacja stanowi kompendium wiedzy o rynku finansowym. Obok tre\u015bci opisowych, dotycz\u0105cych w szczeg\u00f3lno\u015bci podzia\u0142u rynku finansowego na kolejne segmenty operacyjne i ich charakterystyki, przedstawiono w niej r\u00f3wnie\u017c matematyczne podstawy kalkulacji warto\u015bci pieni\u0105dza w czasie oraz wyceny i rozlicze\u0144 dotycz\u0105cych podstawowych instrument\u00f3w finansowych dost\u0119pnych na wsp\u00f3\u0142czesnym rynku finansowym. Z tego te\u017c wzgl\u0119du niniejsz\u0105 pozycj\u0119 mo\u017cna traktowa\u0107 jako pomoc w nauczaniu przedmiot\u00f3w poruszaj\u0105cych tematyk\u0119 rynku finansowego, czy te\u017c matematyki finansowej student\u00f3w uczelni ekonomicznych oraz student\u00f3w wydzia\u0142\u00f3w ekonomicznych politechnik i uniwersytet\u00f3w.<\/p>\n<p>Ksi\u0105\u017cka sk\u0142ada si\u0119 z siedmiu rozdzia\u0142\u00f3w:<br \/>\n&#8211; w rozdziale pierwszym przedstawiono podstawowe zagadnienia (definicje, klasyfikacje, cechy charakterystyczne), dotycz\u0105ce rynk\u00f3w, instrument\u00f3w i instytucji finansowych;<br \/>\n&#8211; w rozdziale drugim przybli\u017cono koncepcj\u0119 warto\u015bci pieni\u0105dza w czasie z uwzgl\u0119dnieniem modeli oprocentowania prostego i sk\u0142adanego, rachunku rent oraz ratalnej sp\u0142aty d\u0142ugu;<br \/>\n&#8211; w dalszych pi\u0119ciu rozdzia\u0142ach skoncentrowano si\u0119 na podstawowych segmentach operacyjnych rynku finansowego \u2013 rynku pieni\u0119\u017cnym, depozytowo-kredytowym, kapita\u0142owym, walutowym oraz rynku instrument\u00f3w pochodnych.<\/p>\n<p>Ka\u017cdy z rozdzia\u0142\u00f3w od drugiego do si\u00f3dmego zaczyna si\u0119 zwi\u0119z\u0142ym, opisowym wprowadzeniem, po kt\u00f3rym nast\u0119puje wykaz kluczowych dla danej tematyki poj\u0119\u0107 i zagadnie\u0144, wzor\u00f3w, zada\u0144 do samodzielnego rozwi\u0105zania oraz odpowiedzi.<\/p>\n","protected":false},"excerpt":{"rendered":"<p>Autor: Tomasz L. Nawrocki Wydawca: CeDeWu Oprawa: Mi\u0119kka Format: 16.5&#215;23.5cm [&hellip;]<\/p>\n","protected":false},"featured_media":18109,"template":"","meta":[],"product_brand":[],"product_cat":[20,17,7499,7504],"product_tag":[411,337,1838],"class_list":{"0":"post-18108","1":"product","2":"type-product","3":"status-publish","4":"has-post-thumbnail","6":"product_cat-bankowosc","7":"product_cat-ekonomia","8":"product_cat-makro-i-mikroekonomia","9":"product_cat-rynek-pieniezny-i-kapitalowy","10":"product_tag-bankowosc","11":"product_tag-ekonomia","12":"product_tag-rynek-finansowy","14":"first","15":"instock","16":"sale","17":"shipping-taxable","18":"purchasable","19":"product-type-simple"},"_links":{"self":[{"href":"https:\/\/ksiegarnia-akademicka.pl\/index.php\/wp-json\/wp\/v2\/product\/18108","targetHints":{"allow":["GET"]}}],"collection":[{"href":"https:\/\/ksiegarnia-akademicka.pl\/index.php\/wp-json\/wp\/v2\/product"}],"about":[{"href":"https:\/\/ksiegarnia-akademicka.pl\/index.php\/wp-json\/wp\/v2\/types\/product"}],"wp:featuredmedia":[{"embeddable":true,"href":"https:\/\/ksiegarnia-akademicka.pl\/index.php\/wp-json\/wp\/v2\/media\/18109"}],"wp:attachment":[{"href":"https:\/\/ksiegarnia-akademicka.pl\/index.php\/wp-json\/wp\/v2\/media?parent=18108"}],"wp:term":[{"taxonomy":"product_brand","embeddable":true,"href":"https:\/\/ksiegarnia-akademicka.pl\/index.php\/wp-json\/wp\/v2\/product_brand?post=18108"},{"taxonomy":"product_cat","embeddable":true,"href":"https:\/\/ksiegarnia-akademicka.pl\/index.php\/wp-json\/wp\/v2\/product_cat?post=18108"},{"taxonomy":"product_tag","embeddable":true,"href":"https:\/\/ksiegarnia-akademicka.pl\/index.php\/wp-json\/wp\/v2\/product_tag?post=18108"}],"curies":[{"name":"wp","href":"https:\/\/api.w.org\/{rel}","templated":true}]}}