{"id":18089,"date":"2024-05-06T09:37:36","date_gmt":"2024-05-06T07:37:36","guid":{"rendered":"http:\/\/ksiegarnia-akademicka.pl\/?post_type=product&#038;p=18089"},"modified":"2024-05-06T09:37:37","modified_gmt":"2024-05-06T07:37:37","slug":"jak-napisac-prace-dyplomowa-poradnik-dla-humanistow","status":"publish","type":"product","link":"https:\/\/ksiegarnia-akademicka.pl\/index.php\/product\/jak-napisac-prace-dyplomowa-poradnik-dla-humanistow\/","title":{"rendered":"Jak napisa\u0107 prac\u0119 dyplomow\u0105 Poradnik dla humanist\u00f3w"},"content":{"rendered":"<p>Autor:<br \/>\nUmberto Eco<br \/>\nT\u0142umacze: Jurkowlaniec Gra\u017cyna<br \/>\nWydawca: Wydawnictwa Uniwersytetu Warszawskiego<br \/>\nOprawa: Mi\u0119kka<br \/>\nFormat: 15.0&#215;21.0cm<br \/>\nLiczba stron: 276<br \/>\nWydanie: 1<br \/>\nRok wydania: 2007<br \/>\nJ\u0119zyk wydania: polski<\/p>\n<p>Ksi\u0105\u017cka Umberto Eco, w\u0142oskiego semiotyka i estetyka, profesora wielu uniwersytet\u00f3w (m.in. we Florencji i Bolonii), zosta\u0142a pomy\u015blana jako poradnik dla student\u00f3w przyst\u0119puj\u0105cych do pisania pracy magisterskiej. Autor przedstawia kolejne fazy powstawania pracy, pocz\u0105wszy od wyboru promotora i sformu\u0142owania tematu, przez budowanie warsztatu pracy (kwerendy biblioteczne, sporz\u0105dzanie notatek spe\u0142niaj\u0105cych r\u00f3\u017cne funkcje), uk\u0142adanie wst\u0119pnego planu pracy, wykorzystywanie zebranego materia\u0142u, stosowanie argumentacji i dowodzenia, a\u017c po ostateczn\u0105 redakcj\u0119 tekstu oraz opatrywanie go przypisami, aneksami i bibliografi\u0105 ko\u0144cow\u0105.<br \/>\nPisanie pracy dyplomowej, niezale\u017cnie od jej tematu, jest traktowane przez Eco jako szko\u0142a metodyki i zdobywania umiej\u0119tno\u015bci, kt\u00f3re mog\u0105 si\u0119 okaza\u0107 przydatne w p\u00f3\u017aniejszym \u017cyciu zawodowym. Uczy zatem porz\u0105dkowania w\u0142asnych my\u015bli i znalezionych informacji, pozwala wypracowa\u0107 metod\u0119 pracy.<br \/>\nProstota i swoboda j\u0119zyka sprawiaj\u0105, \u017ce ksi\u0105\u017cka spe\u0142nia funkcj\u0119 poradnika dla student\u00f3w przygotowuj\u0105cych si\u0119 do pisania pracy licencjackiej, innej pracy dyplomowej czy te\u017c naukowej (jak artyku\u0142y, recenzje).<\/p>\n","protected":false},"excerpt":{"rendered":"<p>Autor: Umberto Eco T\u0142umacze: Jurkowlaniec Gra\u017cyna Wydawca: Wydawnictwa Uniwersytetu Warszawskiego [&hellip;]<\/p>\n","protected":false},"featured_media":18090,"template":"","meta":[],"product_brand":[],"product_cat":[28,7994],"product_tag":[46,1195],"class_list":{"0":"post-18089","1":"product","2":"type-product","3":"status-publish","4":"has-post-thumbnail","6":"product_cat-pedagogika","7":"product_cat-poradniki","8":"product_tag-dydaktyka","9":"product_tag-edukacja","11":"first","12":"instock","13":"sale","14":"shipping-taxable","15":"purchasable","16":"product-type-simple"},"_links":{"self":[{"href":"https:\/\/ksiegarnia-akademicka.pl\/index.php\/wp-json\/wp\/v2\/product\/18089","targetHints":{"allow":["GET"]}}],"collection":[{"href":"https:\/\/ksiegarnia-akademicka.pl\/index.php\/wp-json\/wp\/v2\/product"}],"about":[{"href":"https:\/\/ksiegarnia-akademicka.pl\/index.php\/wp-json\/wp\/v2\/types\/product"}],"wp:featuredmedia":[{"embeddable":true,"href":"https:\/\/ksiegarnia-akademicka.pl\/index.php\/wp-json\/wp\/v2\/media\/18090"}],"wp:attachment":[{"href":"https:\/\/ksiegarnia-akademicka.pl\/index.php\/wp-json\/wp\/v2\/media?parent=18089"}],"wp:term":[{"taxonomy":"product_brand","embeddable":true,"href":"https:\/\/ksiegarnia-akademicka.pl\/index.php\/wp-json\/wp\/v2\/product_brand?post=18089"},{"taxonomy":"product_cat","embeddable":true,"href":"https:\/\/ksiegarnia-akademicka.pl\/index.php\/wp-json\/wp\/v2\/product_cat?post=18089"},{"taxonomy":"product_tag","embeddable":true,"href":"https:\/\/ksiegarnia-akademicka.pl\/index.php\/wp-json\/wp\/v2\/product_tag?post=18089"}],"curies":[{"name":"wp","href":"https:\/\/api.w.org\/{rel}","templated":true}]}}