{"id":18087,"date":"2024-05-06T09:33:05","date_gmt":"2024-05-06T07:33:05","guid":{"rendered":"http:\/\/ksiegarnia-akademicka.pl\/?post_type=product&#038;p=18087"},"modified":"2024-05-06T09:33:06","modified_gmt":"2024-05-06T07:33:06","slug":"leki-po-dyplomie-weterynaria-2024","status":"publish","type":"product","link":"https:\/\/ksiegarnia-akademicka.pl\/index.php\/product\/leki-po-dyplomie-weterynaria-2024\/","title":{"rendered":"Leki po Dyplomie Weterynaria 2024"},"content":{"rendered":"<p>Wydawca: Medical Tribune<br \/>\nOprawa: Mi\u0119kka<br \/>\nFormat: 19.3&#215;12.7cm<br \/>\nLiczba stron: 1216<br \/>\nRok wydania: 2024<br \/>\nJ\u0119zyk wydania: polski<\/p>\n<p>Leki po Dyplomie Weterynaria 2024 to kolejne wydanie podr\u0119cznego informatora o dost\u0119pnych w Polsce lekach Rp. i OTC stosowanych w weterynarii.<br \/>\nOpisy lek\u00f3w powsta\u0142y na podstawie dokument\u00f3w z Urz\u0119du Rejestracji Produkt\u00f3w Leczniczych i obejmuj\u0105: wskazania, przeciwwskazania, ostrze\u017cenia, dzia\u0142ania niepo\u017c\u0105dane, okres karencji, stosowanie w okresie ci\u0105\u017cy, laktacji i nie\u015bno\u015bci, dawkowanie oraz informacje o terminie wa\u017cno\u015bci i warunkach przechowywania. Uwzgl\u0119dniono r\u00f3wnie\u017c postaci i dawki preparat\u00f3w, a tak\u017ce wielko\u015bci opakowa\u0144 dost\u0119pnych na rynku.<br \/>\nW obecnym wydaniu opisano oko\u0142o 1440 preparat\u00f3w, opr\u00f3cz lek\u00f3w r\u00f3wnie\u017c inne wybrane preparaty promowane przez firmy farmaceutyczne.<br \/>\nW por\u00f3wnaniu do poprzedniego wydania usuni\u0119to leki wycofane ze sprzeda\u017cy i dodano ponad 30 opis\u00f3w nowych lek\u00f3w.<br \/>\nWszystkie preparaty wymienione w ksi\u0105\u017cce Leki po Dyplomie Weterynaria zestawiono w trzech indeksach:<br \/>\n1. wykaz substancji czynnych i preparat\u00f3w<br \/>\n2. wykaz preparat\u00f3w wed\u0142ug klasyfikacji anatomiczno-terapeutyczno-chemicznej (ATC)<br \/>\n3. wykaz preparat\u00f3w wed\u0142ug gatunk\u00f3w zwierz\u0105t<\/p>\n","protected":false},"excerpt":{"rendered":"<p>Wydawca: Medical Tribune Oprawa: Mi\u0119kka Format: 19.3&#215;12.7cm Liczba stron: 1216 [&hellip;]<\/p>\n","protected":false},"featured_media":18088,"template":"","meta":[],"product_brand":[],"product_cat":[8037,7493,8300],"product_tag":[4269,8301,7859],"class_list":{"0":"post-18087","1":"product","2":"type-product","3":"status-publish","4":"has-post-thumbnail","6":"product_cat-farmacja","7":"product_cat-medycyna","8":"product_cat-weterynaria","9":"product_tag-farmacja","10":"product_tag-leki-po-dyplomie","11":"product_tag-weterynaria","13":"first","14":"instock","15":"sale","16":"shipping-taxable","17":"purchasable","18":"product-type-simple"},"_links":{"self":[{"href":"https:\/\/ksiegarnia-akademicka.pl\/index.php\/wp-json\/wp\/v2\/product\/18087","targetHints":{"allow":["GET"]}}],"collection":[{"href":"https:\/\/ksiegarnia-akademicka.pl\/index.php\/wp-json\/wp\/v2\/product"}],"about":[{"href":"https:\/\/ksiegarnia-akademicka.pl\/index.php\/wp-json\/wp\/v2\/types\/product"}],"wp:featuredmedia":[{"embeddable":true,"href":"https:\/\/ksiegarnia-akademicka.pl\/index.php\/wp-json\/wp\/v2\/media\/18088"}],"wp:attachment":[{"href":"https:\/\/ksiegarnia-akademicka.pl\/index.php\/wp-json\/wp\/v2\/media?parent=18087"}],"wp:term":[{"taxonomy":"product_brand","embeddable":true,"href":"https:\/\/ksiegarnia-akademicka.pl\/index.php\/wp-json\/wp\/v2\/product_brand?post=18087"},{"taxonomy":"product_cat","embeddable":true,"href":"https:\/\/ksiegarnia-akademicka.pl\/index.php\/wp-json\/wp\/v2\/product_cat?post=18087"},{"taxonomy":"product_tag","embeddable":true,"href":"https:\/\/ksiegarnia-akademicka.pl\/index.php\/wp-json\/wp\/v2\/product_tag?post=18087"}],"curies":[{"name":"wp","href":"https:\/\/api.w.org\/{rel}","templated":true}]}}