{"id":18017,"date":"2024-04-22T12:02:38","date_gmt":"2024-04-22T10:02:38","guid":{"rendered":"http:\/\/ksiegarnia-akademicka.pl\/?post_type=product&#038;p=18017"},"modified":"2024-04-22T12:02:38","modified_gmt":"2024-04-22T10:02:38","slug":"opodatkowanie-najmu-nieruchomosci","status":"publish","type":"product","link":"https:\/\/ksiegarnia-akademicka.pl\/index.php\/product\/opodatkowanie-najmu-nieruchomosci\/","title":{"rendered":"Opodatkowanie najmu nieruchomo\u015bci"},"content":{"rendered":"<p>Autor:<br \/>\nRafa\u0142 Styczy\u0144ski<br \/>\nWydawca: Wolters Kluwer<br \/>\nOprawa: Mi\u0119kka<br \/>\nLiczba stron: 372<br \/>\nWydanie: 2<br \/>\nRok wydania: 2024<br \/>\nJ\u0119zyk wydania: polski<\/p>\n<p>W poradniku w spos\u00f3b kompleksowy om\u00f3wiono problematyk\u0119 najmu kr\u00f3tkoterminowego i najmu d\u0142ugoterminowego nieruchomo\u015bci oraz sposoby ich rozliczania na gruncie prawa podatkowego. Poruszono r\u00f3wnie\u017c kwestie dotycz\u0105ce os\u00f3b rozliczaj\u0105cych przychody z najmu zar\u00f3wno w dzia\u0142alno\u015bci gospodarczej, jak i prywatnie. Opracowanie ma charakter przekrojowy i odnosi si\u0119 do podatku dochodowego od os\u00f3b fizycznych, od towar\u00f3w i us\u0142ug oraz od nieruchomo\u015bci.<\/p>\n<p>Zaprezentowano r\u00f3wnie\u017c zagadnienia zwi\u0105zane ze sprzeda\u017c\u0105 nieruchomo\u015bci oraz obowi\u0105zki rachunkowo-podatkowe.<br \/>\nPonadto w ksi\u0105\u017cce zamieszczono pytania z odpowiedziami, kt\u00f3re dotycz\u0105 najcz\u0119\u015bciej pojawiaj\u0105cych si\u0119 problem\u00f3w zwi\u0105zanych z rozliczeniem najmu.<\/p>\n<p>W poradniku znajduj\u0105 si\u0119 aktualne orzeczenia s\u0105d\u00f3w administracyjnych oraz interpretacje podatkowe, kt\u00f3re b\u0119d\u0105 pomocne w ewentualnym sporze z fiskusem. Ksi\u0105\u017cka zosta\u0142a napisana na podstawie wieloletnich do\u015bwiadcze\u0144 autora w obszarze rozliczania i doradztwa podatkowego w zakresie najmu.<\/p>\n","protected":false},"excerpt":{"rendered":"<p>Autor: Rafa\u0142 Styczy\u0144ski Wydawca: Wolters Kluwer Oprawa: Mi\u0119kka Liczba stron: [&hellip;]<\/p>\n","protected":false},"featured_media":18018,"template":"","meta":[],"product_brand":[],"product_cat":[34,22],"product_tag":[5656,1055],"class_list":{"0":"post-18017","1":"product","2":"type-product","3":"status-publish","4":"has-post-thumbnail","6":"product_cat-nieruchomosci","7":"product_cat-podatki-i-prawo-podatkowe","8":"product_tag-prawo-nieruchomosci","9":"product_tag-prawo-podatkowe","11":"first","12":"instock","13":"sale","14":"shipping-taxable","15":"purchasable","16":"product-type-simple"},"_links":{"self":[{"href":"https:\/\/ksiegarnia-akademicka.pl\/index.php\/wp-json\/wp\/v2\/product\/18017","targetHints":{"allow":["GET"]}}],"collection":[{"href":"https:\/\/ksiegarnia-akademicka.pl\/index.php\/wp-json\/wp\/v2\/product"}],"about":[{"href":"https:\/\/ksiegarnia-akademicka.pl\/index.php\/wp-json\/wp\/v2\/types\/product"}],"wp:featuredmedia":[{"embeddable":true,"href":"https:\/\/ksiegarnia-akademicka.pl\/index.php\/wp-json\/wp\/v2\/media\/18018"}],"wp:attachment":[{"href":"https:\/\/ksiegarnia-akademicka.pl\/index.php\/wp-json\/wp\/v2\/media?parent=18017"}],"wp:term":[{"taxonomy":"product_brand","embeddable":true,"href":"https:\/\/ksiegarnia-akademicka.pl\/index.php\/wp-json\/wp\/v2\/product_brand?post=18017"},{"taxonomy":"product_cat","embeddable":true,"href":"https:\/\/ksiegarnia-akademicka.pl\/index.php\/wp-json\/wp\/v2\/product_cat?post=18017"},{"taxonomy":"product_tag","embeddable":true,"href":"https:\/\/ksiegarnia-akademicka.pl\/index.php\/wp-json\/wp\/v2\/product_tag?post=18017"}],"curies":[{"name":"wp","href":"https:\/\/api.w.org\/{rel}","templated":true}]}}