{"id":18010,"date":"2024-04-17T13:30:28","date_gmt":"2024-04-17T11:30:28","guid":{"rendered":"http:\/\/ksiegarnia-akademicka.pl\/?post_type=product&#038;p=18010"},"modified":"2024-04-17T13:30:30","modified_gmt":"2024-04-17T11:30:30","slug":"techniki-rozwiazan-optymalizacyjnych-przyklady-zastosowan","status":"publish","type":"product","link":"https:\/\/ksiegarnia-akademicka.pl\/index.php\/product\/techniki-rozwiazan-optymalizacyjnych-przyklady-zastosowan\/","title":{"rendered":"Techniki rozwi\u0105za\u0144 optymalizacyjnych Przyk\u0142ady zastosowa\u0144"},"content":{"rendered":"<p>Autor:<br \/>\nW\u0142adys\u0142aw Wornalkiewicz<br \/>\nWydawca: Wydawnictwo Naukowe PWN<br \/>\nOprawa: Mi\u0119kka<br \/>\nFormat: 16.5&#215;23.5cm<br \/>\nLiczba stron: 250<br \/>\nWydanie: 1<br \/>\nRok wydania: 2024<br \/>\nJ\u0119zyk wydania: polski<\/p>\n<p>Nowy podr\u0119cznik akademicki do \u0107wicze\u0144 z zastosowaniem komputera z zakresu przedmiot\u00f3w: Badania operacyjne, Optymalizacja decyzji zarz\u0105dczych i gospodarczych, Informatyka w zarzadzaniu. Podr\u0119cznik bazuje na metodach matematycznych z zakresu ekonometrii i optymalizacji. Rozwi\u0105zywanie zada\u0144 decyzyjnych z zastosowaniem metod komputerowych jest szczeg\u00f3lnie istotne dla student\u00f3w kierunk\u00f3w Zarz\u0105dzanie oraz Logistyka. Zadania te bazuj\u0105 g\u0142\u00f3wnie na algorytmie simpleks. W tym wzgl\u0119dzie na szczeg\u00f3ln\u0105 uwag\u0119 zas\u0142uguje dodatek Solver do arkusza kalkulacyjnego Excel.Warto pami\u0119ta\u0107 te\u017c o zastosowaniu pakietu WinQSB oraz innych nowszych aplikacjach, cz\u0119sto ju\u017c komercyjnych, stanowi\u0105cych oprogramowanie procedur optymalizacyjnych. Dlatego autorzy w ksi\u0105\u017cce dokonuj\u0105 implementacji i zestawienia wcze\u015bniejszych rozwi\u0105za\u0144 zada\u0144 decyzyjnych z zastosowaniem Solvera, WinQSB, modu\u0142\u00f3w pakietu R oraz aplikacji PROMETHEE-GAIA. Prezentuj\u0105 r\u00f3wnie\u017c przyk\u0142ady, pocz\u0105wszy od tych stosowanych w dydaktyce przedmiotu Optymalizacja decyzji gospodarczych, po rozwi\u0105zania typu marszrutyzacja przewoz\u00f3w, iteracyjna optymalizacja parametr\u00f3w w wybranych modelach prognozowania, w tym modelu Holta. Na szczeg\u00f3ln\u0105 uwag\u0119 zas\u0142uguje rozdzia\u0142 \u201eSztuczna inteligencja\u201d w kt\u00f3rym pokazano, jak skorzysta\u0107 z nowej aplikacji, wspomagaj\u0105cej badacza, jak\u0105 jest CzatGPT.<\/p>\n","protected":false},"excerpt":{"rendered":"<p>Autor: W\u0142adys\u0142aw Wornalkiewicz Wydawca: Wydawnictwo Naukowe PWN Oprawa: Mi\u0119kka Format: [&hellip;]<\/p>\n","protected":false},"featured_media":18011,"template":"","meta":[],"product_brand":[],"product_cat":[7511,30],"product_tag":[1292,541],"class_list":{"0":"post-18010","1":"product","2":"type-product","3":"status-publish","4":"has-post-thumbnail","6":"product_cat-kierowanie-i-zarzadzanie","7":"product_cat-zarzadzanie","8":"product_tag-organizacja","9":"product_tag-zarzadzanie","11":"first","12":"instock","13":"sale","14":"shipping-taxable","15":"purchasable","16":"product-type-simple"},"_links":{"self":[{"href":"https:\/\/ksiegarnia-akademicka.pl\/index.php\/wp-json\/wp\/v2\/product\/18010","targetHints":{"allow":["GET"]}}],"collection":[{"href":"https:\/\/ksiegarnia-akademicka.pl\/index.php\/wp-json\/wp\/v2\/product"}],"about":[{"href":"https:\/\/ksiegarnia-akademicka.pl\/index.php\/wp-json\/wp\/v2\/types\/product"}],"wp:featuredmedia":[{"embeddable":true,"href":"https:\/\/ksiegarnia-akademicka.pl\/index.php\/wp-json\/wp\/v2\/media\/18011"}],"wp:attachment":[{"href":"https:\/\/ksiegarnia-akademicka.pl\/index.php\/wp-json\/wp\/v2\/media?parent=18010"}],"wp:term":[{"taxonomy":"product_brand","embeddable":true,"href":"https:\/\/ksiegarnia-akademicka.pl\/index.php\/wp-json\/wp\/v2\/product_brand?post=18010"},{"taxonomy":"product_cat","embeddable":true,"href":"https:\/\/ksiegarnia-akademicka.pl\/index.php\/wp-json\/wp\/v2\/product_cat?post=18010"},{"taxonomy":"product_tag","embeddable":true,"href":"https:\/\/ksiegarnia-akademicka.pl\/index.php\/wp-json\/wp\/v2\/product_tag?post=18010"}],"curies":[{"name":"wp","href":"https:\/\/api.w.org\/{rel}","templated":true}]}}