{"id":17984,"date":"2024-04-17T12:56:44","date_gmt":"2024-04-17T10:56:44","guid":{"rendered":"http:\/\/ksiegarnia-akademicka.pl\/?post_type=product&#038;p=17984"},"modified":"2024-04-17T12:56:45","modified_gmt":"2024-04-17T10:56:45","slug":"badanie-fizykalne-w-pielegniarstwie-podmiotowe-i-przedmiotowe","status":"publish","type":"product","link":"https:\/\/ksiegarnia-akademicka.pl\/index.php\/product\/badanie-fizykalne-w-pielegniarstwie-podmiotowe-i-przedmiotowe\/","title":{"rendered":"Badanie fizykalne w piel\u0119gniarstwie Podmiotowe i przedmiotowe"},"content":{"rendered":"<p>Autor:<br \/>\nDanuta Dyk<br \/>\nRedakcja: Dyk Danuta<br \/>\nWydawca: PZWL<br \/>\nOprawa: Mi\u0119kka<br \/>\nFormat: 16.5&#215;23.5cm<br \/>\nLiczba stron: 405<br \/>\nWydanie: 2<br \/>\nRok wydania: 2024<br \/>\nJ\u0119zyk wydania: polski<\/p>\n<p>Ocena stanu pacjenta na podstawie wynik\u00f3w badania podmiotowego i przedmiotowego to podstawowe kwalifikacje absolwenta kierunku piel\u0119gniarstwo, a jednocze\u015bnie pierwszy i kluczowy etap procesu opieki.<br \/>\nW ka\u017cdym rozdziale publikacji uwzgl\u0119dniono elementarne zagadnienia dotycz\u0105ce anatomii, zasad i sposobu badania oraz dokumentacj\u0119 wynik\u00f3w w uj\u0119ciu tabelarycznym. W dokumentacji wynik\u00f3w badania podmiotowego i przedmiotowego na tle cech prawid\u0142owych uwzgl\u0119dniono objawy chorobowe w obr\u0119bie uk\u0142adu czy narz\u0105du. Poszczeg\u00f3lne techniki bada\u0144 zosta\u0142y dok\u0142adnie zilustrowane.<br \/>\nNowe wydanie zosta\u0142o zaktualizowane i poszerzone o 2 nowe rozdzia\u0142y: jeden z nich dotyczy odr\u0119bno\u015bci badania podmiotowego i przedmiotowego osoby w wieku geriatrycznym, drugi \u2013 jak uzyskane wyniki badania podmiotowego i przedmiotowego dokumentowa\u0107 i zastosowa\u0107 do oceny sytuacji zdrowotnej pacjenta.<br \/>\nPublikacja niezb\u0119dna na ka\u017cdym etapie kszta\u0142cenia piel\u0119gniarek i po\u0142o\u017cnych, a tak\u017ce w codziennej praktyce.<\/p>\n","protected":false},"excerpt":{"rendered":"<p>Autor: Danuta Dyk Redakcja: Dyk Danuta Wydawca: PZWL Oprawa: Mi\u0119kka [&hellip;]<\/p>\n","protected":false},"featured_media":17985,"template":"","meta":[],"product_brand":[],"product_cat":[7493,7965],"product_tag":[8292,4645],"class_list":{"0":"post-17984","1":"product","2":"type-product","3":"status-publish","4":"has-post-thumbnail","6":"product_cat-medycyna","7":"product_cat-pielegniarstwo","8":"product_tag-badania-fizykalne","9":"product_tag-pielegniarstwo","11":"first","12":"instock","13":"sale","14":"shipping-taxable","15":"purchasable","16":"product-type-simple"},"_links":{"self":[{"href":"https:\/\/ksiegarnia-akademicka.pl\/index.php\/wp-json\/wp\/v2\/product\/17984","targetHints":{"allow":["GET"]}}],"collection":[{"href":"https:\/\/ksiegarnia-akademicka.pl\/index.php\/wp-json\/wp\/v2\/product"}],"about":[{"href":"https:\/\/ksiegarnia-akademicka.pl\/index.php\/wp-json\/wp\/v2\/types\/product"}],"wp:featuredmedia":[{"embeddable":true,"href":"https:\/\/ksiegarnia-akademicka.pl\/index.php\/wp-json\/wp\/v2\/media\/17985"}],"wp:attachment":[{"href":"https:\/\/ksiegarnia-akademicka.pl\/index.php\/wp-json\/wp\/v2\/media?parent=17984"}],"wp:term":[{"taxonomy":"product_brand","embeddable":true,"href":"https:\/\/ksiegarnia-akademicka.pl\/index.php\/wp-json\/wp\/v2\/product_brand?post=17984"},{"taxonomy":"product_cat","embeddable":true,"href":"https:\/\/ksiegarnia-akademicka.pl\/index.php\/wp-json\/wp\/v2\/product_cat?post=17984"},{"taxonomy":"product_tag","embeddable":true,"href":"https:\/\/ksiegarnia-akademicka.pl\/index.php\/wp-json\/wp\/v2\/product_tag?post=17984"}],"curies":[{"name":"wp","href":"https:\/\/api.w.org\/{rel}","templated":true}]}}