{"id":17959,"date":"2024-04-11T09:01:10","date_gmt":"2024-04-11T07:01:10","guid":{"rendered":"http:\/\/ksiegarnia-akademicka.pl\/?post_type=product&#038;p=17959"},"modified":"2024-04-11T09:01:10","modified_gmt":"2024-04-11T07:01:10","slug":"sprawiedliwosc-wolnosc-i-subsydiarnosc-jako-komponenty-bezpieczenstwa-spolecznego","status":"publish","type":"product","link":"https:\/\/ksiegarnia-akademicka.pl\/index.php\/product\/sprawiedliwosc-wolnosc-i-subsydiarnosc-jako-komponenty-bezpieczenstwa-spolecznego\/","title":{"rendered":"Sprawiedliwo\u015b\u0107, wolno\u015b\u0107 i subsydiarno\u015b\u0107 jako komponenty bezpiecze\u0144stwa spo\u0142ecznego"},"content":{"rendered":"<p>Autor:<br \/>\nJanusz Gierszewski<br \/>\nWydawca: Difin<br \/>\nOprawa: Mi\u0119kka<br \/>\nLiczba stron: 252<br \/>\nRok wydania: 2024<br \/>\nJ\u0119zyk wydania: polski<\/p>\n<p>Ksi\u0105\u017cka zawiera refleksj\u0119 na temat z\u0142o\u017conej relacji mi\u0119dzy: sprawiedliwo\u015bci\u0105, wolno\u015bci\u0105 i zasad\u0105 subsydiarno\u015bci a bezpiecze\u0144stwem spo\u0142ecznym. Stanowi istotne \u017ar\u00f3d\u0142o wiedzy dla wszystkich zainteresowanych zagadnieniem bezpiecze\u0144stwa spo\u0142ecznego oraz roli tych fundamentalnych warto\u015bci w kszta\u0142towaniu \u0142adu spo\u0142ecznego w pa\u0144stwie.<\/p>\n","protected":false},"excerpt":{"rendered":"<p>Autor: Janusz Gierszewski Wydawca: Difin Oprawa: Mi\u0119kka Liczba stron: 252 [&hellip;]<\/p>\n","protected":false},"featured_media":17960,"template":"","meta":[],"product_brand":[],"product_cat":[8250],"product_tag":[6308,3809],"class_list":{"0":"post-17959","1":"product","2":"type-product","3":"status-publish","4":"has-post-thumbnail","6":"product_cat-bezpieczenstwo-wewnetrzne","7":"product_tag-bezpieczenstwo-spoleczne","8":"product_tag-bezpieczenstwo-wewnetrzne","10":"first","11":"instock","12":"sale","13":"shipping-taxable","14":"purchasable","15":"product-type-simple"},"_links":{"self":[{"href":"https:\/\/ksiegarnia-akademicka.pl\/index.php\/wp-json\/wp\/v2\/product\/17959","targetHints":{"allow":["GET"]}}],"collection":[{"href":"https:\/\/ksiegarnia-akademicka.pl\/index.php\/wp-json\/wp\/v2\/product"}],"about":[{"href":"https:\/\/ksiegarnia-akademicka.pl\/index.php\/wp-json\/wp\/v2\/types\/product"}],"wp:featuredmedia":[{"embeddable":true,"href":"https:\/\/ksiegarnia-akademicka.pl\/index.php\/wp-json\/wp\/v2\/media\/17960"}],"wp:attachment":[{"href":"https:\/\/ksiegarnia-akademicka.pl\/index.php\/wp-json\/wp\/v2\/media?parent=17959"}],"wp:term":[{"taxonomy":"product_brand","embeddable":true,"href":"https:\/\/ksiegarnia-akademicka.pl\/index.php\/wp-json\/wp\/v2\/product_brand?post=17959"},{"taxonomy":"product_cat","embeddable":true,"href":"https:\/\/ksiegarnia-akademicka.pl\/index.php\/wp-json\/wp\/v2\/product_cat?post=17959"},{"taxonomy":"product_tag","embeddable":true,"href":"https:\/\/ksiegarnia-akademicka.pl\/index.php\/wp-json\/wp\/v2\/product_tag?post=17959"}],"curies":[{"name":"wp","href":"https:\/\/api.w.org\/{rel}","templated":true}]}}