{"id":17949,"date":"2024-04-10T09:04:39","date_gmt":"2024-04-10T07:04:39","guid":{"rendered":"http:\/\/ksiegarnia-akademicka.pl\/?post_type=product&#038;p=17949"},"modified":"2024-12-05T09:32:00","modified_gmt":"2024-12-05T08:32:00","slug":"dlug-i-niewyplacalnosc-analiza-na-czas-kryzysu","status":"publish","type":"product","link":"https:\/\/ksiegarnia-akademicka.pl\/index.php\/product\/dlug-i-niewyplacalnosc-analiza-na-czas-kryzysu\/","title":{"rendered":"D\u0142ug i niewyp\u0142acalno\u015b\u0107. Analiza na czas kryzysu"},"content":{"rendered":"<p>Autor:<br \/>\nRafa\u0142 Adamus<br \/>\nWydawca: C.H. Beck<br \/>\nOprawa: Mi\u0119kka ze skrzyde\u0142kami<br \/>\nFormat: 14.0&#215;22.0cm<br \/>\nLiczba stron: 254<br \/>\nRok wydania: 2023<br \/>\nJ\u0119zyk wydania: polski<\/p>\n<p>Publikacja opisuje problem d\u0142ugu i niewyp\u0142acalno\u015bci w uj\u0119ciu historycznym i wsp\u00f3\u0142czesnym, a tak\u017ce przedstawia prawdopodobne scenariusze na przysz\u0142o\u015b\u0107. D\u0142ug i niewyp\u0142acalno\u015b\u0107 zosta\u0142y przy tym przedstawione w szerszej perspektywie ni\u017c tylko jako zjawisko prawne, poniewa\u017c d\u0142ug jest fundamentem wsp\u00f3\u0142czesnej cywilizacji finansowej. W zasadzie ka\u017cdy cz\u0142owiek na przestrzeni swojego \u017cycia, w spos\u00f3b \u015bwiadomy b\u0105d\u017a machinalny, czyni u\u017cytek z konstrukcji d\u0142ugu.<\/p>\n<p>W historii d\u0142ugu nast\u0119powa\u0142y pewne cykle historyczne. Wszystko wskazuje na to, \u017ce obecnie r\u00f3wnie\u017c zachodzi taki proces, ale zmiany nast\u0105pi\u0105 szybciej i b\u0119d\u0105 g\u0142\u0119bsze ni\u017c dotychczas.<\/p>\n<p>Publikacja podzielona jest na kilka cz\u0119\u015bci:<\/p>\n<p>zagadnienia wprowadzaj\u0105ce,<br \/>\nwycinki z historii (celem wyci\u0105gni\u0119cia wniosk\u00f3w dla tera\u017aniejszo\u015bci i przysz\u0142o\u015bci),<br \/>\nupad\u0142o\u015b\u0107 gospodarstw domowych,<br \/>\nupad\u0142o\u015b\u0107 biznesu,<br \/>\nniewyp\u0142acalno\u015b\u0107 pa\u0144stw,<br \/>\nprawdopodobne scenariusze na przysz\u0142o\u015b\u0107,<br \/>\nrekomendacje co do sposobu zabezpieczenia maj\u0105tku na wypadek kryzysu.<\/p>\n<p>Publikacja zosta\u0142a napisana przyst\u0119pnym j\u0119zykiem i jest adresowana do szerokiego kr\u0119gu odbiorc\u00f3w, nie tylko prawnik\u00f3w czy ekonomist\u00f3w, ale do wszystkich os\u00f3b zainteresowanych stanem pieni\u0105dza oraz problemem d\u0142ugu.<\/p>\n","protected":false},"excerpt":{"rendered":"<p>Autor: Rafa\u0142 Adamus Wydawca: C.H. Beck Oprawa: Mi\u0119kka ze skrzyde\u0142kami [&hellip;]<\/p>\n","protected":false},"featured_media":17950,"template":"","meta":[],"product_brand":[],"product_cat":[7495,18],"product_tag":[422,428,429],"class_list":{"0":"post-17949","1":"product","2":"type-product","3":"status-publish","4":"has-post-thumbnail","6":"product_cat-gospodarcze-i-handlowe","7":"product_cat-prawo","8":"product_tag-dlug-konsumencki","9":"product_tag-prawo-gospodarcze","10":"product_tag-prawo-handlowe","12":"first","13":"instock","14":"sale","15":"shipping-taxable","16":"purchasable","17":"product-type-simple"},"_links":{"self":[{"href":"https:\/\/ksiegarnia-akademicka.pl\/index.php\/wp-json\/wp\/v2\/product\/17949","targetHints":{"allow":["GET"]}}],"collection":[{"href":"https:\/\/ksiegarnia-akademicka.pl\/index.php\/wp-json\/wp\/v2\/product"}],"about":[{"href":"https:\/\/ksiegarnia-akademicka.pl\/index.php\/wp-json\/wp\/v2\/types\/product"}],"wp:featuredmedia":[{"embeddable":true,"href":"https:\/\/ksiegarnia-akademicka.pl\/index.php\/wp-json\/wp\/v2\/media\/17950"}],"wp:attachment":[{"href":"https:\/\/ksiegarnia-akademicka.pl\/index.php\/wp-json\/wp\/v2\/media?parent=17949"}],"wp:term":[{"taxonomy":"product_brand","embeddable":true,"href":"https:\/\/ksiegarnia-akademicka.pl\/index.php\/wp-json\/wp\/v2\/product_brand?post=17949"},{"taxonomy":"product_cat","embeddable":true,"href":"https:\/\/ksiegarnia-akademicka.pl\/index.php\/wp-json\/wp\/v2\/product_cat?post=17949"},{"taxonomy":"product_tag","embeddable":true,"href":"https:\/\/ksiegarnia-akademicka.pl\/index.php\/wp-json\/wp\/v2\/product_tag?post=17949"}],"curies":[{"name":"wp","href":"https:\/\/api.w.org\/{rel}","templated":true}]}}