{"id":17904,"date":"2024-04-03T09:23:06","date_gmt":"2024-04-03T07:23:06","guid":{"rendered":"http:\/\/ksiegarnia-akademicka.pl\/?post_type=product&#038;p=17904"},"modified":"2024-04-03T09:23:06","modified_gmt":"2024-04-03T07:23:06","slug":"najciekawsze-przypadki-w-psychologii","status":"publish","type":"product","link":"https:\/\/ksiegarnia-akademicka.pl\/index.php\/product\/najciekawsze-przypadki-w-psychologii\/","title":{"rendered":"Najciekawsze przypadki w psychologii"},"content":{"rendered":"<p>Nale\u017cy do serii:<br \/>\nPSYCHOLOGIA<br \/>\nAutor:<br \/>\nGeoff Rolls<br \/>\nT\u0142umacze: Cierpisz Ma\u0142gorzata<br \/>\nWydawca: Wydawnictwo Uniwersytetu Jagiello\u0144skiego<br \/>\nOprawa: Mi\u0119kka<br \/>\nFormat: 16.0&#215;23.0cm<br \/>\nLiczba stron: 262<br \/>\nWydanie: 1<br \/>\nRok wydania: 2023<br \/>\nJ\u0119zyk wydania: polski<\/p>\n<p>Czy s\u0142yszeli\u015bcie o m\u0119\u017cczy\u017anie, kt\u00f3ry mia\u0142 obsesj\u0119 na punkcie damskich torebek? O cz\u0142owieku, kt\u00f3ry \u017cy\u0142 z dziur\u0105 w g\u0142owie? O ch\u0142opcu, kt\u00f3rego rodzice wychowywali jako dziewczynk\u0119?<br \/>\nPocz\u0105wszy od historii kobiety o wielu osobowo\u015bciach po opowie\u015b\u0107 o m\u0119\u017cczy\u017anie pozbawionym m\u00f3zgu niniejszy zbi\u00f3r najciekawszych przypadk\u00f3w w psychologii daje nam niezwyk\u0142y wgl\u0105d w tajniki umys\u0142u. Czytelnik trzyma w r\u0119ku fascynuj\u0105c\u0105 kolekcj\u0119 typ\u00f3w ludzkich. Niekt\u00f3re przypadki s\u0105 powszechnie znane i odbi\u0142y si\u0119 szerokim echem na praktyce klinicznej. O innych s\u0142yszeli nieliczni.<\/p>\n<p>Najciekawsze przypadki w psychologii to ksi\u0105\u017cka dla tych, kt\u00f3rych ciekawi\u0105 mniej typowe aspekty \u017cycia ludzkiego. Nie wymaga przygotowania ani wykszta\u0142cenia psychologicznego, wystarczy otwarty i ch\u0142onny umys\u0142. Zachwyt zmiesza si\u0119 z niedowierzaniem\u2026<\/p>\n<p>Geoff Rolls wyk\u0142ada psychologi\u0119 w Peter Symonds\u2019 College, w Winchester w Wielkiej Brytanii.<\/p>\n","protected":false},"excerpt":{"rendered":"<p>Nale\u017cy do serii: PSYCHOLOGIA Autor: Geoff Rolls T\u0142umacze: Cierpisz Ma\u0142gorzata [&hellip;]<\/p>\n","protected":false},"featured_media":17905,"template":"","meta":[],"product_brand":[],"product_cat":[27,7509],"product_tag":[1186],"class_list":{"0":"post-17904","1":"product","2":"type-product","3":"status-publish","4":"has-post-thumbnail","6":"product_cat-nauki-spoleczne","7":"product_cat-psychologia","8":"product_tag-psychologia","10":"first","11":"instock","12":"sale","13":"shipping-taxable","14":"purchasable","15":"product-type-simple"},"_links":{"self":[{"href":"https:\/\/ksiegarnia-akademicka.pl\/index.php\/wp-json\/wp\/v2\/product\/17904","targetHints":{"allow":["GET"]}}],"collection":[{"href":"https:\/\/ksiegarnia-akademicka.pl\/index.php\/wp-json\/wp\/v2\/product"}],"about":[{"href":"https:\/\/ksiegarnia-akademicka.pl\/index.php\/wp-json\/wp\/v2\/types\/product"}],"wp:featuredmedia":[{"embeddable":true,"href":"https:\/\/ksiegarnia-akademicka.pl\/index.php\/wp-json\/wp\/v2\/media\/17905"}],"wp:attachment":[{"href":"https:\/\/ksiegarnia-akademicka.pl\/index.php\/wp-json\/wp\/v2\/media?parent=17904"}],"wp:term":[{"taxonomy":"product_brand","embeddable":true,"href":"https:\/\/ksiegarnia-akademicka.pl\/index.php\/wp-json\/wp\/v2\/product_brand?post=17904"},{"taxonomy":"product_cat","embeddable":true,"href":"https:\/\/ksiegarnia-akademicka.pl\/index.php\/wp-json\/wp\/v2\/product_cat?post=17904"},{"taxonomy":"product_tag","embeddable":true,"href":"https:\/\/ksiegarnia-akademicka.pl\/index.php\/wp-json\/wp\/v2\/product_tag?post=17904"}],"curies":[{"name":"wp","href":"https:\/\/api.w.org\/{rel}","templated":true}]}}