{"id":17894,"date":"2024-04-03T09:07:31","date_gmt":"2024-04-03T07:07:31","guid":{"rendered":"http:\/\/ksiegarnia-akademicka.pl\/?post_type=product&#038;p=17894"},"modified":"2024-04-03T09:08:11","modified_gmt":"2024-04-03T07:08:11","slug":"zarzadzanie-ryzykiem-bankowym-2","status":"publish","type":"product","link":"https:\/\/ksiegarnia-akademicka.pl\/index.php\/product\/zarzadzanie-ryzykiem-bankowym-2\/","title":{"rendered":"Zarz\u0105dzanie ryzykiem bankowym"},"content":{"rendered":"<p>Redakcja: Iwanicz-Drozdowska Ma\u0142gorzata<br \/>\nWydawca: Wolters Kluwer<br \/>\nOprawa: Mi\u0119kka<br \/>\nLiczba stron: 384<br \/>\nWydanie: 3<br \/>\nRok wydania: 2024<br \/>\nJ\u0119zyk wydania: polski<\/p>\n<p>Stan prawny 1 lutego 2024 r.<br \/>\nKsi\u0105\u017cka omawia wa\u017cne i trudne zagadnienia zwi\u0105zane z ryzykiem bankowym. Przedstawia zar\u00f3wno ramy regulacyjne zwi\u0105zane z zarz\u0105dzaniem ryzykiem, jak i dok\u0142adne charakterystyki poszczeg\u00f3lnych rodzaj\u00f3w ryzyka. Wskazuje metody oceny ryzyk, z odniesieniami do do\u015bwiadcze\u0144 z praktyki i sposob\u00f3w przeciwdzia\u0142ania.<\/p>\n<p>W publikacji zwr\u00f3cono r\u00f3wnie\u017c uwag\u0119 m.in. na:<br \/>\n\u2022 ryzyko ESG, zwi\u0105zane z wdra\u017caniem koncepcji zr\u00f3wnowa\u017conego rozwoju,<br \/>\n\u2022 cyberzagro\u017cenia, wynikaj\u0105ce z zastosowania przez banki na coraz wi\u0119ksz\u0105 skal\u0119 rozwi\u0105za\u0144 cyfrowych,<br \/>\n\u2022 wiedz\u0119 potrzebn\u0105 do zarz\u0105dzania ryzykiem, kt\u00f3ra wykracza poza wiedz\u0119 ekonomiczn\u0105 i konieczne jest si\u0119ganie po rozwi\u0105zania rekomendowane przez specjalist\u00f3w z zakresu klimatologii, sztucznej inteligencji, informatyki czy te\u017c bezpiecze\u0144stwa i infrastruktury krytycznej.<\/p>\n<p>Atutem publikacji jest przekrojowe i praktyczne spojrzenie na wszystkie istotne w bankowo\u015bci rodzaje ryzyka, jak r\u00f3wnie\u017c przyk\u0142ady u\u0142atwiaj\u0105ce zrozumienie poszczeg\u00f3lnych tre\u015bci.<\/p>\n<p>Ksi\u0105\u017cka przeznaczona jest dla ekonomist\u00f3w, ksi\u0119gowych, finansist\u00f3w i bankowc\u00f3w, jak r\u00f3wnie\u017c menad\u017cer\u00f3w. Powinni po ni\u0105 si\u0119gn\u0105\u0107 tak\u017ce studenci kierunk\u00f3w zwi\u0105zanych z finansami i rachunkowo\u015bci\u0105.<\/p>\n<p>Publikacja zosta\u0142a napisana przez grono ekspert\u00f3w z zakresu ryzyka, \u0142\u0105cz\u0105c walory teoretyczne i praktyczne.<\/p>\n","protected":false},"excerpt":{"rendered":"<p>Redakcja: Iwanicz-Drozdowska Ma\u0142gorzata Wydawca: Wolters Kluwer Oprawa: Mi\u0119kka Liczba stron: [&hellip;]<\/p>\n","protected":false},"featured_media":17895,"template":"","meta":[],"product_brand":[],"product_cat":[20,7503],"product_tag":[411,4735,8283],"class_list":{"0":"post-17894","1":"product","2":"type-product","3":"status-publish","4":"has-post-thumbnail","6":"product_cat-bankowosc","7":"product_cat-bankowosc-i-prawo-bankowe","8":"product_tag-bankowosc","9":"product_tag-ryzyko-bankowe","10":"product_tag-seria-teoria-i-praktyka","12":"first","13":"instock","14":"sale","15":"shipping-taxable","16":"purchasable","17":"product-type-simple"},"_links":{"self":[{"href":"https:\/\/ksiegarnia-akademicka.pl\/index.php\/wp-json\/wp\/v2\/product\/17894","targetHints":{"allow":["GET"]}}],"collection":[{"href":"https:\/\/ksiegarnia-akademicka.pl\/index.php\/wp-json\/wp\/v2\/product"}],"about":[{"href":"https:\/\/ksiegarnia-akademicka.pl\/index.php\/wp-json\/wp\/v2\/types\/product"}],"wp:featuredmedia":[{"embeddable":true,"href":"https:\/\/ksiegarnia-akademicka.pl\/index.php\/wp-json\/wp\/v2\/media\/17895"}],"wp:attachment":[{"href":"https:\/\/ksiegarnia-akademicka.pl\/index.php\/wp-json\/wp\/v2\/media?parent=17894"}],"wp:term":[{"taxonomy":"product_brand","embeddable":true,"href":"https:\/\/ksiegarnia-akademicka.pl\/index.php\/wp-json\/wp\/v2\/product_brand?post=17894"},{"taxonomy":"product_cat","embeddable":true,"href":"https:\/\/ksiegarnia-akademicka.pl\/index.php\/wp-json\/wp\/v2\/product_cat?post=17894"},{"taxonomy":"product_tag","embeddable":true,"href":"https:\/\/ksiegarnia-akademicka.pl\/index.php\/wp-json\/wp\/v2\/product_tag?post=17894"}],"curies":[{"name":"wp","href":"https:\/\/api.w.org\/{rel}","templated":true}]}}