{"id":17889,"date":"2024-03-29T10:09:38","date_gmt":"2024-03-29T09:09:38","guid":{"rendered":"http:\/\/ksiegarnia-akademicka.pl\/?post_type=product&#038;p=17889"},"modified":"2024-12-05T09:33:00","modified_gmt":"2024-12-05T08:33:00","slug":"samolubny-gen","status":"publish","type":"product","link":"https:\/\/ksiegarnia-akademicka.pl\/index.php\/product\/samolubny-gen\/","title":{"rendered":"Samolubny gen"},"content":{"rendered":"<p>Autor:<br \/>\nRichard Dawkins<br \/>\nT\u0142umacze: Skoneczny Marek<br \/>\nWydawca: Pr\u00f3szy\u0144ski Media<br \/>\nOprawa: Mi\u0119kka<br \/>\nFormat: 14.2&#215;20.2cm<br \/>\nLiczba stron: 496<br \/>\nRok wydania: 2024<br \/>\nJ\u0119zyk wydania: polski<\/p>\n<p>Stworzy\u0142y nas geny. To one s\u0105 motorem ewolucji. Jeste\u015bmy &#8211; podobnie jak ro\u015bliny i zwierz\u0119ta &#8211; maszynami przetrwania powo\u0142anymi do \u017cycia przez geny. Oto przes\u0142anie &#8211; jak\u017ce okrutne! -najs\u0142ynniejszej ksi\u0105\u017cki Richarda Dawkinsa. &#8222;Samolubny gen&#8221; ukaza\u0142 si\u0119 po raz pierwszy w roku 1976 (wyd. pol. 1996, 2000) i od razu wywo\u0142a\u0142 fal\u0119 poruszenia w\u015br\u00f3d specjalist\u00f3w-biolog\u00f3w i zwyk\u0142ych czytelnik\u00f3w. Intelektualnie rygorystyczna, a przecie\u017c napisana przyst\u0119pnym j\u0119zykiem ksi\u0105\u017cka o \u017cyciu z punktu widzenia ustale\u0144 genetyki powszechnie uwa\u017cana jest za arcydzie\u0142o pisarstwa naukowego, za\u015b wynikaj\u0105ce z niej konkluzje pozostaj\u0105 dzi\u015b r\u00f3wnie istotne, jak w dniu ukazania si\u0119 pierwszego wydania. Niniejsza edycja, autorsko przejrzana, oparta na jubileuszowym wydaniu brytyjskim z okazji trzydziestolecia pierwszego wydania (2006), zawiera nowe Wprowadzenie autora. Richard Dawkins &#8211; Profesor w katedrze Public Understanding of Science na Uniwersytecie Oksfordzkim; zoolog, etolog, ewolucjonista. Cz\u0142onek wielu towarzystw naukowych, laureat licznych nagr\u00f3d i wyr\u00f3\u017cnie\u0144, doktor h. c. wielu uniwersytet\u00f3w; popularyzator nauki. Czytelnikowi polskiemu znany jest tak\u017ce z innych bestsellerowych ksi\u0105\u017cek: &#8222;Wspinaczka na szczyt nieprawdopodobie\u0144stwa&#8221;, &#8222;Rozplatanie t\u0119czy&#8221;, &#8222;Fenotyp rozszerzony&#8221;.<\/p>\n","protected":false},"excerpt":{"rendered":"<p>Autor: Richard Dawkins T\u0142umacze: Skoneczny Marek Wydawca: Pr\u00f3szy\u0144ski Media Oprawa: [&hellip;]<\/p>\n","protected":false},"featured_media":17890,"template":"","meta":[],"product_brand":[],"product_cat":[7964,7493],"product_tag":[4806,6220,5722],"class_list":{"0":"post-17889","1":"product","2":"type-product","3":"status-publish","4":"has-post-thumbnail","6":"product_cat-biochemia","7":"product_cat-medycyna","8":"product_tag-biochemia","9":"product_tag-biologia-molekularna","10":"product_tag-genetyka","12":"first","13":"instock","14":"sale","15":"shipping-taxable","16":"purchasable","17":"product-type-simple"},"_links":{"self":[{"href":"https:\/\/ksiegarnia-akademicka.pl\/index.php\/wp-json\/wp\/v2\/product\/17889","targetHints":{"allow":["GET"]}}],"collection":[{"href":"https:\/\/ksiegarnia-akademicka.pl\/index.php\/wp-json\/wp\/v2\/product"}],"about":[{"href":"https:\/\/ksiegarnia-akademicka.pl\/index.php\/wp-json\/wp\/v2\/types\/product"}],"wp:featuredmedia":[{"embeddable":true,"href":"https:\/\/ksiegarnia-akademicka.pl\/index.php\/wp-json\/wp\/v2\/media\/17890"}],"wp:attachment":[{"href":"https:\/\/ksiegarnia-akademicka.pl\/index.php\/wp-json\/wp\/v2\/media?parent=17889"}],"wp:term":[{"taxonomy":"product_brand","embeddable":true,"href":"https:\/\/ksiegarnia-akademicka.pl\/index.php\/wp-json\/wp\/v2\/product_brand?post=17889"},{"taxonomy":"product_cat","embeddable":true,"href":"https:\/\/ksiegarnia-akademicka.pl\/index.php\/wp-json\/wp\/v2\/product_cat?post=17889"},{"taxonomy":"product_tag","embeddable":true,"href":"https:\/\/ksiegarnia-akademicka.pl\/index.php\/wp-json\/wp\/v2\/product_tag?post=17889"}],"curies":[{"name":"wp","href":"https:\/\/api.w.org\/{rel}","templated":true}]}}