{"id":17885,"date":"2024-03-29T10:05:15","date_gmt":"2024-03-29T09:05:15","guid":{"rendered":"http:\/\/ksiegarnia-akademicka.pl\/?post_type=product&#038;p=17885"},"modified":"2024-03-29T10:05:16","modified_gmt":"2024-03-29T09:05:16","slug":"przekroje-zebow","status":"publish","type":"product","link":"https:\/\/ksiegarnia-akademicka.pl\/index.php\/product\/przekroje-zebow\/","title":{"rendered":"Przekroje z\u0119b\u00f3w"},"content":{"rendered":"<p>Autor:<br \/>\nAleksander J\u00f3zefowicz<br \/>\nWydawca: PZWL<br \/>\nOprawa: Twarda<br \/>\nFormat: 28.5&#215;20.5cm<br \/>\nLiczba stron: 260<br \/>\nWydanie: 1<br \/>\nRok wydania: 2024<br \/>\nJ\u0119zyk wydania: polski<\/p>\n<p>\u201ePrzekroje z\u0119b\u00f3w\u201d to pierwsza tego typu publikacja w Polsce \u2013 album pokazuj\u0105cy przekroje z\u0119b\u00f3w, ich budow\u0119 nie w czarno-bia\u0142ych schematach, a w pi\u0119knych artystycznie wykonanych zdj\u0119ciach. Album sk\u0142ada si\u0119 z dw\u00f3ch cz\u0119\u015bci. Cze\u015b\u0107 I \u2013 Teoria \u2013 ma na celu usystematyzowanie wiedzy o budowie z\u0119ba. Ale to te\u017c praktyczny tutorial o fotografii stomatologicznej w pigu\u0142ce \u2013 Czytelnik dowie si\u0119, jaki sprz\u0119t jest najodpowiedniejszy, na co zwraca\u0107 uwag\u0119, aby osi\u0105gn\u0105\u0107 zamierzony efekt. Cz\u0119\u015b\u0107 II \u2013 Zobrazowanie istoty zagadnienia \u2013 to galeria ponad 600 zdj\u0119\u0107 wycink\u00f3w z\u0119b\u00f3w ukazuj\u0105ca, jak w jak w naturze rozk\u0142ada si\u0119 w z\u0119bach szkliwo, dentyna i wszystkie efekty, przebarwienia, na kt\u00f3rych tak bardzo zale\u017cy technikom i stomatologom podczas pracy. Czytelnicy nie naucz\u0105 si\u0119 z tej publikacji warstwowania ceramiki czy leczenia kana\u0142owego, ale w nowoczesny spos\u00f3b zobacz\u0105 wn\u0119trze tego, z czym pracuj\u0105 na co dzie\u0144 jako technicy i stomatolodzy. To pozycja obowi\u0105zkowa stomatologa, technika dentystycznego ale r\u00f3wnie\u017c ka\u017cdego, kto na co dzie\u0144 pracuje z obrazowaniem w stomatologii. Spis tre\u015bci: Dlaczego przekroje? CZ\u0118\u015a\u0106 PIERWSZA \u2013 Teoria Przygotowanie obiektu Sprz\u0119t i ustawienie aparatu \u015awiat\u0142o i filtry \u201eWywo\u0142anie\u201d cyfrowych negatyw\u00f3w RAW Fascynacja struktur\u0105, kolorem i histori\u0105 z\u0119ba By\u0107 technikiem, by\u0107 stomatologiem, czyli proza \u017cycia codziennego&#8230; Oczekiwania kontra rzeczywisto\u015b\u0107 Odbudowa z\u0119b\u00f3w bezpo\u015brednio w gabinecie Zdj\u0119cia prac na modelu i w ustach Usystematyzowanie wiedzy CZ\u0118\u015a\u0106 DRUGA \u2013 Zobrazowanie istoty zagadnienia Z\u0119by cz\u0142owieka \u2013 wycinki Z\u0119by cz\u0142owieka \u2013 morfologia i anatomia Z\u0119by zwierz\u0105t<\/p>\n","protected":false},"excerpt":{"rendered":"<p>Autor: Aleksander J\u00f3zefowicz Wydawca: PZWL Oprawa: Twarda Format: 28.5&#215;20.5cm Liczba [&hellip;]<\/p>\n","protected":false},"featured_media":17886,"template":"","meta":[],"product_brand":[],"product_cat":[7493,8282],"product_tag":[5834],"class_list":{"0":"post-17885","1":"product","2":"type-product","3":"status-publish","4":"has-post-thumbnail","6":"product_cat-medycyna","7":"product_cat-stomatologia","8":"product_tag-stomatologia","10":"first","11":"instock","12":"sale","13":"shipping-taxable","14":"purchasable","15":"product-type-simple"},"_links":{"self":[{"href":"https:\/\/ksiegarnia-akademicka.pl\/index.php\/wp-json\/wp\/v2\/product\/17885","targetHints":{"allow":["GET"]}}],"collection":[{"href":"https:\/\/ksiegarnia-akademicka.pl\/index.php\/wp-json\/wp\/v2\/product"}],"about":[{"href":"https:\/\/ksiegarnia-akademicka.pl\/index.php\/wp-json\/wp\/v2\/types\/product"}],"wp:featuredmedia":[{"embeddable":true,"href":"https:\/\/ksiegarnia-akademicka.pl\/index.php\/wp-json\/wp\/v2\/media\/17886"}],"wp:attachment":[{"href":"https:\/\/ksiegarnia-akademicka.pl\/index.php\/wp-json\/wp\/v2\/media?parent=17885"}],"wp:term":[{"taxonomy":"product_brand","embeddable":true,"href":"https:\/\/ksiegarnia-akademicka.pl\/index.php\/wp-json\/wp\/v2\/product_brand?post=17885"},{"taxonomy":"product_cat","embeddable":true,"href":"https:\/\/ksiegarnia-akademicka.pl\/index.php\/wp-json\/wp\/v2\/product_cat?post=17885"},{"taxonomy":"product_tag","embeddable":true,"href":"https:\/\/ksiegarnia-akademicka.pl\/index.php\/wp-json\/wp\/v2\/product_tag?post=17885"}],"curies":[{"name":"wp","href":"https:\/\/api.w.org\/{rel}","templated":true}]}}