{"id":17873,"date":"2024-03-29T09:51:36","date_gmt":"2024-03-29T08:51:36","guid":{"rendered":"http:\/\/ksiegarnia-akademicka.pl\/?post_type=product&#038;p=17873"},"modified":"2024-03-29T09:51:36","modified_gmt":"2024-03-29T08:51:36","slug":"zdolnosc-absorpcyjna-przedsiebiorstwa-w-relacji-do-dynamicznych-zdolnosci-menedzerskich","status":"publish","type":"product","link":"https:\/\/ksiegarnia-akademicka.pl\/index.php\/product\/zdolnosc-absorpcyjna-przedsiebiorstwa-w-relacji-do-dynamicznych-zdolnosci-menedzerskich\/","title":{"rendered":"Zdolno\u015b\u0107 absorpcyjna przedsi\u0119biorstwa w relacji do dynamicznych zdolno\u015bci mened\u017cerskich"},"content":{"rendered":"<p>Autor:<br \/>\nStelmaszczyk Monika<br \/>\nWydawca: PWE<br \/>\nOprawa: Mi\u0119kka<br \/>\nLiczba stron: 290<br \/>\nRok wydania: 2024<br \/>\nJ\u0119zyk wydania: polski<\/p>\n<p>Zdolno\u015b\u0107 absorpcyjna wiedzy jest teoretyczn\u0105 koncepcj\u0105, kt\u00f3r\u0105 zajmuj\u0105 si\u0119 badacze analizuj\u0105cy umiej\u0119tno\u015bci organizacji zwi\u0105zane z absorpcj\u0105 wiedzy. W rozwa\u017caniach teoretycznych i badaniach empirycznych odnosz\u0105 j\u0105 do r\u00f3\u017cnych zjawisk biznesowych. Prezentowana monografia jest g\u0142osem w tej dyskusji. Postanowiono dokona\u0107 retrospekcji dotychczasowych bada\u0144 na temat zdolno\u015bci absorpcyjnej. Odniesiono si\u0119 do problemu interpretowania zdolno\u015bci absorpcyjnej w kontek\u015bcie zmian otoczenia, zw\u0142aszcza w przypadku organizacji wykorzystuj\u0105cych technologie cyfrowe.<\/p>\n<p>Praca sk\u0142ada si\u0119 z pi\u0119ciu rozdzia\u0142\u00f3w. W rozdziale 1 opracowano definicj\u0119 i model zdolno\u015bci absorpcyjnej wynikaj\u0105cy z rozwoju technologii cyfrowych. W rozdziale 2 uwzgl\u0119dniono w koncepcji mikrofundament\u00f3w zdolno\u015bci absorpcyjnej dynamiczne zdolno\u015bci mened\u017cerskie. Rozdzia\u0142 3 po\u015bwi\u0119cono metodyce bada\u0144. W rozdziale 4 przeprowadzono walidacj\u0119 nowo utworzonych skal pomiaru diagnostycznej, analitycznej i implementacyjnej zdolno\u015bci absorpcyjnej. W rozdziale 5 wskazano, kt\u00f3re dynamiczne zdolno\u015bci mened\u017cerskie bezpo\u015brednio wp\u0142ywaj\u0105 na diagnostyczn\u0105, analityczn\u0105 i implementacyjn\u0105 zdolno\u015b\u0107 absorpcyjn\u0105, oraz oszacowano si\u0142\u0119 tych zale\u017cno\u015bci. Efektem dog\u0142\u0119bnego rozpoznania kierunkowych zale\u017cno\u015bci by\u0142o stworzenie wiedzy na temat sposob\u00f3w bezpo\u015bredniego oddzia\u0142ywania mened\u017cerskiego kapita\u0142u spo\u0142ecznego, mened\u017cerskiego kapita\u0142u ludzkiego oraz mened\u017cerskich zdolno\u015bci poznawczych (poziom mikro) na poszczeg\u00f3lne elementy zdolno\u015bci absorpcyjnej przedsi\u0119biorstwa (poziom makro). Zaprezentowano te\u017c wyniki bada\u0144 empirycznych odnosz\u0105cych si\u0119 do testowania efekt\u00f3w mediacyjnych oraz efekt\u00f3w moderowanych mediacji. W zako\u0144czeniu sformu\u0142owano wnioski z przeprowadzonych bada\u0144, implikacje teoretyczne, mened\u017cerskie, ograniczenia oraz kierunki przysz\u0142ych bada\u0144.<\/p>\n","protected":false},"excerpt":{"rendered":"<p>Autor: Stelmaszczyk Monika Wydawca: PWE Oprawa: Mi\u0119kka Liczba stron: 290 [&hellip;]<\/p>\n","protected":false},"featured_media":17874,"template":"","meta":[],"product_brand":[],"product_cat":[32,31,7515],"product_tag":[918],"class_list":{"0":"post-17873","1":"product","2":"type-product","3":"status-publish","4":"has-post-thumbnail","6":"product_cat-biznes","7":"product_cat-przedsiebiorstwo","8":"product_cat-zarzadzanie-przedsiebiorstwem","9":"product_tag-zarzadzanie-przedsiebiorstwem","11":"first","12":"instock","13":"sale","14":"shipping-taxable","15":"purchasable","16":"product-type-simple"},"_links":{"self":[{"href":"https:\/\/ksiegarnia-akademicka.pl\/index.php\/wp-json\/wp\/v2\/product\/17873","targetHints":{"allow":["GET"]}}],"collection":[{"href":"https:\/\/ksiegarnia-akademicka.pl\/index.php\/wp-json\/wp\/v2\/product"}],"about":[{"href":"https:\/\/ksiegarnia-akademicka.pl\/index.php\/wp-json\/wp\/v2\/types\/product"}],"wp:featuredmedia":[{"embeddable":true,"href":"https:\/\/ksiegarnia-akademicka.pl\/index.php\/wp-json\/wp\/v2\/media\/17874"}],"wp:attachment":[{"href":"https:\/\/ksiegarnia-akademicka.pl\/index.php\/wp-json\/wp\/v2\/media?parent=17873"}],"wp:term":[{"taxonomy":"product_brand","embeddable":true,"href":"https:\/\/ksiegarnia-akademicka.pl\/index.php\/wp-json\/wp\/v2\/product_brand?post=17873"},{"taxonomy":"product_cat","embeddable":true,"href":"https:\/\/ksiegarnia-akademicka.pl\/index.php\/wp-json\/wp\/v2\/product_cat?post=17873"},{"taxonomy":"product_tag","embeddable":true,"href":"https:\/\/ksiegarnia-akademicka.pl\/index.php\/wp-json\/wp\/v2\/product_tag?post=17873"}],"curies":[{"name":"wp","href":"https:\/\/api.w.org\/{rel}","templated":true}]}}