{"id":17866,"date":"2024-03-28T10:00:47","date_gmt":"2024-03-28T09:00:47","guid":{"rendered":"http:\/\/ksiegarnia-akademicka.pl\/?post_type=product&#038;p=17866"},"modified":"2024-03-28T10:00:47","modified_gmt":"2024-03-28T09:00:47","slug":"zarzadzanie-kosztami-przedsiebiorstwa-z-perspektywy-gospodarki-obiegu-zamknietego","status":"publish","type":"product","link":"https:\/\/ksiegarnia-akademicka.pl\/index.php\/product\/zarzadzanie-kosztami-przedsiebiorstwa-z-perspektywy-gospodarki-obiegu-zamknietego\/","title":{"rendered":"Zarz\u0105dzanie kosztami przedsi\u0119biorstwa z perspektywy gospodarki obiegu zamkni\u0119tego"},"content":{"rendered":"<p>Autor:<br \/>\nMonika Szczerbak<br \/>\nRedakcja: Difin<br \/>\nWydawca: Difin<br \/>\nOprawa: Mi\u0119kka<br \/>\nLiczba stron: 438<br \/>\nRok wydania: 2024<br \/>\nJ\u0119zyk wydania: polski<\/p>\n<p>Ksi\u0105\u017cka wyznacza \u015bcie\u017cki rozwoju, inspiruj\u0105c do dzia\u0142a\u0144, kt\u00f3re przyczyni\u0105 si\u0119 do wi\u0119kszego zr\u00f3wnowa\u017cenia i efektywno\u015bci gospodarki, odpowiadaj\u0105cych na dynamiczne zmiany rynkowe i \u015brodowiskowe. Autorka analizuje monitorowanie gospodarki obiegu zamkni\u0119tego, identy?kuj\u0105c wyzwania oraz proponuj\u0105c konkretne rozwi\u0105zania. Przedstawia propozycje wykorzystania zar\u00f3wno klasycznych, jak i alternatywnych narz\u0119dzi zarz\u0105dzania kosztami, w tym metod i technik koncepcji lean management, w nowym modelu biznesu \u2013 gospodarce obiegu zamkni\u0119tego. Publikacja jest cennym \u017ar\u00f3d\u0142em wiedzy dla praktyk\u00f3w, mened\u017cer\u00f3w, a tak\u017ce naukowc\u00f3w i student\u00f3w zainteresowanych problematyk\u0105 zarz\u0105dzania kosztami i zr\u00f3wnowa\u017conego rozwoju.<\/p>\n","protected":false},"excerpt":{"rendered":"<p>Autor: Monika Szczerbak Redakcja: Difin Wydawca: Difin Oprawa: Mi\u0119kka Liczba [&hellip;]<\/p>\n","protected":false},"featured_media":17867,"template":"","meta":[],"product_brand":[],"product_cat":[7516,31],"product_tag":[437,7762,918],"class_list":{"0":"post-17866","1":"product","2":"type-product","3":"status-publish","4":"has-post-thumbnail","6":"product_cat-finanse-przedsiebiorstwa","7":"product_cat-przedsiebiorstwo","8":"product_tag-finanse-przedsiebiorstwa","9":"product_tag-zarzadzanie-kosztami","10":"product_tag-zarzadzanie-przedsiebiorstwem","12":"first","13":"instock","14":"sale","15":"shipping-taxable","16":"purchasable","17":"product-type-simple"},"_links":{"self":[{"href":"https:\/\/ksiegarnia-akademicka.pl\/index.php\/wp-json\/wp\/v2\/product\/17866","targetHints":{"allow":["GET"]}}],"collection":[{"href":"https:\/\/ksiegarnia-akademicka.pl\/index.php\/wp-json\/wp\/v2\/product"}],"about":[{"href":"https:\/\/ksiegarnia-akademicka.pl\/index.php\/wp-json\/wp\/v2\/types\/product"}],"wp:featuredmedia":[{"embeddable":true,"href":"https:\/\/ksiegarnia-akademicka.pl\/index.php\/wp-json\/wp\/v2\/media\/17867"}],"wp:attachment":[{"href":"https:\/\/ksiegarnia-akademicka.pl\/index.php\/wp-json\/wp\/v2\/media?parent=17866"}],"wp:term":[{"taxonomy":"product_brand","embeddable":true,"href":"https:\/\/ksiegarnia-akademicka.pl\/index.php\/wp-json\/wp\/v2\/product_brand?post=17866"},{"taxonomy":"product_cat","embeddable":true,"href":"https:\/\/ksiegarnia-akademicka.pl\/index.php\/wp-json\/wp\/v2\/product_cat?post=17866"},{"taxonomy":"product_tag","embeddable":true,"href":"https:\/\/ksiegarnia-akademicka.pl\/index.php\/wp-json\/wp\/v2\/product_tag?post=17866"}],"curies":[{"name":"wp","href":"https:\/\/api.w.org\/{rel}","templated":true}]}}