{"id":17848,"date":"2024-03-25T08:56:38","date_gmt":"2024-03-25T07:56:38","guid":{"rendered":"http:\/\/ksiegarnia-akademicka.pl\/?post_type=product&#038;p=17848"},"modified":"2024-03-25T08:56:38","modified_gmt":"2024-03-25T07:56:38","slug":"zasady-oceny-dzialalnosci-gospodarczej-przedsiebiorstw","status":"publish","type":"product","link":"https:\/\/ksiegarnia-akademicka.pl\/index.php\/product\/zasady-oceny-dzialalnosci-gospodarczej-przedsiebiorstw\/","title":{"rendered":"Zasady oceny dzia\u0142alno\u015bci gospodarczej przedsi\u0119biorstw"},"content":{"rendered":"<p>Autor:<br \/>\nJuliusz Engelhardt<br \/>\nWydawca: CeDeWu<br \/>\nOprawa: Mi\u0119kka<br \/>\nFormat: 16.5&#215;23.5cm<br \/>\nLiczba stron: 259<br \/>\nWydanie: 3<br \/>\nRok wydania: 2024<br \/>\nJ\u0119zyk wydania: polski<br \/>\nCi\u0119\u017car: 0,43 kg<\/p>\n<p>Ksi\u0105\u017cka Zasady oceny dzia\u0142alno\u015bci gospodarczej przedsi\u0119biorstw powsta\u0142a na podstawie do\u015bwiadcze\u0144 dydaktycznych wynikaj\u0105cych z wieloletniego prowadzenia wyk\u0142ad\u00f3w akademickich z przedmiotu &#8222;Analiza ekonomiczna przedsi\u0119biorstw&#8221; oraz przedmiot\u00f3w pokrewnych. Jest to kompendium wiedzy teoretycznej niezb\u0119dnej studentom, s\u0142uchaczom studi\u00f3w podyplomowych, doktorantom i praktykom gospodarczym do samodzielnego przeprowadzenia analiz oraz ocen dzia\u0142alno\u015bci gospodarczej przedsi\u0119biorstw.<br \/>\nZakres podr\u0119cznika obejmuje zasady przeprowadzania analiz i ocen makroekonomicznego, a tak\u017ce sektorowego otoczenia przedsi\u0119biorstw oraz problematyk\u0119 analiz i ocen dzia\u0142alno\u015bci gospodarczej przedsi\u0119biorstw. Ocena dzia\u0142alno\u015bci przedsi\u0119biorstwa obejmuje m.in. wst\u0119pn\u0105 i wska\u017anikow\u0105 analiz\u0119 sprawozda\u0144 finansowych, zaawansowane metody analizy wska\u017anikowej oraz metody analizy i oceny efektywno\u015bci inwestycji. Opr\u00f3cz klasycznej problematyki oceny kondycji ekonomiczno-finansowej przedsi\u0119biorstw na podstawie sprawozda\u0144 finansowych w podr\u0119czniku zawarto szereg autorskich rozwa\u017ca\u0144 i propozycji m.in. w zakresie wska\u017anik\u00f3w rentowno\u015bci, w szczeg\u00f3lno\u015bci wska\u017anika nadwy\u017cki finansowej (cash flow) i warto\u015bci dodanej.<\/p>\n","protected":false},"excerpt":{"rendered":"<p>Autor: Juliusz Engelhardt Wydawca: CeDeWu Oprawa: Mi\u0119kka Format: 16.5&#215;23.5cm Liczba [&hellip;]<\/p>\n","protected":false},"featured_media":17849,"template":"","meta":[],"product_brand":[],"product_cat":[31,7515],"product_tag":[4594],"class_list":{"0":"post-17848","1":"product","2":"type-product","3":"status-publish","4":"has-post-thumbnail","6":"product_cat-przedsiebiorstwo","7":"product_cat-zarzadzanie-przedsiebiorstwem","8":"product_tag-organizacja-i-zarzadzanie-przedsiebiorstwem","10":"first","11":"instock","12":"sale","13":"shipping-taxable","14":"purchasable","15":"product-type-simple"},"_links":{"self":[{"href":"https:\/\/ksiegarnia-akademicka.pl\/index.php\/wp-json\/wp\/v2\/product\/17848","targetHints":{"allow":["GET"]}}],"collection":[{"href":"https:\/\/ksiegarnia-akademicka.pl\/index.php\/wp-json\/wp\/v2\/product"}],"about":[{"href":"https:\/\/ksiegarnia-akademicka.pl\/index.php\/wp-json\/wp\/v2\/types\/product"}],"wp:featuredmedia":[{"embeddable":true,"href":"https:\/\/ksiegarnia-akademicka.pl\/index.php\/wp-json\/wp\/v2\/media\/17849"}],"wp:attachment":[{"href":"https:\/\/ksiegarnia-akademicka.pl\/index.php\/wp-json\/wp\/v2\/media?parent=17848"}],"wp:term":[{"taxonomy":"product_brand","embeddable":true,"href":"https:\/\/ksiegarnia-akademicka.pl\/index.php\/wp-json\/wp\/v2\/product_brand?post=17848"},{"taxonomy":"product_cat","embeddable":true,"href":"https:\/\/ksiegarnia-akademicka.pl\/index.php\/wp-json\/wp\/v2\/product_cat?post=17848"},{"taxonomy":"product_tag","embeddable":true,"href":"https:\/\/ksiegarnia-akademicka.pl\/index.php\/wp-json\/wp\/v2\/product_tag?post=17848"}],"curies":[{"name":"wp","href":"https:\/\/api.w.org\/{rel}","templated":true}]}}