{"id":17844,"date":"2024-03-25T08:52:48","date_gmt":"2024-03-25T07:52:48","guid":{"rendered":"http:\/\/ksiegarnia-akademicka.pl\/?post_type=product&#038;p=17844"},"modified":"2024-03-25T08:52:48","modified_gmt":"2024-03-25T07:52:48","slug":"wspolczesna-polityka-gospodarcza-4","status":"publish","type":"product","link":"https:\/\/ksiegarnia-akademicka.pl\/index.php\/product\/wspolczesna-polityka-gospodarcza-4\/","title":{"rendered":"Wsp\u00f3\u0142czesna polityka gospodarcza"},"content":{"rendered":"<p>Redakcja: Kosztowniak Aneta, Sobol Marzena<br \/>\nWydawca: CeDeWu<br \/>\nOprawa: Mi\u0119kka<br \/>\nFormat: 16.5&#215;23.5cm<br \/>\nLiczba stron: 489<br \/>\nWydanie: 3<br \/>\nRok wydania: 2024<br \/>\nJ\u0119zyk wydania: polski<\/p>\n<p>Tre\u015b\u0107 ksi\u0105\u017cki podzielona jest na pi\u0119\u0107 g\u0142\u00f3wnych obszar\u00f3w tematycznych:<br \/>\n\u2022    Teoretyczne podstawy polityki gospodarczej,<br \/>\n\u2022    G\u0142\u00f3wne obszary polityki rozwoju gospodarczego,<br \/>\n\u2022    Polityka stabilizacyjna pa\u0144stwa,<br \/>\n\u2022    Polityka spo\u0142eczna,<br \/>\n\u2022    Polityka integracji w rama Unii Europejskiej.<br \/>\nKsi\u0105\u017cka polecana jest studentom kierunk\u00f3w ekonomicznych wszystkich specjalno\u015bci, w tym szczeg\u00f3lnie: finans\u00f3w, bankowo\u015bci, zarz\u0105dzania, finans\u00f3w mi\u0119dzynarodowych oraz gospodarki lokalnej i regionalnej.<br \/>\nRecenzowana ksi\u0105\u017cka jest warto\u015bciowym opracowaniem naukowym o charakterze podr\u0119cznikowym, przygotowanym przez zesp\u00f3\u0142 do\u015bwiadczonych dydaktyk\u00f3w i praktyk\u00f3w gospodarczych, nadaj\u0105cym kluczowym aspektom polityki gospodarczej zaktualizowan\u0105 tre\u015b\u0107 i wskazuj\u0105cym czytelnikowi nowe jej obszary. Dr hab. Jan L. Bednarczyk, prof. Uniwersytetu Technologiczno-Humanistycznego w Radomiu<br \/>\nRecenzowana ksi\u0105\u017cka odpowiada na wyzwania wsp\u00f3\u0142czesnych nauk ekonomicznych, g\u0142\u00f3wnie w obszarze polityki makroekonomicznej, w tym gospodarczej. B\u0119dzie dobrze s\u0142u\u017cy\u0107 nie tylko dydaktyce i nauce, ale tak\u017ce praktyce gospodarczej. Prof. Dr hab. Marian \u017bukowski, katolicki Uniwersytet Lubelski Jana Paw\u0142a II w Lublinie<\/p>\n","protected":false},"excerpt":{"rendered":"<p>Redakcja: Kosztowniak Aneta, Sobol Marzena Wydawca: CeDeWu Oprawa: Mi\u0119kka Format: [&hellip;]<\/p>\n","protected":false},"featured_media":17845,"template":"","meta":[],"product_brand":[],"product_cat":[24],"product_tag":[755],"class_list":{"0":"post-17844","1":"product","2":"type-product","3":"status-publish","4":"has-post-thumbnail","6":"product_cat-polityka-gospodarcza","7":"product_tag-polityka-gospodarcza","9":"first","10":"instock","11":"sale","12":"shipping-taxable","13":"purchasable","14":"product-type-simple"},"_links":{"self":[{"href":"https:\/\/ksiegarnia-akademicka.pl\/index.php\/wp-json\/wp\/v2\/product\/17844","targetHints":{"allow":["GET"]}}],"collection":[{"href":"https:\/\/ksiegarnia-akademicka.pl\/index.php\/wp-json\/wp\/v2\/product"}],"about":[{"href":"https:\/\/ksiegarnia-akademicka.pl\/index.php\/wp-json\/wp\/v2\/types\/product"}],"wp:featuredmedia":[{"embeddable":true,"href":"https:\/\/ksiegarnia-akademicka.pl\/index.php\/wp-json\/wp\/v2\/media\/17845"}],"wp:attachment":[{"href":"https:\/\/ksiegarnia-akademicka.pl\/index.php\/wp-json\/wp\/v2\/media?parent=17844"}],"wp:term":[{"taxonomy":"product_brand","embeddable":true,"href":"https:\/\/ksiegarnia-akademicka.pl\/index.php\/wp-json\/wp\/v2\/product_brand?post=17844"},{"taxonomy":"product_cat","embeddable":true,"href":"https:\/\/ksiegarnia-akademicka.pl\/index.php\/wp-json\/wp\/v2\/product_cat?post=17844"},{"taxonomy":"product_tag","embeddable":true,"href":"https:\/\/ksiegarnia-akademicka.pl\/index.php\/wp-json\/wp\/v2\/product_tag?post=17844"}],"curies":[{"name":"wp","href":"https:\/\/api.w.org\/{rel}","templated":true}]}}