{"id":17821,"date":"2024-03-22T08:41:54","date_gmt":"2024-03-22T07:41:54","guid":{"rendered":"http:\/\/ksiegarnia-akademicka.pl\/?post_type=product&#038;p=17821"},"modified":"2024-03-22T08:41:54","modified_gmt":"2024-03-22T07:41:54","slug":"diagnostyka-narzadu-ruchu-w-fizjoterapii-tom-1","status":"publish","type":"product","link":"https:\/\/ksiegarnia-akademicka.pl\/index.php\/product\/diagnostyka-narzadu-ruchu-w-fizjoterapii-tom-1\/","title":{"rendered":"Diagnostyka narz\u0105du ruchu w fizjoterapii Tom 1"},"content":{"rendered":"<p>Autor:<br \/>\nA. Jankowicz-Szyma\u0144ska<br \/>\nFotografie: Laszek Jakub<br \/>\nWydawca: Edra Urban &amp; Partner<br \/>\nOprawa: Twarda<br \/>\nFormat: 21.0&#215;27.5cm<br \/>\nLiczba stron: 480<br \/>\nWydanie: 1<br \/>\nRok wydania: 2022<br \/>\nJ\u0119zyk wydania: polski<\/p>\n<p>Publikacja jest obszernym zbiorem test\u00f3w funkcjonalnych i wybranych metod klinicznej oceny stanu czynno\u015bciowego narz\u0105du ruchu. Jej Autorami s\u0105 trzy fizjoterapeutki i lekarz specjalista ortopedii i traumatologii narz\u0105du ruchu. Autorzy tworz\u0105 kompetentny zesp\u00f3\u0142 znakomitych specjalist\u00f3w. Ksi\u0105\u017ck\u0119 opracowano z my\u015bl\u0105 o praktykuj\u0105cych fizjoterapeutach i studentach fizjoterapii, ale jej odbiorcami mog\u0105 by\u0107 r\u00f3wnie\u017c studenci medycyny oraz lekarze.<br \/>\ndr hab. Jacek Wilczy\u0144ski, prof UJK<br \/>\n(fragment Recenzji)<\/p>\n","protected":false},"excerpt":{"rendered":"<p>Autor: A. Jankowicz-Szyma\u0144ska Fotografie: Laszek Jakub Wydawca: Edra Urban &amp; [&hellip;]<\/p>\n","protected":false},"featured_media":17822,"template":"","meta":[],"product_brand":[],"product_cat":[8277,7493],"product_tag":[85,1498],"class_list":{"0":"post-17821","1":"product","2":"type-product","3":"status-publish","4":"has-post-thumbnail","6":"product_cat-fizjoterapia","7":"product_cat-medycyna","8":"product_tag-diagnostyka","9":"product_tag-fizjoterapia","11":"first","12":"instock","13":"sale","14":"shipping-taxable","15":"purchasable","16":"product-type-simple"},"_links":{"self":[{"href":"https:\/\/ksiegarnia-akademicka.pl\/index.php\/wp-json\/wp\/v2\/product\/17821","targetHints":{"allow":["GET"]}}],"collection":[{"href":"https:\/\/ksiegarnia-akademicka.pl\/index.php\/wp-json\/wp\/v2\/product"}],"about":[{"href":"https:\/\/ksiegarnia-akademicka.pl\/index.php\/wp-json\/wp\/v2\/types\/product"}],"wp:featuredmedia":[{"embeddable":true,"href":"https:\/\/ksiegarnia-akademicka.pl\/index.php\/wp-json\/wp\/v2\/media\/17822"}],"wp:attachment":[{"href":"https:\/\/ksiegarnia-akademicka.pl\/index.php\/wp-json\/wp\/v2\/media?parent=17821"}],"wp:term":[{"taxonomy":"product_brand","embeddable":true,"href":"https:\/\/ksiegarnia-akademicka.pl\/index.php\/wp-json\/wp\/v2\/product_brand?post=17821"},{"taxonomy":"product_cat","embeddable":true,"href":"https:\/\/ksiegarnia-akademicka.pl\/index.php\/wp-json\/wp\/v2\/product_cat?post=17821"},{"taxonomy":"product_tag","embeddable":true,"href":"https:\/\/ksiegarnia-akademicka.pl\/index.php\/wp-json\/wp\/v2\/product_tag?post=17821"}],"curies":[{"name":"wp","href":"https:\/\/api.w.org\/{rel}","templated":true}]}}