{"id":17781,"date":"2024-03-18T13:18:36","date_gmt":"2024-03-18T12:18:36","guid":{"rendered":"http:\/\/ksiegarnia-akademicka.pl\/?post_type=product&#038;p=17781"},"modified":"2024-03-18T13:18:36","modified_gmt":"2024-03-18T12:18:36","slug":"analiza-finansowa-w-przedsiebiorstwie-przyklady-zadania-i-rozwiazania","status":"publish","type":"product","link":"https:\/\/ksiegarnia-akademicka.pl\/index.php\/product\/analiza-finansowa-w-przedsiebiorstwie-przyklady-zadania-i-rozwiazania\/","title":{"rendered":"Analiza finansowa w przedsi\u0119biorstwie przyk\u0142ady, zadania i rozwi\u0105zania"},"content":{"rendered":"<p>Autor:<br \/>\nBeata Kotowska<br \/>\nOlga Wyszkowska-Kaniewska<br \/>\nAldona Uzi\u0119b\u0142o<br \/>\nWydawca: CeDeWu<br \/>\nOprawa: Mi\u0119kka<br \/>\nFormat: 16.0&#215;23.5cm<br \/>\nLiczba stron: 234<br \/>\nWydanie: 6<br \/>\nRok wydania: 2023<br \/>\nJ\u0119zyk wydania: polski<\/p>\n<p>Ksi\u0105\u017cka obejmuje praktyczne przyk\u0142ady z zakresu analizy i zarz\u0105dzania ryzykiem w finansach korporacyjnych z zastosowaniem arkusza kalkulacyjnego Excel. Autor omawia:<br \/>\n\u2022 zagadnienia zwi\u0105zane z analiz\u0105 i zarz\u0105dzaniem ryzykiem finansowym krajowych oraz zagranicznych korporacji na przyk\u0142adach sprawozda\u0144 finansowych, a tak\u017ce danych gie\u0142dowych takich korporacji, jak: Microsoft, Novartis, Boeing, Asseco i inne;<br \/>\n\u2022 wybrane metody analizy wska\u017anikowej sprawozda\u0144 finansowych, \u017ar\u00f3d\u0142a finansowania korporacji poprzez reinwestowanie zysk\u00f3w i okre\u015blone instrumenty finansowe, takie jak: akcje, obligacje, papiery komercyjne, kredyt bankowy;<br \/>\n\u2022 zastosowania praktyczne metody prognozowania z zastosowaniem modeli ekonometrycznych liniowych i nieliniowych w odniesieniu do sprawozda\u0144 finansowych;<br \/>\n\u2022 formu\u0142y oceny inwestycyjnej wraz z mo\u017cliwo\u015bciami symulacji opartej na metodzie Monte Carlo, np. NPV.<\/p>\n<p>W kolejnych rozdzia\u0142ach ksi\u0105\u017cki zosta\u0142y przedstawione praktyczne metody analizy i zarz\u0105dzania ryzykiem z zastosowaniem warto\u015bci zagro\u017conej, finansowych instrument\u00f3w pochodnych, ekonometrycznych modeli szereg\u00f3w czasowych, teorii gier, drzew decyzyjnych, opcji realnych oraz kredytowych pochodnych. Ksi\u0105\u017cka jest pierwsz\u0105 w Polsce publikacj\u0105, w kt\u00f3rej analiza i zarz\u0105dzanie ryzykiem skoncentrowane jest na finansach korporacyjnych. Atutem ksi\u0105\u017cki jest prezentacja metod analizy ryzyka wraz z zastosowaniem arkusza kalkulacyjnego Excel z elementami programowania w VBA (Visual Basic Aplication).<\/p>\n","protected":false},"excerpt":{"rendered":"<p>Autor: Beata Kotowska Olga Wyszkowska-Kaniewska Aldona Uzi\u0119b\u0142o Wydawca: CeDeWu Oprawa: [&hellip;]<\/p>\n","protected":false},"featured_media":17782,"template":"","meta":[],"product_brand":[],"product_cat":[7516,31],"product_tag":[8090],"class_list":{"0":"post-17781","1":"product","2":"type-product","3":"status-publish","4":"has-post-thumbnail","6":"product_cat-finanse-przedsiebiorstwa","7":"product_cat-przedsiebiorstwo","8":"product_tag-analiza-finansowa-przedsiebiorstwa","10":"first","11":"instock","12":"sale","13":"shipping-taxable","14":"purchasable","15":"product-type-simple"},"_links":{"self":[{"href":"https:\/\/ksiegarnia-akademicka.pl\/index.php\/wp-json\/wp\/v2\/product\/17781","targetHints":{"allow":["GET"]}}],"collection":[{"href":"https:\/\/ksiegarnia-akademicka.pl\/index.php\/wp-json\/wp\/v2\/product"}],"about":[{"href":"https:\/\/ksiegarnia-akademicka.pl\/index.php\/wp-json\/wp\/v2\/types\/product"}],"wp:featuredmedia":[{"embeddable":true,"href":"https:\/\/ksiegarnia-akademicka.pl\/index.php\/wp-json\/wp\/v2\/media\/17782"}],"wp:attachment":[{"href":"https:\/\/ksiegarnia-akademicka.pl\/index.php\/wp-json\/wp\/v2\/media?parent=17781"}],"wp:term":[{"taxonomy":"product_brand","embeddable":true,"href":"https:\/\/ksiegarnia-akademicka.pl\/index.php\/wp-json\/wp\/v2\/product_brand?post=17781"},{"taxonomy":"product_cat","embeddable":true,"href":"https:\/\/ksiegarnia-akademicka.pl\/index.php\/wp-json\/wp\/v2\/product_cat?post=17781"},{"taxonomy":"product_tag","embeddable":true,"href":"https:\/\/ksiegarnia-akademicka.pl\/index.php\/wp-json\/wp\/v2\/product_tag?post=17781"}],"curies":[{"name":"wp","href":"https:\/\/api.w.org\/{rel}","templated":true}]}}