{"id":17777,"date":"2024-03-18T13:14:26","date_gmt":"2024-03-18T12:14:26","guid":{"rendered":"http:\/\/ksiegarnia-akademicka.pl\/?post_type=product&#038;p=17777"},"modified":"2024-03-18T13:14:27","modified_gmt":"2024-03-18T12:14:27","slug":"transformacja-organizacyjna-w-perspektywie-psychologicznej","status":"publish","type":"product","link":"https:\/\/ksiegarnia-akademicka.pl\/index.php\/product\/transformacja-organizacyjna-w-perspektywie-psychologicznej\/","title":{"rendered":"Transformacja organizacyjna w perspektywie psychologicznej"},"content":{"rendered":"<p>Autor:<br \/>\nWojciech Orzech (redakcja naukowa)<br \/>\nRedakcja: Difin<br \/>\nWydawca: Difin<br \/>\nOprawa: Mi\u0119kka<br \/>\nLiczba stron: 259<br \/>\nRok wydania: 2024<br \/>\nJ\u0119zyk wydania: polski<\/p>\n<p>Transformacja organizacyjna to proces zmiany w strukturze, kulturze, procesach i dzia\u0142aniach organizacji, maj\u0105cy na celu zwi\u0119kszenie efektywno\u015bci, adaptacyjno\u015bci i konkurencyjno\u015bci firmy. Transformacja organizacyjna mo\u017ce by\u0107 spowodowana zmianami w otoczeniu firmy, takimi jak zmiany technologiczne, spo\u0142eczne lub rynkowe, a tak\u017ce wewn\u0119trznymi czynnikami, takimi jak zmiana strategii czy restrukturyzacja firmy. Proces transformacji organizacyjnej cz\u0119sto wymaga zmiany mindsetu pracownik\u00f3w, wprowadzenia nowych technologii, restrukturyzacji zespo\u0142\u00f3w, a tak\u017ce zmiany procedur i proces\u00f3w pracy. Kluczowy jest tutaj tak\u017ce udzia\u0142 i zaanga\u017cowanie pracownik\u00f3w w procesie zmiany. Transformacja organizacyjna mo\u017ce wymaga\u0107 czasu i inwestycji, ale mo\u017ce przynie\u015b\u0107 wiele korzy\u015bci, takich jak zwi\u0119kszenie efektywno\u015bci proces\u00f3w, poprawa relacji z klientami, zwi\u0119kszenie innowacyjno\u015bci czy poprawa wynik\u00f3w finansowych firmy.<\/p>\n<p>Na rynek pracy wchodz\u0105 nowe pokolenia, my\u015bl\u0105ce o swojej przysz\u0142o\u015bci inaczej ni\u017c poprzednicy, komunikuj\u0105ce si\u0119 czy postrzegaj\u0105ce \u015bwiat w zupe\u0142nie nowy spos\u00f3b. Jednym z wyzwa\u0144 lider\u00f3w jest wi\u0119c obecnie dbanie o to, aby przyci\u0105ga\u0107 talenty, budowa\u0107 zrozumia\u0142e plany, w\u0142\u0105cza\u0107 wsp\u00f3\u0142pracownik\u00f3w w dyskusj\u0119 na temat przysz\u0142o\u015bci firmy. Opisany w niniejszej ksi\u0105\u017cce przypadek dotyczy sp\u00f3\u0142ki i bran\u017c (kolej, energetyka), kt\u00f3re w powszechnym odbiorze postrzegane s\u0105 jako raczej konserwatywne. Autorzy koncentruj\u0105 si\u0119 na zespole mened\u017cer\u00f3w, kt\u00f3ry potrafi\u0142 zaprosi\u0107 pracownik\u00f3w do przeprowadzenia gruntownej transformacji i efektywnie zaanga\u017cowa\u0107 ich w budow\u0119 sp\u00f3\u0142ki, w kt\u00f3rej osi\u0105gni\u0119to dojrza\u0142o\u015b\u0107 wdra\u017canych rozwi\u0105za\u0144 na poziomie \u015bwiatowym.<\/p>\n","protected":false},"excerpt":{"rendered":"<p>Autor: Wojciech Orzech (redakcja naukowa) Redakcja: Difin Wydawca: Difin Oprawa: [&hellip;]<\/p>\n","protected":false},"featured_media":17778,"template":"","meta":[],"product_brand":[],"product_cat":[7511,30],"product_tag":[1902],"class_list":{"0":"post-17777","1":"product","2":"type-product","3":"status-publish","4":"has-post-thumbnail","6":"product_cat-kierowanie-i-zarzadzanie","7":"product_cat-zarzadzanie","8":"product_tag-organizacja-i-zarzadzanie","10":"first","11":"instock","12":"sale","13":"shipping-taxable","14":"purchasable","15":"product-type-simple"},"_links":{"self":[{"href":"https:\/\/ksiegarnia-akademicka.pl\/index.php\/wp-json\/wp\/v2\/product\/17777","targetHints":{"allow":["GET"]}}],"collection":[{"href":"https:\/\/ksiegarnia-akademicka.pl\/index.php\/wp-json\/wp\/v2\/product"}],"about":[{"href":"https:\/\/ksiegarnia-akademicka.pl\/index.php\/wp-json\/wp\/v2\/types\/product"}],"wp:featuredmedia":[{"embeddable":true,"href":"https:\/\/ksiegarnia-akademicka.pl\/index.php\/wp-json\/wp\/v2\/media\/17778"}],"wp:attachment":[{"href":"https:\/\/ksiegarnia-akademicka.pl\/index.php\/wp-json\/wp\/v2\/media?parent=17777"}],"wp:term":[{"taxonomy":"product_brand","embeddable":true,"href":"https:\/\/ksiegarnia-akademicka.pl\/index.php\/wp-json\/wp\/v2\/product_brand?post=17777"},{"taxonomy":"product_cat","embeddable":true,"href":"https:\/\/ksiegarnia-akademicka.pl\/index.php\/wp-json\/wp\/v2\/product_cat?post=17777"},{"taxonomy":"product_tag","embeddable":true,"href":"https:\/\/ksiegarnia-akademicka.pl\/index.php\/wp-json\/wp\/v2\/product_tag?post=17777"}],"curies":[{"name":"wp","href":"https:\/\/api.w.org\/{rel}","templated":true}]}}