{"id":17715,"date":"2024-03-13T09:46:11","date_gmt":"2024-03-13T08:46:11","guid":{"rendered":"http:\/\/ksiegarnia-akademicka.pl\/?post_type=product&#038;p=17715"},"modified":"2024-03-13T09:46:12","modified_gmt":"2024-03-13T08:46:12","slug":"determinanty-konkurencyjnosci-transportu-intermodalnego-w-europie","status":"publish","type":"product","link":"https:\/\/ksiegarnia-akademicka.pl\/index.php\/product\/determinanty-konkurencyjnosci-transportu-intermodalnego-w-europie\/","title":{"rendered":"Determinanty konkurencyjno\u015bci transportu intermodalnego w Europie"},"content":{"rendered":"<p>Autor:<br \/>\nDamian Bonk<br \/>\nWydawca: Wydawnictwo Naukowe Uniwersytetu Szczeci\u0144skiego<br \/>\nOprawa: Mi\u0119kka<br \/>\nLiczba stron: 213<br \/>\nWydanie: 1<br \/>\nRok wydania: 2024<br \/>\nJ\u0119zyk wydania: polski<\/p>\n<p>Transport jest jednym z najwa\u017cniejszych, a zarazem niezb\u0119dnych element\u00f3w prawid\u0142owego funkcjonowania wsp\u00f3\u0142czesnego spo\u0142ecze\u0144stwa. Wyrazem tego jest upowszechnione w literaturze przedmiotu poj\u0119cie systemu transportowego jako \u201esystemu krwiono\u015bnego\u201d ca\u0142ej gospodarki. Jak wskazuje Kenneth Button , mimo kolosalnego wp\u0142ywu na gospodark\u0119, a tak\u017ce rozmaite aspekty \u017cycia ludzkiego, transport w dyskursie naukowym nadal pozostaje niewystarczaj\u0105co doceniany. Transport przyczynia si\u0119 do realizacji cel\u00f3w polityki gospodarczo-spo\u0142ecznej, ma istotny wp\u0142yw na rozw\u00f3j kraju, a tak\u017ce na rozw\u00f3j, funkcjonowanie i konkurencyjno\u015b\u0107 przedsi\u0119biorstw. Niestety, generuje r\u00f3wnie\u017c wysokie koszty spo\u0142eczne w postaci ha\u0142asu, zanieczyszcze\u0144 czy kongestii. W zwi\u0105zku z tym powsta\u0142a potrzeba, aby znale\u017a\u0107 rozwi\u0105zania, kt\u00f3re pozwol\u0105 z jednej strony na realizacj\u0119 potrzeb transportowych u\u017cytkownik\u00f3w transportu, a z drugiej strony na eliminacj\u0119, w jak najwi\u0119kszym stopniu, niekorzystnych skutk\u00f3w jego rozwoju. Europejskim rozwi\u0105zaniem wskazanych problem\u00f3w, w grupie pa\u0144stw Unii Europejskiej (UE) oraz pa\u0144stw stowarzyszonych, sta\u0142a si\u0119 polityka zr\u00f3wnowa\u017conego rozwoju, zak\u0142adaj\u0105ca m.in. zmniejszenie udzia\u0142u bardziej obci\u0105\u017caj\u0105cych \u015brodowisko ga\u0142\u0119zi transportu (np. transport drogowy) na rzecz bardziej przyjaznych \u015brodowisku sposob\u00f3w przemieszczania \u0142adunk\u00f3w, jak transport intermodalny, \u0142\u0105cz\u0105cy r\u00f3\u017cne ga\u0142\u0119zie transportu w celu maksymalizacji ich zalet i minimalizacji wad. Badanie podzia\u0142u ga\u0142\u0119ziowego oraz jego skutk\u00f3w i przyczyn umo\u017cliwia prowadzenie racjonalnej polityki transportowej, kt\u00f3ra ju\u017c w trakcie tworzenia powinna uwzgl\u0119dnia\u0107 problemy oraz wyzwania zwi\u0105zane z transportem, a tak\u017ce potencjalne zmiany, zagro\u017cenia czy szanse rozwoju.<br \/>\nZe wst\u0119pu<\/p>\n","protected":false},"excerpt":{"rendered":"<p>Autor: Damian Bonk Wydawca: Wydawnictwo Naukowe Uniwersytetu Szczeci\u0144skiego Oprawa: Mi\u0119kka [&hellip;]<\/p>\n","protected":false},"featured_media":17716,"template":"","meta":[],"product_brand":[],"product_cat":[7535],"product_tag":[642,525],"class_list":{"0":"post-17715","1":"product","2":"type-product","3":"status-publish","4":"has-post-thumbnail","6":"product_cat-transport-2","7":"product_tag-transport","8":"product_tag-transport-intermodalny","10":"first","11":"instock","12":"sale","13":"shipping-taxable","14":"purchasable","15":"product-type-simple"},"_links":{"self":[{"href":"https:\/\/ksiegarnia-akademicka.pl\/index.php\/wp-json\/wp\/v2\/product\/17715","targetHints":{"allow":["GET"]}}],"collection":[{"href":"https:\/\/ksiegarnia-akademicka.pl\/index.php\/wp-json\/wp\/v2\/product"}],"about":[{"href":"https:\/\/ksiegarnia-akademicka.pl\/index.php\/wp-json\/wp\/v2\/types\/product"}],"wp:featuredmedia":[{"embeddable":true,"href":"https:\/\/ksiegarnia-akademicka.pl\/index.php\/wp-json\/wp\/v2\/media\/17716"}],"wp:attachment":[{"href":"https:\/\/ksiegarnia-akademicka.pl\/index.php\/wp-json\/wp\/v2\/media?parent=17715"}],"wp:term":[{"taxonomy":"product_brand","embeddable":true,"href":"https:\/\/ksiegarnia-akademicka.pl\/index.php\/wp-json\/wp\/v2\/product_brand?post=17715"},{"taxonomy":"product_cat","embeddable":true,"href":"https:\/\/ksiegarnia-akademicka.pl\/index.php\/wp-json\/wp\/v2\/product_cat?post=17715"},{"taxonomy":"product_tag","embeddable":true,"href":"https:\/\/ksiegarnia-akademicka.pl\/index.php\/wp-json\/wp\/v2\/product_tag?post=17715"}],"curies":[{"name":"wp","href":"https:\/\/api.w.org\/{rel}","templated":true}]}}