{"id":177,"date":"2018-05-22T12:40:55","date_gmt":"2018-05-22T10:40:55","guid":{"rendered":"http:\/\/ksiegarnia-akademicka.pl\/index.php\/product\/stopy-procentowe-a-gospodarka-w-poszukiwaiu-optymalnej-policy-mix\/"},"modified":"2026-03-23T09:13:19","modified_gmt":"2026-03-23T08:13:19","slug":"stopy-procentowe-a-gospodarka-w-poszukiwaiu-optymalnej-policy-mix","status":"publish","type":"product","link":"https:\/\/ksiegarnia-akademicka.pl\/index.php\/product\/stopy-procentowe-a-gospodarka-w-poszukiwaiu-optymalnej-policy-mix\/","title":{"rendered":"Stopy procentowe a gospodarka. W poszukiwaiu optymalnej policy mix"},"content":{"rendered":"<p>Bednarczyk Jan L. (red.) Wydawnictwo ITE, WE Radom 2008 <\/br><\/br><\/p>\n<p>Spis tre\u015bci:<\/p>\n<p>&nbsp;<\/p>\n<p>Cz\u0119\u015b\u0107 I. Problem policy mix w warunkach integracji europejskiej<\/p>\n<p>&nbsp;<\/p>\n<p><em>Jan L. Bednarczyk<\/em>&#8211; Polityka pieni\u0119\u017cna i polityka fiskalna w warunkach integracji europejskiej,&nbsp;<\/p>\n<p><em>S\u0142awomir Bukowski<\/em> &#8211; Jednolita polityka monetarnai narodowe polityki fiskalne w Europejskiej Unii Monetarnej,<\/p>\n<p><em>Micha\u0142 Skopowsk<\/em>i &#8211; Niezale\u017cno\u015b\u0107 banku centralnego a sp&oacute;jno\u015b\u0107 polityki pieni\u0119\u017cnej i fiskalnej w Polsce,<\/p>\n<p><em>\u0141ukasz Arendt, Jakub Kowalski<\/em> &#8211; Deficyt bud\u017cetowy a stopy procentowe: czy w Polsce wyst\u0119puje efekt wypychania?<\/p>\n<p>&nbsp;<\/p>\n<p>Cz\u0119\u015b\u0107 II. Dylematy polityki pieni\u0119\u017cnej Narodowego Banku Polskiego<\/p>\n<p>&nbsp;<\/p>\n<p><em>Janusz Kud\u0142a<\/em> &#8211; Implementacja teorii racjonalnych oczekiwa\u0144 na tle praktyki kszta\u0142towania st&oacute;p procentowych NBP w latach 2003-2005,<\/p>\n<p><em>Joanna Wyrobek<\/em> &#8211; Pr&oacute;ba oceny skuteczno\u015bci tradycyjnych kana\u0142&oacute;w transmicji impuls&oacute;w polityki monetarnej w Polsce,<\/p>\n<p><em>Marzena Sobol<\/em> &#8211; Skuteczno\u015b\u0107 polityki pieni\u0119\u017cnej Narodowego Banku Polskiego w warunkach swobodnego przep\u0142ywu kapita\u0142u,<\/p>\n<p><em>Krzysztof Bednarczyk<\/em> &#8211; D\u0142ugoterminowa stopa procentowa w okresie dochodzenia do euro,<\/p>\n<p><em>Aleksandra Mas\u0142owska<\/em> &#8211; Wsp&oacute;\u0142zale\u017cno\u015b\u0107 mi\u0119dzy poziomem przejrzysto\u015bci banku centralnego a zmienno\u015bci\u0105 st&oacute;p procentowych,<\/p>\n<p><em>Magdalena Musielak<\/em> &#8211; Cele inflacyjne NBP a zmiany st&oacute;p procentowych w okresie realizacji strategii bezpo\u015bredniego celu inflacyjnego,<\/p>\n<p>&nbsp;<\/p>\n<p>Cz\u0119\u015b\u0107 III. Stopy procentowe a polityka kursowa i mi\u0119dzynarodowe przep\u0142ywy kapita\u0142u<\/p>\n<p>&nbsp;<\/p>\n<p><em>S\u0142awomir Franek<\/em> &#8211; Restrykcyjno\u015b\u0107 polityki pieni\u0119\u017cnej a zmiany st&oacute;p procentowych i kursu walutowego,<\/p>\n<p><em>Piotr Misztal<\/em> &#8211; Polityka st&oacute;p procentowych w warunkach niepe\u0142nego przenoszenia zmian kursowych na ceny,<\/p>\n<p><em>Ireneusz Pszcz&oacute;\u0142ka<\/em> &#8211; Wp\u0142yw stopy EURIBOR na zmiany indeksu Dow Jones EURO STOXX Broad i krzyw\u0105 rentowno\u015b\u0107 obligacji w strefie euro,<\/p>\n<p><em>Anna Szel\u0105gowska<\/em> &#8211; Foreign portfolio investments vs. interest rate changes in Poland,<\/p>\n<p><em>Aneta Kosztowniak<\/em> &#8211; Wp\u0142yw polityki st&oacute;p procentowych NBP na zad\u0142u\u017cenie zagraniczne Polski w sektorze pozabankowym i pozarz\u0105dowym w latach 1998-2004,<\/p>\n<p><em>Karolina Klecha <\/em>&#8211; stopy procentowe na japo\u0144skim rynku finansowym,<\/p>\n<p>&nbsp;<\/p>\n<p>Cz\u0119\u015b\u0107 IV. Teoretyczne i empiryczne aspekty st&oacute;p procentowych<\/p>\n<p>&nbsp;<\/p>\n<p><em>Andrzej S. Krysiak <\/em>&#8211; Stopa procentyowa kredytu a stopa procentowa obligacji komunalnych,<\/p>\n<p><em>S\u0142awomir Antkiewicz<\/em> &#8211; Instrumenty pochodne oparte na stopach procentowych w Polsce na tle kraj&oacute;w Europy \u015arodkowowschodniej,<\/p>\n<p><em>Izabela Pruchnicka-Grabias<\/em> &#8211; Interes rate risk management&nbsp; with barrier options,<\/p>\n<p><em>Munir Al-Kaber, Agnieszka Grzybowska<\/em> &#8211; Rozw&oacute;j transakcji SWAP na stopy procentowe w Polsce,<\/p>\n<p><em>Artur Stefa\u0144ski <\/em>&#8211; Stopa dyskontowa w praktyce bankowej,<\/p>\n<p><em>Szymon Janiszewski <\/em>&#8211; Analiza i prognozowanie stopy WIBOR,<\/p>\n<p><em>Ewa Falkiewicz<\/em> &#8211; Analiza teorii cykli koniunkturalnych a stopa procentowa.<\/p>\n<p><\/br><\/br>pozycja dost\u0119pna<\/p>\n","protected":false},"excerpt":{"rendered":"<p>Bednarczyk Jan L. (red.) Wydawnictwo ITE, WE Radom 2008 Spis [&hellip;]<\/p>\n","protected":false},"featured_media":11112,"template":"","meta":[],"product_brand":[],"product_cat":[20,17,7523,7504,7498,43],"product_tag":[411,327,412,413,353],"class_list":{"0":"post-177","1":"product","2":"type-product","3":"status-publish","4":"has-post-thumbnail","6":"product_cat-bankowosc","7":"product_cat-ekonomia","8":"product_cat-nauki-ekonomiczne","9":"product_cat-rynek-pieniezny-i-kapitalowy","10":"product_cat-teoria-ekonomii","11":"product_cat-wydawnictwo-uth","12":"product_tag-bankowosc","13":"product_tag-inne","14":"product_tag-policy-mix","15":"product_tag-polityka-kursowa","16":"product_tag-stopy-procentowe","18":"first","19":"instock","20":"sale","21":"shipping-taxable","22":"purchasable","23":"product-type-simple"},"_links":{"self":[{"href":"https:\/\/ksiegarnia-akademicka.pl\/index.php\/wp-json\/wp\/v2\/product\/177","targetHints":{"allow":["GET"]}}],"collection":[{"href":"https:\/\/ksiegarnia-akademicka.pl\/index.php\/wp-json\/wp\/v2\/product"}],"about":[{"href":"https:\/\/ksiegarnia-akademicka.pl\/index.php\/wp-json\/wp\/v2\/types\/product"}],"wp:featuredmedia":[{"embeddable":true,"href":"https:\/\/ksiegarnia-akademicka.pl\/index.php\/wp-json\/wp\/v2\/media\/11112"}],"wp:attachment":[{"href":"https:\/\/ksiegarnia-akademicka.pl\/index.php\/wp-json\/wp\/v2\/media?parent=177"}],"wp:term":[{"taxonomy":"product_brand","embeddable":true,"href":"https:\/\/ksiegarnia-akademicka.pl\/index.php\/wp-json\/wp\/v2\/product_brand?post=177"},{"taxonomy":"product_cat","embeddable":true,"href":"https:\/\/ksiegarnia-akademicka.pl\/index.php\/wp-json\/wp\/v2\/product_cat?post=177"},{"taxonomy":"product_tag","embeddable":true,"href":"https:\/\/ksiegarnia-akademicka.pl\/index.php\/wp-json\/wp\/v2\/product_tag?post=177"}],"curies":[{"name":"wp","href":"https:\/\/api.w.org\/{rel}","templated":true}]}}