{"id":17697,"date":"2024-03-06T08:45:02","date_gmt":"2024-03-06T07:45:02","guid":{"rendered":"http:\/\/ksiegarnia-akademicka.pl\/?post_type=product&#038;p=17697"},"modified":"2024-03-06T08:46:01","modified_gmt":"2024-03-06T07:46:01","slug":"dlug-pierwsze-piec-tysiecy-lat-2","status":"publish","type":"product","link":"https:\/\/ksiegarnia-akademicka.pl\/index.php\/product\/dlug-pierwsze-piec-tysiecy-lat-2\/","title":{"rendered":"D\u0142ug Pierwsze pi\u0119\u0107 tysi\u0119cy lat"},"content":{"rendered":"<p>Autor:<br \/>\nDavid Graeber<br \/>\nT\u0142umacze: Ku\u017aniarz Bartosz<br \/>\nWydawca: Wydawnictwo Krytyki Politycznej<br \/>\nOprawa: Twarda<br \/>\nFormat: 14.5&#215;20.5cm<br \/>\nLiczba stron: 540<br \/>\nWydanie: 2<br \/>\nRok wydania: 2024<\/p>\n<p>Wszystkie podr\u0119czniki ekonomii m\u00f3wi\u0105 to samo. Pieni\u0105dz wynaleziono po to, by zast\u0105pi\u0107 uci\u0105\u017cliwy i skomplikowany barter \u2013 aby staro\u017cytni nie musieli ju\u017c nosi\u0107 swoich towar\u00f3w na rynek. Problem z t\u0105 wersj\u0105 historii? Nie ma cienia dowodu na jej prawdziwo\u015b\u0107. Antropolog David Graeber w porywaj\u0105cy spos\u00f3b odwraca utarte przekonania. Pokazuje, \u017ce pi\u0119\u0107 tysi\u0119cy lat temu, w okresie narodzin rolniczych imperi\u00f3w, ludzie korzystali z rozbudowanych system\u00f3w kredytowych. Wtedy po raz pierwszy pojawi\u0142y te\u017c si\u0119 spo\u0142ecze\u0144stwa podzielone na d\u0142u\u017cnik\u00f3w i wierzycieli. Gdy z czasem wirtualny pieni\u0105dz kredytowy zast\u0105pi\u0142y z\u0142ote i srebrne monety, system zacz\u0105\u0142 si\u0119 chyli\u0107 ku upadkowi. Stopy procentowe poszybowa\u0142y w g\u00f3r\u0119 i d\u0142u\u017cnicy stali si\u0119 niewolnikami. System istnia\u0142 ze cen\u0119 rosn\u0105cej przemocy. Wy\u0142\u0105cznie dzi\u0119ki okazjonalnym interwencjom kr\u00f3l\u00f3w i ko\u015bcio\u0142\u00f3w udawa\u0142o si\u0119 nie dopu\u015bci\u0107, aby sprawy wymkn\u0119\u0142y si\u0119 spod kontroli. D\u0142ug: pierwsze pi\u0119\u0107 tysi\u0119cy lat jest fascynuj\u0105c\u0105 kronik\u0105 tej s\u0142abo znanej cz\u0119\u015bci historii. Pokazuje wp\u0142yw historii d\u0142ugu na przebieg ludzkich dziej\u00f3w, a tak\u017ce jej zwi\u0105zek z aktualnymi kryzysami finansowymi i przysz\u0142o\u015bci\u0105 naszej gospodarki.<\/p>\n","protected":false},"excerpt":{"rendered":"<p>Autor: David Graeber T\u0142umacze: Ku\u017aniarz Bartosz Wydawca: Wydawnictwo Krytyki Politycznej [&hellip;]<\/p>\n","protected":false},"featured_media":17698,"template":"","meta":[],"product_brand":[],"product_cat":[17,7498],"product_tag":[337],"class_list":{"0":"post-17697","1":"product","2":"type-product","3":"status-publish","4":"has-post-thumbnail","6":"product_cat-ekonomia","7":"product_cat-teoria-ekonomii","8":"product_tag-ekonomia","10":"first","11":"instock","12":"sale","13":"shipping-taxable","14":"purchasable","15":"product-type-simple"},"_links":{"self":[{"href":"https:\/\/ksiegarnia-akademicka.pl\/index.php\/wp-json\/wp\/v2\/product\/17697","targetHints":{"allow":["GET"]}}],"collection":[{"href":"https:\/\/ksiegarnia-akademicka.pl\/index.php\/wp-json\/wp\/v2\/product"}],"about":[{"href":"https:\/\/ksiegarnia-akademicka.pl\/index.php\/wp-json\/wp\/v2\/types\/product"}],"wp:featuredmedia":[{"embeddable":true,"href":"https:\/\/ksiegarnia-akademicka.pl\/index.php\/wp-json\/wp\/v2\/media\/17698"}],"wp:attachment":[{"href":"https:\/\/ksiegarnia-akademicka.pl\/index.php\/wp-json\/wp\/v2\/media?parent=17697"}],"wp:term":[{"taxonomy":"product_brand","embeddable":true,"href":"https:\/\/ksiegarnia-akademicka.pl\/index.php\/wp-json\/wp\/v2\/product_brand?post=17697"},{"taxonomy":"product_cat","embeddable":true,"href":"https:\/\/ksiegarnia-akademicka.pl\/index.php\/wp-json\/wp\/v2\/product_cat?post=17697"},{"taxonomy":"product_tag","embeddable":true,"href":"https:\/\/ksiegarnia-akademicka.pl\/index.php\/wp-json\/wp\/v2\/product_tag?post=17697"}],"curies":[{"name":"wp","href":"https:\/\/api.w.org\/{rel}","templated":true}]}}