{"id":17690,"date":"2024-03-05T09:56:37","date_gmt":"2024-03-05T08:56:37","guid":{"rendered":"http:\/\/ksiegarnia-akademicka.pl\/?post_type=product&#038;p=17690"},"modified":"2024-03-05T09:58:58","modified_gmt":"2024-03-05T08:58:58","slug":"traktat-o-dobrej-robocie","status":"publish","type":"product","link":"https:\/\/ksiegarnia-akademicka.pl\/index.php\/product\/traktat-o-dobrej-robocie\/","title":{"rendered":"Traktat o dobrej robocie"},"content":{"rendered":"<p>Autor:<br \/>\nTadeusz Kotarbi\u0144ski<br \/>\nWydawca: Wydawnictwo Uniwersytetu \u0141\u00f3dzkiego<br \/>\nOprawa: Twarda<br \/>\nFormat: 15.0&#215;21.0cm<br \/>\nLiczba stron: 366<br \/>\nRok wydania: 2023<br \/>\nJ\u0119zyk wydania: polski<\/p>\n<p>Ponowne wydanie klasycznego dzie\u0142a Tadeusza Kotarbi\u0144skiego \u2013 filozofa, pedagoga, tw\u00f3rcy etyki niezale\u017cnej, my\u015bliciela zaanga\u017cowanego w sprawy spo\u0142eczne, jednego z za\u0142o\u017cycieli i pierwszego rektora Uniwersytetu \u0141\u00f3dzkiego, a tak\u017ce patrona nagrody za najwybitniejsz\u0105 prac\u0119 naukow\u0105 z dziedziny humanistyki.<\/p>\n<p>\u201ePoniewa\u017c w rzeczywisto\u015bci wszystko si\u0119 wi\u0105\u017ce ze wszystkim, przeto i w opracowywaniu jakiegokolwiek tworzywa do jakichkolwiek cel\u00f3w, chc\u0105c robi\u0107 dobrze, trzeba uwzgl\u0119dnia\u0107 najrozmaitsze zale\u017cno\u015bci. Wi\u0119c przy obmy\u015blaniu dzia\u0142a\u0144, przy racjonalizacji planowania za pomoc\u0105 docieka\u0144 badawczych, im lepiej si\u0119 to robi, tym rozmaitsze i bogatsze zale\u017cno\u015bci jest si\u0119 zmuszonym w\u0142\u0105cza\u0107 do kr\u0119gu w\u0142asnego znawstwa.\u201d<\/p>\n<p>Z Traktatu o dobrej robocie<\/p>\n","protected":false},"excerpt":{"rendered":"<p>Autor: Tadeusz Kotarbi\u0144ski Wydawca: Wydawnictwo Uniwersytetu \u0141\u00f3dzkiego Oprawa: Twarda Format: [&hellip;]<\/p>\n","protected":false},"featured_media":17691,"template":"","meta":[],"product_brand":[],"product_cat":[7506,27],"product_tag":[233],"class_list":{"0":"post-17690","1":"product","2":"type-product","3":"status-publish","4":"has-post-thumbnail","6":"product_cat-filozofia","7":"product_cat-nauki-spoleczne","8":"product_tag-filozofia","10":"first","11":"instock","12":"sale","13":"shipping-taxable","14":"purchasable","15":"product-type-simple"},"_links":{"self":[{"href":"https:\/\/ksiegarnia-akademicka.pl\/index.php\/wp-json\/wp\/v2\/product\/17690","targetHints":{"allow":["GET"]}}],"collection":[{"href":"https:\/\/ksiegarnia-akademicka.pl\/index.php\/wp-json\/wp\/v2\/product"}],"about":[{"href":"https:\/\/ksiegarnia-akademicka.pl\/index.php\/wp-json\/wp\/v2\/types\/product"}],"wp:featuredmedia":[{"embeddable":true,"href":"https:\/\/ksiegarnia-akademicka.pl\/index.php\/wp-json\/wp\/v2\/media\/17691"}],"wp:attachment":[{"href":"https:\/\/ksiegarnia-akademicka.pl\/index.php\/wp-json\/wp\/v2\/media?parent=17690"}],"wp:term":[{"taxonomy":"product_brand","embeddable":true,"href":"https:\/\/ksiegarnia-akademicka.pl\/index.php\/wp-json\/wp\/v2\/product_brand?post=17690"},{"taxonomy":"product_cat","embeddable":true,"href":"https:\/\/ksiegarnia-akademicka.pl\/index.php\/wp-json\/wp\/v2\/product_cat?post=17690"},{"taxonomy":"product_tag","embeddable":true,"href":"https:\/\/ksiegarnia-akademicka.pl\/index.php\/wp-json\/wp\/v2\/product_tag?post=17690"}],"curies":[{"name":"wp","href":"https:\/\/api.w.org\/{rel}","templated":true}]}}