{"id":17640,"date":"2024-02-26T11:38:40","date_gmt":"2024-02-26T10:38:40","guid":{"rendered":"http:\/\/ksiegarnia-akademicka.pl\/?post_type=product&#038;p=17640"},"modified":"2024-02-26T11:38:40","modified_gmt":"2024-02-26T10:38:40","slug":"krajowe-i-zagraniczne-podroze-sluzbowe-poradnik-z-kompletem-dokumentow-z-suplementem-elektronicznym","status":"publish","type":"product","link":"https:\/\/ksiegarnia-akademicka.pl\/index.php\/product\/krajowe-i-zagraniczne-podroze-sluzbowe-poradnik-z-kompletem-dokumentow-z-suplementem-elektronicznym\/","title":{"rendered":"Krajowe i zagraniczne podr\u00f3\u017ce s\u0142u\u017cbowe poradnik z kompletem dokument\u00f3w z suplementem elektronicznym"},"content":{"rendered":"<p>Autor:<br \/>\nOliwia Ma\u0142ecka<br \/>\nWydawca: ODDK<br \/>\nOprawa: Mi\u0119kka<br \/>\nLiczba stron: 206<br \/>\nWydanie: 1<br \/>\nRok wydania: 2024<br \/>\nJ\u0119zyk wydania: polski<\/p>\n<p>Sprawd\u017a, jak poprawnie rozliczy\u0107 podr\u00f3\u017c s\u0142u\u017cbow\u0105 pracownika, jak rozliczy\u0107 diety, noclegi i inne \u015bwiadczenia, jakie s\u0105 obowi\u0105zki pracodawcy w razie wypadku w trakcie podr\u00f3\u017cy s\u0142u\u017cbowej pracownika.<\/p>\n<p>Publikacja zawiera szczeg\u00f3\u0142owe om\u00f3wienie wszelkich zagadnie\u0144 zwi\u0105zanych z podr\u00f3\u017cami s\u0142u\u017cbowymi. Autorka komentuje poszczeg\u00f3lne zagadnienia, pos\u0142uguj\u0105c si\u0119 licznymi przyk\u0142adami z praktyki, ze wskazaniem rozbie\u017cno\u015bci interpretacyjnych oraz konsekwencji dla pracodawc\u00f3w wynikaj\u0105cych z przyj\u0119cia danego rozwi\u0105zania. W ksi\u0105\u017cce om\u00f3wiono m.in.:<\/p>\n<p>* przes\u0142anki pozwalaj\u0105ce uzna\u0107 wyjazd s\u0142u\u017cbowy za podr\u00f3\u017c s\u0142u\u017cbow\u0105,<br \/>\n* zasady rozliczania czasu pracy w podro\u017cy s\u0142u\u017cbowej (m.in.: ewidencja czasu pracy w podr\u00f3\u017cy, podr\u00f3\u017c s\u0142u\u017cbowa a prawo do wypoczynku, konsekwencje naruszenia przepis\u00f3w o czasie pracy),<br \/>\n* \u015bwiadczenia przys\u0142uguj\u0105ce z tytu\u0142u krajowych i zagranicznych podr\u00f3\u017cy s\u0142u\u017cbowych i zasady ich rozliczania,<br \/>\n* szczeg\u00f3lne regulacje dotycz\u0105ce wyjazd\u00f3w s\u0142u\u017cbowych niekt\u00f3rych grup pracownik\u00f3w (m.in.: kierowc\u00f3w w transporcie mi\u0119dzynarodowym, nauczycieli akademickich, pracownik\u00f3w wykonuj\u0105cych prac\u0119 w formie zdalnej),<br \/>\n* r\u00f3\u017cnice mi\u0119dzy delegacj\u0105 a oddelegowaniem pracownika do pracy w innym miejscu,<br \/>\n* wypadki przy pracy w podr\u00f3\u017cach s\u0142u\u017cbowych (w tym m.in. obowi\u0105zki pracodawcy, \u015bwiadczenia z tytu\u0142u wypadk\u00f3w w podr\u00f3\u017cy s\u0142u\u017cbowej, wy\u0142\u0105czenie prawa do \u015bwiadcze\u0144),<br \/>\n* zasady opodatkowania i osk\u0142adkowania \u015bwiadcze\u0144 z tytu\u0142u podr\u00f3\u017cy s\u0142u\u017cbowych,<br \/>\nograniczenie mo\u017cliwo\u015bci delegowania niekt\u00f3rych pracownik\u00f3w poza sta\u0142e miejsce pracy (m.in.: zakazy dotycz\u0105ce kobiet w ci\u0105\u017cy i pracownik\u00f3w wychowuj\u0105cych dzieci, mo\u017cliwo\u015b\u0107 odmowy wyjazdu przez pracownika w specyficznej sytuacji osobistej, wyjazdy s\u0142u\u017cbowe w strefy zagro\u017cenia \u017cycia lub zdrowia pracownika),<br \/>\n* podr\u00f3\u017ce os\u00f3b zatrudnionych na podstawie cywilnoprawnej oraz os\u00f3b prowadz\u0105cych dzia\u0142alno\u015b\u0107 gospodarcz\u0105.<\/p>\n<p>Uzupe\u0142nieniem publikacji jest bogaty zbi\u00f3r niezb\u0119dnych dokument\u00f3w, w tym przyk\u0142adowy regulamin podr\u00f3\u017cy s\u0142u\u017cbowych. Wszystkie wzory dost\u0119pne s\u0105 r\u00f3wnie\u017c w formie edytowalnej (MS Word) jako suplement elektroniczny. Plik suplementu mo\u017cna pobra\u0107 przez Internet, post\u0119puj\u0105c zgodnie z instrukcj\u0105 zamieszczon\u0105 w ksi\u0105\u017cce; zainstalowanie suplementu wymaga systemu operacyjnego Windows.<\/p>\n","protected":false},"excerpt":{"rendered":"<p>Autor: Oliwia Ma\u0142ecka Wydawca: ODDK Oprawa: Mi\u0119kka Liczba stron: 206 [&hellip;]<\/p>\n","protected":false},"featured_media":17641,"template":"","meta":[],"product_brand":[],"product_cat":[18,7550],"product_tag":[1008,793],"class_list":{"0":"post-17640","1":"product","2":"type-product","3":"status-publish","4":"has-post-thumbnail","6":"product_cat-prawo","7":"product_cat-prawo-pracy","8":"product_tag-prawo","9":"product_tag-prawo-pracy","11":"first","12":"instock","13":"sale","14":"shipping-taxable","15":"purchasable","16":"product-type-simple"},"_links":{"self":[{"href":"https:\/\/ksiegarnia-akademicka.pl\/index.php\/wp-json\/wp\/v2\/product\/17640","targetHints":{"allow":["GET"]}}],"collection":[{"href":"https:\/\/ksiegarnia-akademicka.pl\/index.php\/wp-json\/wp\/v2\/product"}],"about":[{"href":"https:\/\/ksiegarnia-akademicka.pl\/index.php\/wp-json\/wp\/v2\/types\/product"}],"wp:featuredmedia":[{"embeddable":true,"href":"https:\/\/ksiegarnia-akademicka.pl\/index.php\/wp-json\/wp\/v2\/media\/17641"}],"wp:attachment":[{"href":"https:\/\/ksiegarnia-akademicka.pl\/index.php\/wp-json\/wp\/v2\/media?parent=17640"}],"wp:term":[{"taxonomy":"product_brand","embeddable":true,"href":"https:\/\/ksiegarnia-akademicka.pl\/index.php\/wp-json\/wp\/v2\/product_brand?post=17640"},{"taxonomy":"product_cat","embeddable":true,"href":"https:\/\/ksiegarnia-akademicka.pl\/index.php\/wp-json\/wp\/v2\/product_cat?post=17640"},{"taxonomy":"product_tag","embeddable":true,"href":"https:\/\/ksiegarnia-akademicka.pl\/index.php\/wp-json\/wp\/v2\/product_tag?post=17640"}],"curies":[{"name":"wp","href":"https:\/\/api.w.org\/{rel}","templated":true}]}}