{"id":1764,"date":"2018-05-22T12:44:23","date_gmt":"2018-05-22T10:44:23","guid":{"rendered":"http:\/\/ksiegarnia-akademicka.pl\/index.php\/product\/mikroekonomia-3\/"},"modified":"2024-10-03T09:14:56","modified_gmt":"2024-10-03T07:14:56","slug":"mikroekonomia-3","status":"publish","type":"product","link":"https:\/\/ksiegarnia-akademicka.pl\/index.php\/product\/mikroekonomia-3\/","title":{"rendered":"Mikroekonomia David Begg, Gianluigi Vernasca, Stanley Fisher, Rudiger Dornbusch"},"content":{"rendered":"<p>Autor:<br \/>\nDavid Begg<br \/>\nT\u0142umacze: Rapacki Ryszard<br \/>\nWydawca: PWE<br \/>\nOprawa: Mi\u0119kka<br \/>\nFormat: 16.2&#215;23.7cm<br \/>\nLiczba stron: 608<br \/>\nWydanie: 5<br \/>\nRok wydania: 2013<br \/>\nJ\u0119zyk wydania: polski<\/p>\n<p>Jest to kolejne wydanie niezwykle popularnego podr\u0119cznika na pierwszych latach studi\u00f3w ekonomicznych w wi\u0119kszo\u015bci polskich uczelni. Dzi\u0119ki rozszerzeniu grona autor\u00f3w dokonano kompleksowej aktualizacji ca\u0142ej ksi\u0105\u017cki, przedstawiaj\u0105c w przyst\u0119pny spos\u00f3b wiedz\u0119 z dziedziny ekonomii. Opisano szczeg\u00f3\u0142owo mi\u0119dzy innymi narz\u0119dzia analizy ekonomicznej; popyt, poda\u017c i rynek; decyzje konsumenta; konkurencj\u0119 doskona\u0142\u0105 i czysty monopol; konkurencj\u0119 niedoskona\u0142\u0105. Zaprezentowano zmiany zachodz\u0105ce we wsp\u00f3\u0142czesnej gospodarce, w tym analiz\u0119 kryzysu finansowego. Wprowadzono nowe narz\u0119dzia dydaktyczne, na przyk\u0142ad ponadobowi\u0105zkowe rozszerzenia matematyczne.<\/p>\n<p>Autorami podr\u0119cznika s\u0105 wybitni uczeni i wyk\u0142adowcy ekonomii, maj\u0105cy du\u017ce do\u015bwiadczenie w doradztwie gospodarczym. Przek\u0142ad na j\u0119zyk polski jest zas\u0142ug\u0105 pracownik\u00f3w naukowych Szko\u0142y G\u0142\u00f3wnej Handlowej.<\/p>\n","protected":false},"excerpt":{"rendered":"<p>Autor: David Begg T\u0142umacze: Rapacki Ryszard Wydawca: PWE Oprawa: Mi\u0119kka [&hellip;]<\/p>\n","protected":false},"featured_media":7473,"template":"","meta":[],"product_brand":[],"product_cat":[17,7499],"product_tag":[337,338,259],"class_list":{"0":"post-1764","1":"product","2":"type-product","3":"status-publish","4":"has-post-thumbnail","6":"product_cat-ekonomia","7":"product_cat-makro-i-mikroekonomia","8":"product_tag-ekonomia","9":"product_tag-mikroekonomia","10":"product_tag-podreczniki-akademickie","12":"first","13":"instock","14":"sale","15":"shipping-taxable","16":"purchasable","17":"product-type-simple"},"_links":{"self":[{"href":"https:\/\/ksiegarnia-akademicka.pl\/index.php\/wp-json\/wp\/v2\/product\/1764","targetHints":{"allow":["GET"]}}],"collection":[{"href":"https:\/\/ksiegarnia-akademicka.pl\/index.php\/wp-json\/wp\/v2\/product"}],"about":[{"href":"https:\/\/ksiegarnia-akademicka.pl\/index.php\/wp-json\/wp\/v2\/types\/product"}],"wp:featuredmedia":[{"embeddable":true,"href":"https:\/\/ksiegarnia-akademicka.pl\/index.php\/wp-json\/wp\/v2\/media\/7473"}],"wp:attachment":[{"href":"https:\/\/ksiegarnia-akademicka.pl\/index.php\/wp-json\/wp\/v2\/media?parent=1764"}],"wp:term":[{"taxonomy":"product_brand","embeddable":true,"href":"https:\/\/ksiegarnia-akademicka.pl\/index.php\/wp-json\/wp\/v2\/product_brand?post=1764"},{"taxonomy":"product_cat","embeddable":true,"href":"https:\/\/ksiegarnia-akademicka.pl\/index.php\/wp-json\/wp\/v2\/product_cat?post=1764"},{"taxonomy":"product_tag","embeddable":true,"href":"https:\/\/ksiegarnia-akademicka.pl\/index.php\/wp-json\/wp\/v2\/product_tag?post=1764"}],"curies":[{"name":"wp","href":"https:\/\/api.w.org\/{rel}","templated":true}]}}