{"id":17621,"date":"2024-02-12T13:29:04","date_gmt":"2024-02-12T12:29:04","guid":{"rendered":"http:\/\/ksiegarnia-akademicka.pl\/?post_type=product&#038;p=17621"},"modified":"2024-02-12T15:32:44","modified_gmt":"2024-02-12T14:32:44","slug":"opieka-nad-osobami-przewlekle-chorymi-w-wieku-podeszlym-i-niesamodzielnymi-podrecznik-dla-opiekunow-medycznych","status":"publish","type":"product","link":"https:\/\/ksiegarnia-akademicka.pl\/index.php\/product\/opieka-nad-osobami-przewlekle-chorymi-w-wieku-podeszlym-i-niesamodzielnymi-podrecznik-dla-opiekunow-medycznych\/","title":{"rendered":"Opieka nad osobami przewlekle chorymi w wieku podesz\u0142ym i niesamodzielnymi Podr\u0119cznik dla opiekun\u00f3w medycznych"},"content":{"rendered":"<p>Autor:<br \/>\nDorota Talarska<br \/>\nKatarzyna Wieczorowska-Tobis<br \/>\nEl\u017cbieta Szwa\u0142kiewicz<br \/>\nWydawca: PZWL<br \/>\nOprawa: Mi\u0119kka<br \/>\nFormat: 16.5&#215;23.5cm<br \/>\nLiczba stron: 312<br \/>\nWydanie: 1<br \/>\nRok wydania: 2024<br \/>\nJ\u0119zyk wydania: polski<\/p>\n<p>W ksi\u0105\u017cce szczeg\u00f3\u0142owo om\u00f3wiono sposoby rozwi\u0105zywania problem\u00f3w zdrowotnych i piel\u0119gnacyjnych u pacjent\u00f3w z r\u00f3\u017cnymi schorzeniami przewlek\u0142ymi, niesamodzielnymi w wieku dojrza\u0142ym oraz w podesz\u0142ym wieku. Pierwsza cz\u0119\u015b\u0107 ksi\u0105\u017cki zawiera kr\u00f3tkie wprowadzenie z zakresu podstawowych poj\u0119\u0107 dotycz\u0105cych: opieki i piel\u0119gnacji, modelu sprawowania opieki, zespo\u0142u terapeutycznego, potrzeb cz\u0142owieka chorego oraz zaka\u017ce\u0144 szpitalnych. W drugiej cz\u0119\u015bci szczeg\u00f3\u0142owo om\u00f3wiono zasady piel\u0119gnowania w r\u00f3\u017cnych sytuacjach chorobowych oraz zwi\u0105zanych z niesprawno\u015bci\u0105.<br \/>\nKsi\u0105\u017cka adresowana jest przede wszystkim do os\u00f3b kszta\u0142c\u0105cych si\u0119 w zawodzie opiekun medyczny. Mo\u017ce by\u0107 r\u00f3wnie\u017c przydatna dla pracownik\u00f3w socjalnych, asystent\u00f3w os\u00f3b przewlekle chorych oraz rodzinie.<\/p>\n","protected":false},"excerpt":{"rendered":"<p>Autor: Dorota Talarska Katarzyna Wieczorowska-Tobis El\u017cbieta Szwa\u0142kiewicz Wydawca: PZWL Oprawa: [&hellip;]<\/p>\n","protected":false},"featured_media":17622,"template":"","meta":[],"product_brand":[],"product_cat":[8112,7493,7965],"product_tag":[7215,3994,4707],"class_list":{"0":"post-17621","1":"product","2":"type-product","3":"status-publish","4":"has-post-thumbnail","6":"product_cat-geriatria","7":"product_cat-medycyna","8":"product_cat-pielegniarstwo","9":"product_tag-geriatria","10":"product_tag-medycyna","11":"product_tag-opieka-paliatywna","13":"first","14":"instock","15":"sale","16":"shipping-taxable","17":"purchasable","18":"product-type-simple"},"_links":{"self":[{"href":"https:\/\/ksiegarnia-akademicka.pl\/index.php\/wp-json\/wp\/v2\/product\/17621","targetHints":{"allow":["GET"]}}],"collection":[{"href":"https:\/\/ksiegarnia-akademicka.pl\/index.php\/wp-json\/wp\/v2\/product"}],"about":[{"href":"https:\/\/ksiegarnia-akademicka.pl\/index.php\/wp-json\/wp\/v2\/types\/product"}],"wp:featuredmedia":[{"embeddable":true,"href":"https:\/\/ksiegarnia-akademicka.pl\/index.php\/wp-json\/wp\/v2\/media\/17622"}],"wp:attachment":[{"href":"https:\/\/ksiegarnia-akademicka.pl\/index.php\/wp-json\/wp\/v2\/media?parent=17621"}],"wp:term":[{"taxonomy":"product_brand","embeddable":true,"href":"https:\/\/ksiegarnia-akademicka.pl\/index.php\/wp-json\/wp\/v2\/product_brand?post=17621"},{"taxonomy":"product_cat","embeddable":true,"href":"https:\/\/ksiegarnia-akademicka.pl\/index.php\/wp-json\/wp\/v2\/product_cat?post=17621"},{"taxonomy":"product_tag","embeddable":true,"href":"https:\/\/ksiegarnia-akademicka.pl\/index.php\/wp-json\/wp\/v2\/product_tag?post=17621"}],"curies":[{"name":"wp","href":"https:\/\/api.w.org\/{rel}","templated":true}]}}