{"id":17590,"date":"2024-02-07T10:02:30","date_gmt":"2024-02-07T09:02:30","guid":{"rendered":"http:\/\/ksiegarnia-akademicka.pl\/?post_type=product&#038;p=17590"},"modified":"2024-02-07T10:02:31","modified_gmt":"2024-02-07T09:02:31","slug":"terapia-punktow-spustowych","status":"publish","type":"product","link":"https:\/\/ksiegarnia-akademicka.pl\/index.php\/product\/terapia-punktow-spustowych\/","title":{"rendered":"Terapia punkt\u00f3w spustowych"},"content":{"rendered":"<p>Autor:<br \/>\nClair Davies<br \/>\nT\u0142umacze: Pozna\u0144ski Juliusz<br \/>\nWydawca: Vital<br \/>\nOprawa: Mi\u0119kka<br \/>\nFormat: 16.5&#215;24.0cm<br \/>\nLiczba stron: 432<br \/>\nWydanie: 4<br \/>\nRok wydania: 2024<br \/>\nJ\u0119zyk wydania: polski<\/p>\n<p>Terapia manualna punkt\u00f3w spustowych to bezpieczna metoda stosowana zar\u00f3wno przez zawodowych chiropraktyk\u00f3w jak i ca\u0142kowitych laik\u00f3w. To lekka aktywno\u015b\u0107 fizyczna oparta na medycynie naturalnej s\u0142u\u017c\u0105ca redukcji i leczeniu b\u00f3lu w tym b\u00f3lu kr\u0119gos\u0142upa. Dzi\u0119ki tej profesjonalnej ksi\u0105\u017cce samodzielnie poradzisz sobie z rw\u0105 kulszow\u0105, b\u00f3lami plec\u00f3w, krzy\u017ca, g\u0142owy, a tak\u017ce z zapaleniem staw\u00f3w czy mi\u0119\u015bni. Przedstawiony w niej masa\u017c powi\u0119zi oka\u017ce si\u0119 pomocny przy b\u00f3lach mi\u0119\u015bniowo-powi\u0119ziowych, urazach sportowych i powypadkowych. Pomog\u0105 ci w tym jasno sformu\u0142owane instrukcje oraz czytelne ilustracje. Czas wzi\u0105\u0107 sprawy w swoje r\u0119ce i zadba\u0107 o zdrowie pozbywaj\u0105c si\u0119 b\u00f3lu mi\u0119\u015bni, staw\u00f3w i ko\u015bci.<\/p>\n","protected":false},"excerpt":{"rendered":"<p>Autor: Clair Davies T\u0142umacze: Pozna\u0144ski Juliusz Wydawca: Vital Oprawa: Mi\u0119kka [&hellip;]<\/p>\n","protected":false},"featured_media":17591,"template":"","meta":[],"product_brand":[],"product_cat":[8069,7493],"product_tag":[1655,1498],"class_list":{"0":"post-17590","1":"product","2":"type-product","3":"status-publish","4":"has-post-thumbnail","6":"product_cat-fizjologia","7":"product_cat-medycyna","8":"product_tag-fizjologia","9":"product_tag-fizjoterapia","11":"first","12":"instock","13":"sale","14":"shipping-taxable","15":"purchasable","16":"product-type-simple"},"_links":{"self":[{"href":"https:\/\/ksiegarnia-akademicka.pl\/index.php\/wp-json\/wp\/v2\/product\/17590","targetHints":{"allow":["GET"]}}],"collection":[{"href":"https:\/\/ksiegarnia-akademicka.pl\/index.php\/wp-json\/wp\/v2\/product"}],"about":[{"href":"https:\/\/ksiegarnia-akademicka.pl\/index.php\/wp-json\/wp\/v2\/types\/product"}],"wp:featuredmedia":[{"embeddable":true,"href":"https:\/\/ksiegarnia-akademicka.pl\/index.php\/wp-json\/wp\/v2\/media\/17591"}],"wp:attachment":[{"href":"https:\/\/ksiegarnia-akademicka.pl\/index.php\/wp-json\/wp\/v2\/media?parent=17590"}],"wp:term":[{"taxonomy":"product_brand","embeddable":true,"href":"https:\/\/ksiegarnia-akademicka.pl\/index.php\/wp-json\/wp\/v2\/product_brand?post=17590"},{"taxonomy":"product_cat","embeddable":true,"href":"https:\/\/ksiegarnia-akademicka.pl\/index.php\/wp-json\/wp\/v2\/product_cat?post=17590"},{"taxonomy":"product_tag","embeddable":true,"href":"https:\/\/ksiegarnia-akademicka.pl\/index.php\/wp-json\/wp\/v2\/product_tag?post=17590"}],"curies":[{"name":"wp","href":"https:\/\/api.w.org\/{rel}","templated":true}]}}