{"id":17573,"date":"2024-02-05T08:59:33","date_gmt":"2024-02-05T07:59:33","guid":{"rendered":"http:\/\/ksiegarnia-akademicka.pl\/?post_type=product&#038;p=17573"},"modified":"2024-12-05T09:37:22","modified_gmt":"2024-12-05T08:37:22","slug":"kodeks-postepowania-cywilnego-komentarz-tom-1-2","status":"publish","type":"product","link":"https:\/\/ksiegarnia-akademicka.pl\/index.php\/product\/kodeks-postepowania-cywilnego-komentarz-tom-1-2\/","title":{"rendered":"Kodeks post\u0119powania cywilnego Komentarz Tom 1\/2"},"content":{"rendered":"<p>Redakcja: Piaskowska Olga M.<br \/>\nMa\u0142gorzata Anaszkiewicz, Ma\u0142gorzata Eysymontt, Dominik Horodyski, El\u017cbieta Jaceczko, Magdalena Kuchnio, Agata Majchrowska, Karolina Panfil, Joanna Parafianowicz, Aleksandra Partyk, Tomasz Partyk, Olga M. Piaskowska , Aleksandra Rutkowska, Dariusz Rutkowski, Katarzyna Sacharuk, Arkadiusz Turczyn<br \/>\nWydawca: Wolters Kluwer<br \/>\nOprawa: Twarda<br \/>\nLiczba stron: 3600<br \/>\nWydanie: 1<br \/>\nRok wydania: 2023<br \/>\nJ\u0119zyk wydania: polski<\/p>\n<p>Stan prawny: 1 pa\u017adziernika 2023 r.<\/p>\n<p>Publikacja napisana przez praktyk\u00f3w i z my\u015bl\u0105 o praktykach w spos\u00f3b kompleksowy omawia wszystkie zagadnienia post\u0119powania cywilnego oraz problemy, jakie mog\u0105 stwarza\u0107 poszczeg\u00f3lne przepisy Kodeksu post\u0119powania cywilnego. Autorzy komentuj\u0105 nowelizacj\u0119 z 7 lipca 2023 r., maj\u0105c\u0105 na celu przede wszystkim usprawnienie post\u0119powa\u0144 s\u0105dowych w sprawach cywilnych i zapobie\u017cenie ich przewlek\u0142o\u015bci, doprecyzowanie zasad dor\u0119cze\u0144 komorniczych, a tak\u017ce wprowadzaj\u0105c\u0105 nowe rozwi\u0105zania w zakresie planowania rozprawy.<\/p>\n<p>Opracowanie zawiera r\u00f3wnie\u017c om\u00f3wienie innych zmian Kodeksu post\u0119powania cywilnego dotycz\u0105cych m.in.:<br \/>\n\u2022 dostosowania polskiego prawa do unijnego rozporz\u0105dzenia o jurysdykcji, uznawaniu i wykonywaniu orzecze\u0144 w sprawach ma\u0142\u017ce\u0144skich;<br \/>\n\u2022 przyspieszenia post\u0119powa\u0144 s\u0105dowych oraz u\u0142atwienia stronom i pe\u0142nomocnikom kontaktu z s\u0105dem;<br \/>\n\u2022 ograniczenia obci\u0105\u017ce\u0144 administracyjnych dla obywateli, w tym przedsi\u0119biorc\u00f3w;<br \/>\n\u2022 wzmocnienia ochrony os\u00f3b doznaj\u0105cych przemocy domowej;<br \/>\n\u2022 nowej instytucji \u015bwiadczenia wspieraj\u0105cego;<br \/>\n\u2022 lepszego zabezpieczenia sytuacji prawnej spadkobierc\u00f3w;<br \/>\n\u2022 podwy\u017cszenia standard\u00f3w uczestnictwa ma\u0142oletnich w procedurach s\u0105dowych;<br \/>\n\u2022 post\u0119powania w razie niemo\u017cno\u015bci dor\u0119czenia elektronicznego;<br \/>\n\u2022 post\u0119powania egzekucyjnego.<\/p>\n<p>Autorzy przedstawiaj\u0105 ponadto szeroki przegl\u0105d aktualnego orzecznictwa, ograniczaj\u0105c si\u0119 jedynie w niezb\u0119dnym zakresie do uwag o charakterze dogmatycznym.<\/p>\n<p>Ksi\u0105\u017cka jest przeznaczona przede wszystkim dla praktyk\u00f3w prawa \u2013 s\u0119dzi\u00f3w, adwokat\u00f3w, radc\u00f3w prawnych i komornik\u00f3w.<\/p>\n","protected":false},"excerpt":{"rendered":"<p>Redakcja: Piaskowska Olga M. Ma\u0142gorzata Anaszkiewicz, Ma\u0142gorzata Eysymontt, Dominik Horodyski, [&hellip;]<\/p>\n","protected":false},"featured_media":17574,"template":"","meta":[],"product_brand":[],"product_cat":[7491,18],"product_tag":[692,4603],"class_list":{"0":"post-17573","1":"product","2":"type-product","3":"status-publish","4":"has-post-thumbnail","6":"product_cat-cywilne","7":"product_cat-prawo","8":"product_tag-postepowanie-cywilne","9":"product_tag-seria-komentarze-praktyczne","11":"first","12":"instock","13":"sale","14":"shipping-taxable","15":"purchasable","16":"product-type-simple"},"_links":{"self":[{"href":"https:\/\/ksiegarnia-akademicka.pl\/index.php\/wp-json\/wp\/v2\/product\/17573","targetHints":{"allow":["GET"]}}],"collection":[{"href":"https:\/\/ksiegarnia-akademicka.pl\/index.php\/wp-json\/wp\/v2\/product"}],"about":[{"href":"https:\/\/ksiegarnia-akademicka.pl\/index.php\/wp-json\/wp\/v2\/types\/product"}],"wp:featuredmedia":[{"embeddable":true,"href":"https:\/\/ksiegarnia-akademicka.pl\/index.php\/wp-json\/wp\/v2\/media\/17574"}],"wp:attachment":[{"href":"https:\/\/ksiegarnia-akademicka.pl\/index.php\/wp-json\/wp\/v2\/media?parent=17573"}],"wp:term":[{"taxonomy":"product_brand","embeddable":true,"href":"https:\/\/ksiegarnia-akademicka.pl\/index.php\/wp-json\/wp\/v2\/product_brand?post=17573"},{"taxonomy":"product_cat","embeddable":true,"href":"https:\/\/ksiegarnia-akademicka.pl\/index.php\/wp-json\/wp\/v2\/product_cat?post=17573"},{"taxonomy":"product_tag","embeddable":true,"href":"https:\/\/ksiegarnia-akademicka.pl\/index.php\/wp-json\/wp\/v2\/product_tag?post=17573"}],"curies":[{"name":"wp","href":"https:\/\/api.w.org\/{rel}","templated":true}]}}