{"id":17571,"date":"2024-02-05T08:55:12","date_gmt":"2024-02-05T07:55:12","guid":{"rendered":"http:\/\/ksiegarnia-akademicka.pl\/?post_type=product&#038;p=17571"},"modified":"2024-12-05T09:37:33","modified_gmt":"2024-12-05T08:37:33","slug":"psychologia-edukacyjna","status":"publish","type":"product","link":"https:\/\/ksiegarnia-akademicka.pl\/index.php\/product\/psychologia-edukacyjna\/","title":{"rendered":"Psychologia edukacyjna"},"content":{"rendered":"<p>Autor:<br \/>\nHanna Bednarek<br \/>\nDorota Bednarek<br \/>\nWydawca: Wydawnictwo Naukowe PWN<br \/>\nOprawa: Mi\u0119kka<br \/>\nFormat: 21.0&#215;29.7cm<br \/>\nLiczba stron: 540<br \/>\nWydanie: 1<br \/>\nRok wydania: 2024<br \/>\nJ\u0119zyk wydania: polski<\/p>\n<p>Psychologia edukacyjna to niezb\u0119dna pozycja w bibliotece ka\u017cdego psychologa zatrudnionego w szkole, przedszkolu lub innej plac\u00f3wce edukacyjnej, a tak\u017ce studenta, kt\u00f3ry przygotowuje si\u0119 do tej roli. Zesp\u00f3\u0142 specjalist\u00f3w pod kierunkiem Doroty Bednarek i Hanny Bednarek opracowa\u0142 kompendium wiedzy na temat zada\u0144 psychologa pracuj\u0105cego w sektorze edukacji. W podr\u0119czniku uj\u0119to trzy obszary tematyczne zwi\u0105zane z psychologi\u0105 edukacji: Zagadnienia podstawowe. Autorzy wyja\u015bniaj\u0105, na czym polega rola psychologa w polskim systemie edukacji, jakie ramy prawne, organizacyjne, etyczne i praktyczne go obowi\u0105zuj\u0105. Osobne rozdzia\u0142y po\u015bwi\u0119cono to\u017csamo\u015bci zawodowej psychologa edukacyjnego, praktyce opartej na dowodach naukowych oraz roli szko\u0142y w zakresie dbania o zdrowie psychiczne dzieci i m\u0142odzie\u017cy. Specjalne potrzeby edukacyjne \u2013 wybrane zagadnienia (diagnoza i interwencja). Autorzy opisuj\u0105 tu praktyczne zadania psychologa w kontek\u015bcie diagnozy i interwencji zwi\u0105zanych ze specjalnymi potrzebami edukacyjnymi. Przybli\u017caj\u0105 podstawowe typy specjalnych potrzeb edukacyjnych, jak zaburzenie rozwoju j\u0119zykowego, dysleksja rozwojowa, dyskalkulia czy spektrum autyzmu, opisuj\u0105 prawid\u0142owy przebieg procedury diagnostycznej, dost\u0119pne narz\u0119dzia oraz potencjalne trudno\u015bci w diagnozie. Czytelnik znajdzie tu tak\u017ce wiedz\u0119 na temat interwencji opartych na dowodach naukowych. R\u00f3\u017cnorodno\u015b\u0107 zastosowa\u0144 psychologii edukacyjnej. W tej cz\u0119\u015bci zawarto rozdzia\u0142y wzbogacaj\u0105ce wiedz\u0119 i warsztat psychologa, kt\u00f3rego zadaniem jest nie tylko troska o ucznia, lecz tak\u017ce wsp\u00f3\u0142praca z nauczycielami i dbanie o klimat plac\u00f3wki edukacyjnej. Czytelnik znajdzie tu m.in. informacje na temat przekazywania informacji zwrotnej, tutoringu i mentoringu, edukacji seksualnej i mi\u0119dzykulturowej, stymulowania kreatywno\u015bci uczni\u00f3w oraz projektowania do\u015bwiadcze\u0144.<\/p>\n","protected":false},"excerpt":{"rendered":"<p>Autor: Hanna Bednarek Dorota Bednarek Wydawca: Wydawnictwo Naukowe PWN Oprawa: [&hellip;]<\/p>\n","protected":false},"featured_media":17572,"template":"","meta":[],"product_brand":[],"product_cat":[27,7509],"product_tag":[1186,8257],"class_list":{"0":"post-17571","1":"product","2":"type-product","3":"status-publish","4":"has-post-thumbnail","6":"product_cat-nauki-spoleczne","7":"product_cat-psychologia","8":"product_tag-psychologia","9":"product_tag-psychologia-edukacyjna","11":"first","12":"instock","13":"sale","14":"shipping-taxable","15":"purchasable","16":"product-type-simple"},"_links":{"self":[{"href":"https:\/\/ksiegarnia-akademicka.pl\/index.php\/wp-json\/wp\/v2\/product\/17571","targetHints":{"allow":["GET"]}}],"collection":[{"href":"https:\/\/ksiegarnia-akademicka.pl\/index.php\/wp-json\/wp\/v2\/product"}],"about":[{"href":"https:\/\/ksiegarnia-akademicka.pl\/index.php\/wp-json\/wp\/v2\/types\/product"}],"wp:featuredmedia":[{"embeddable":true,"href":"https:\/\/ksiegarnia-akademicka.pl\/index.php\/wp-json\/wp\/v2\/media\/17572"}],"wp:attachment":[{"href":"https:\/\/ksiegarnia-akademicka.pl\/index.php\/wp-json\/wp\/v2\/media?parent=17571"}],"wp:term":[{"taxonomy":"product_brand","embeddable":true,"href":"https:\/\/ksiegarnia-akademicka.pl\/index.php\/wp-json\/wp\/v2\/product_brand?post=17571"},{"taxonomy":"product_cat","embeddable":true,"href":"https:\/\/ksiegarnia-akademicka.pl\/index.php\/wp-json\/wp\/v2\/product_cat?post=17571"},{"taxonomy":"product_tag","embeddable":true,"href":"https:\/\/ksiegarnia-akademicka.pl\/index.php\/wp-json\/wp\/v2\/product_tag?post=17571"}],"curies":[{"name":"wp","href":"https:\/\/api.w.org\/{rel}","templated":true}]}}