{"id":17563,"date":"2024-02-02T08:24:35","date_gmt":"2024-02-02T07:24:35","guid":{"rendered":"http:\/\/ksiegarnia-akademicka.pl\/?post_type=product&#038;p=17563"},"modified":"2024-02-02T08:24:35","modified_gmt":"2024-02-02T07:24:35","slug":"psychologia-sadowa-wybrane-zagadnienia","status":"publish","type":"product","link":"https:\/\/ksiegarnia-akademicka.pl\/index.php\/product\/psychologia-sadowa-wybrane-zagadnienia\/","title":{"rendered":"Psychologia s\u0105dowa Wybrane zagadnienia"},"content":{"rendered":"<p>Redakcja: Szpitalak Malwina, Kasparek Krzysztof<br \/>\nWydawca: Wydawnictwo Uniwersytetu Jagiello\u0144skiego<br \/>\nOprawa: Mi\u0119kka<br \/>\nFormat: 15.5&#215;23.5cm<br \/>\nLiczba stron: 376<br \/>\nWydanie: 1<br \/>\nRok wydania: 2023<br \/>\nJ\u0119zyk wydania: polski<\/p>\n<p>Teksty zawarte w monografii poruszaj\u0105 najwa\u017cniejsze zagadnienia psychologii s\u0105dowej. Mo\u017cna do nich zaliczy\u0107 zeznania \u015bwiadk\u00f3w, przygotowywanie opinii psychologicznych na potrzeby s\u0105du (w tym diagnostyk\u0119 ryzyka recydywy), profilowanie nieznanych sprawc\u00f3w przest\u0119pstw (r\u00f3wnie\u017c przest\u0119pstw komputerowych), analizy skuteczno\u015bci technik stosowanych przez policj\u0119 w celu identyfikacji sprawcy (na przyk\u0142adzie procedury okazania oraz sporz\u0105dzania portretu pami\u0119ciowego), a tak\u017ce mo\u017cliwo\u015bci wykorzystania w procesie s\u0105dowym wiedzy z zakresu neuronauki poznawczej.<\/p>\n<p>Interdyscyplinarny charakter artyku\u0142\u00f3w oraz szczeg\u00f3\u0142owe opracowanie problem\u00f3w z dziedziny psychologii s\u0105dowej i penitencjarnej sprawiaj\u0105, \u017ce Psychologia s\u0105dowa. Wybrane zagadnienia stanowi wart\u0105 odnotowania pozycj\u0119 na polskim rynku wydawniczym. Dzi\u0119ki aktualno\u015bci opisanych problem\u00f3w mo\u017ce ona s\u0142u\u017cy\u0107 jako podr\u0119cznik akademicki dla student\u00f3w zainteresowanych psychologi\u0105 s\u0105dow\u0105 i resocjalizacj\u0105, a tak\u017ce stanowi cenne \u017ar\u00f3d\u0142o wiedzy dla bieg\u0142ych psycholog\u00f3w s\u0105dowych, adwokat\u00f3w, s\u0119dzi\u00f3w czy pracownik\u00f3w prokuratury<\/p>\n","protected":false},"excerpt":{"rendered":"<p>Redakcja: Szpitalak Malwina, Kasparek Krzysztof Wydawca: Wydawnictwo Uniwersytetu Jagiello\u0144skiego Oprawa: [&hellip;]<\/p>\n","protected":false},"featured_media":17564,"template":"","meta":[],"product_brand":[],"product_cat":[27,7509],"product_tag":[1186,5439],"class_list":{"0":"post-17563","1":"product","2":"type-product","3":"status-publish","4":"has-post-thumbnail","6":"product_cat-nauki-spoleczne","7":"product_cat-psychologia","8":"product_tag-psychologia","9":"product_tag-psychologia-sadowa","11":"first","12":"instock","13":"sale","14":"shipping-taxable","15":"purchasable","16":"product-type-simple"},"_links":{"self":[{"href":"https:\/\/ksiegarnia-akademicka.pl\/index.php\/wp-json\/wp\/v2\/product\/17563","targetHints":{"allow":["GET"]}}],"collection":[{"href":"https:\/\/ksiegarnia-akademicka.pl\/index.php\/wp-json\/wp\/v2\/product"}],"about":[{"href":"https:\/\/ksiegarnia-akademicka.pl\/index.php\/wp-json\/wp\/v2\/types\/product"}],"wp:featuredmedia":[{"embeddable":true,"href":"https:\/\/ksiegarnia-akademicka.pl\/index.php\/wp-json\/wp\/v2\/media\/17564"}],"wp:attachment":[{"href":"https:\/\/ksiegarnia-akademicka.pl\/index.php\/wp-json\/wp\/v2\/media?parent=17563"}],"wp:term":[{"taxonomy":"product_brand","embeddable":true,"href":"https:\/\/ksiegarnia-akademicka.pl\/index.php\/wp-json\/wp\/v2\/product_brand?post=17563"},{"taxonomy":"product_cat","embeddable":true,"href":"https:\/\/ksiegarnia-akademicka.pl\/index.php\/wp-json\/wp\/v2\/product_cat?post=17563"},{"taxonomy":"product_tag","embeddable":true,"href":"https:\/\/ksiegarnia-akademicka.pl\/index.php\/wp-json\/wp\/v2\/product_tag?post=17563"}],"curies":[{"name":"wp","href":"https:\/\/api.w.org\/{rel}","templated":true}]}}