{"id":17519,"date":"2024-01-25T11:17:15","date_gmt":"2024-01-25T10:17:15","guid":{"rendered":"http:\/\/ksiegarnia-akademicka.pl\/?post_type=product&#038;p=17519"},"modified":"2024-01-25T11:17:15","modified_gmt":"2024-01-25T10:17:15","slug":"zastosowania-metod-uczenia-maszynowego-i-sztucznej-inteligencji-do-wykrywania-nieprawidlowosci-finansowych-w-przedsiebiorstwach","status":"publish","type":"product","link":"https:\/\/ksiegarnia-akademicka.pl\/index.php\/product\/zastosowania-metod-uczenia-maszynowego-i-sztucznej-inteligencji-do-wykrywania-nieprawidlowosci-finansowych-w-przedsiebiorstwach\/","title":{"rendered":"Zastosowania metod uczenia maszynowego i sztucznej inteligencji do wykrywania nieprawid\u0142owo\u015bci finansowych w przedsi\u0119biorstwach"},"content":{"rendered":"<p>Autor:<br \/>\nJoanna Wyrobek<br \/>\nWydawca: MT Biznes<br \/>\nOprawa: Mi\u0119kka ze skrzyde\u0142kami<br \/>\nFormat: 16.5&#215;23.5cm<br \/>\nLiczba stron: 250<br \/>\nWydanie: 1<br \/>\nRok wydania: 2024<br \/>\nJ\u0119zyk wydania: polski<\/p>\n<p>Przest\u0119pczo\u015b\u0107 gospodarcza stanowi istotny problem zar\u00f3wno dla gospodarki polskiej, jak i \u015bwiatowej. W 2018 roku straty dla bud\u017cetu i sektora prywatnego w Polsce zwi\u0105zane z tego rodzaju przest\u0119pstwami wynios\u0142y ok. 5 miliard\u00f3w z\u0142otych. Dlatego bardzo wa\u017cne jest stworzenie metody, kt\u00f3ra \u2013 na podstawie sprawozdania finansowego \u2013 pozwoli ustali\u0107, czy przedsi\u0119biorstwo mo\u017ce by\u0107 zagro\u017cone oszustwem finansowym. Monografia stanowi pr\u00f3b\u0119 wyj\u015bcia naprzeciw tym oczekiwaniom. Jej celem jest przedstawienie algorytm\u00f3w uczenia maszynowego i sztucznej inteligencji stosowanych do identyfikacji zmanipulowanych sprawozda\u0144 finansowych, a tak\u017ce stworzenie modelu ostrzegaj\u0105cego przed takimi dzia\u0142aniami. W cz\u0119\u015bci opisowej om\u00f3wiono najwi\u0119ksze skandale finansowe minionego stulecia oraz wyniki wcze\u015bniejszych bada\u0144, czyli istniej\u0105ce modele wykrywania oszustw oraz machinacji w wyniku finansowym. W cz\u0119\u015bci empirycznej autorka przedstawi\u0142a wyniki bada\u0144 w\u0142asnych oraz modele przygotowane dla rynku ameryka\u0144skiego i polskiego, kt\u00f3re mo\u017cna zastosowa\u0107 do wykrywania takiego zagro\u017cenia. Zwraca tak\u017ce uwag\u0119 na to, jakie elementy sprawozdania finansowego wskazuj\u0105 na potencjalne manipulacje finansowe, dzi\u0119ki czemu mog\u0105 by\u0107 potraktowane jako wyra\u017ane sygna\u0142y ostrzegawcze. Opisane w monografii narz\u0119dzia b\u0119d\u0105 pomocne w praktyce gospodarczej do identyfikowania podmiot\u00f3w pope\u0142niaj\u0105cych r\u00f3\u017cnego rodzaju oszustwa. Modele wykrywania oszustw stanowi\u0105 istotne uzupe\u0142nienie analizy finansowej, podobnie jak modele prognozowania upad\u0142o\u015bci s\u0105 u\u017cytecznym narz\u0119dziem ostrzegawczym dla przedsi\u0119biorc\u00f3w, inwestor\u00f3w, ksi\u0119gowych, bieg\u0142ych rewident\u00f3w oraz organ\u00f3w nadzoru finansowego.<\/p>\n","protected":false},"excerpt":{"rendered":"<p>Autor: Joanna Wyrobek Wydawca: MT Biznes Oprawa: Mi\u0119kka ze skrzyde\u0142kami [&hellip;]<\/p>\n","protected":false},"featured_media":17520,"template":"","meta":[],"product_brand":[],"product_cat":[7516,31],"product_tag":[4102,437,4940],"class_list":{"0":"post-17519","1":"product","2":"type-product","3":"status-publish","4":"has-post-thumbnail","6":"product_cat-finanse-przedsiebiorstwa","7":"product_cat-przedsiebiorstwo","8":"product_tag-audyt-finansowy","9":"product_tag-finanse-przedsiebiorstwa","10":"product_tag-kontrola-finansowa","12":"first","13":"instock","14":"sale","15":"shipping-taxable","16":"purchasable","17":"product-type-simple"},"_links":{"self":[{"href":"https:\/\/ksiegarnia-akademicka.pl\/index.php\/wp-json\/wp\/v2\/product\/17519","targetHints":{"allow":["GET"]}}],"collection":[{"href":"https:\/\/ksiegarnia-akademicka.pl\/index.php\/wp-json\/wp\/v2\/product"}],"about":[{"href":"https:\/\/ksiegarnia-akademicka.pl\/index.php\/wp-json\/wp\/v2\/types\/product"}],"wp:featuredmedia":[{"embeddable":true,"href":"https:\/\/ksiegarnia-akademicka.pl\/index.php\/wp-json\/wp\/v2\/media\/17520"}],"wp:attachment":[{"href":"https:\/\/ksiegarnia-akademicka.pl\/index.php\/wp-json\/wp\/v2\/media?parent=17519"}],"wp:term":[{"taxonomy":"product_brand","embeddable":true,"href":"https:\/\/ksiegarnia-akademicka.pl\/index.php\/wp-json\/wp\/v2\/product_brand?post=17519"},{"taxonomy":"product_cat","embeddable":true,"href":"https:\/\/ksiegarnia-akademicka.pl\/index.php\/wp-json\/wp\/v2\/product_cat?post=17519"},{"taxonomy":"product_tag","embeddable":true,"href":"https:\/\/ksiegarnia-akademicka.pl\/index.php\/wp-json\/wp\/v2\/product_tag?post=17519"}],"curies":[{"name":"wp","href":"https:\/\/api.w.org\/{rel}","templated":true}]}}