{"id":17480,"date":"2024-01-25T08:09:26","date_gmt":"2024-01-25T07:09:26","guid":{"rendered":"http:\/\/ksiegarnia-akademicka.pl\/?post_type=product&#038;p=17480"},"modified":"2024-01-25T08:09:26","modified_gmt":"2024-01-25T07:09:26","slug":"ekonomia-to-stan-umyslu-cwiczenie-z-semantyki-jezykow-ekonomicznych","status":"publish","type":"product","link":"https:\/\/ksiegarnia-akademicka.pl\/index.php\/product\/ekonomia-to-stan-umyslu-cwiczenie-z-semantyki-jezykow-ekonomicznych\/","title":{"rendered":"Ekonomia to stan umys\u0142u \u0106wiczenie z semantyki j\u0119zyk\u00f3w ekonomicznych"},"content":{"rendered":"<p>Autor:<br \/>\nAndrzej Leder<br \/>\nWydawca: Wydawnictwo Krytyki Politycznej<br \/>\nOprawa: Mi\u0119kka ze skrzyde\u0142kami<br \/>\nFormat: 14.5&#215;20.5cm<br \/>\nLiczba stron: 344<br \/>\nWydanie: 1<br \/>\nRok wydania: 2023<br \/>\nJ\u0119zyk wydania: polski<\/p>\n<p>Najnowsza ksi\u0105\u017cka autora bestsellera Prze\u015bnionej rewolucji. \u0106wicze\u0144 z logiki historycznej. \u017byjemy doprawdy w ciekawych czasach. Ani j\u0119zyk tradycyjnych nauk spo\u0142ecznych, ani polityczny dyskurs liberalizmu czy konserwatyzmu, ani lewicowe teorie XX wieku nie pozwalaj\u0105 zrozumie\u0107 wsp\u00f3\u0142czesnych zjawisk, kt\u00f3re zaskakuj\u0105 nas swoj\u0105 gwa\u0142towno\u015bci\u0105, skal\u0105 i jednocze\u015bnie pozornym brakiem racjonalno\u015bci. St\u0105d mo\u017ce popularno\u015b\u0107 j\u0119zyka ekonomii, kt\u00f3rego poj\u0119cia i metafory atakuj\u0105 nas z ka\u017cdej strony i s\u0105 u\u017cywane do opisu nawet dziedzin pozornie od ekonomii odleg\u0142ych. Andrzej Leder zaprasza nas do przyjrzenia si\u0119 ekonomii od podszewki. A co, je\u015bli nauka, kt\u00f3r\u0105 uznajemy za teori\u0119 wykorzystywania zasob\u00f3w w warunkach deficytu, jest w istocie sztuk\u0105 rozprowadzania nadmiaru? Konsekwencje tego odwr\u00f3cenia prowadz\u0105 autora do wizji ekonomii diametralnie r\u00f3\u017cnej od tego, co serwuj\u0105 nam eksperci w podr\u0119cznikach i mediach. Znajdziemy tu elementy filozofii, socjologii, antropologii, psychoanalizy i lingwistyki, a wszystko to po to, by wreszcie zrozumie\u0107 czasy, w kt\u00f3rych przysz\u0142o nam \u017cy\u0107.<\/p>\n","protected":false},"excerpt":{"rendered":"<p>Autor: Andrzej Leder Wydawca: Wydawnictwo Krytyki Politycznej Oprawa: Mi\u0119kka ze [&hellip;]<\/p>\n","protected":false},"featured_media":17481,"template":"","meta":[],"product_brand":[],"product_cat":[17,7499,7498],"product_tag":[337],"class_list":{"0":"post-17480","1":"product","2":"type-product","3":"status-publish","4":"has-post-thumbnail","6":"product_cat-ekonomia","7":"product_cat-makro-i-mikroekonomia","8":"product_cat-teoria-ekonomii","9":"product_tag-ekonomia","11":"first","12":"instock","13":"sale","14":"shipping-taxable","15":"purchasable","16":"product-type-simple"},"_links":{"self":[{"href":"https:\/\/ksiegarnia-akademicka.pl\/index.php\/wp-json\/wp\/v2\/product\/17480","targetHints":{"allow":["GET"]}}],"collection":[{"href":"https:\/\/ksiegarnia-akademicka.pl\/index.php\/wp-json\/wp\/v2\/product"}],"about":[{"href":"https:\/\/ksiegarnia-akademicka.pl\/index.php\/wp-json\/wp\/v2\/types\/product"}],"wp:featuredmedia":[{"embeddable":true,"href":"https:\/\/ksiegarnia-akademicka.pl\/index.php\/wp-json\/wp\/v2\/media\/17481"}],"wp:attachment":[{"href":"https:\/\/ksiegarnia-akademicka.pl\/index.php\/wp-json\/wp\/v2\/media?parent=17480"}],"wp:term":[{"taxonomy":"product_brand","embeddable":true,"href":"https:\/\/ksiegarnia-akademicka.pl\/index.php\/wp-json\/wp\/v2\/product_brand?post=17480"},{"taxonomy":"product_cat","embeddable":true,"href":"https:\/\/ksiegarnia-akademicka.pl\/index.php\/wp-json\/wp\/v2\/product_cat?post=17480"},{"taxonomy":"product_tag","embeddable":true,"href":"https:\/\/ksiegarnia-akademicka.pl\/index.php\/wp-json\/wp\/v2\/product_tag?post=17480"}],"curies":[{"name":"wp","href":"https:\/\/api.w.org\/{rel}","templated":true}]}}