{"id":17444,"date":"2024-01-22T10:56:08","date_gmt":"2024-01-22T09:56:08","guid":{"rendered":"http:\/\/ksiegarnia-akademicka.pl\/?post_type=product&#038;p=17444"},"modified":"2024-12-05T09:40:14","modified_gmt":"2024-12-05T08:40:14","slug":"dobry-nauczyciel-dobry-uczen-dobra-szkola","status":"publish","type":"product","link":"https:\/\/ksiegarnia-akademicka.pl\/index.php\/product\/dobry-nauczyciel-dobry-uczen-dobra-szkola\/","title":{"rendered":"Dobry nauczyciel Dobry ucze\u0144 Dobra szko\u0142a"},"content":{"rendered":"<p>Redakcja: Gawro\u0144ski Krzysztof, Kwiatkowski Stefan<br \/>\nWydawca: Wolters Kluwer<br \/>\nOprawa: Mi\u0119kka<br \/>\nLiczba stron: 648<br \/>\nWydanie: 1<br \/>\nRok wydania: 2024<br \/>\nJ\u0119zyk wydania: polski<\/p>\n<p>W publikacji om\u00f3wiono zadania nauczyciela we wsp\u00f3\u0142czesnej szkole, oczekiwania spo\u0142eczne wobec nauczycieli, doskonalenie i wspomaganie ich pracy oraz zarz\u0105dzanie potencja\u0142em, odpowiedzialno\u015b\u0107 i uprawnienia. Zaprezentowano kwestie programowania rozwoju zawodowego nauczycieli, w tym m.in. rol\u0119 i zadania mentora, znaczenie motywacji do podnoszenia poziomu kompetencji zawodowych, przyw\u00f3dztwo w edukacji, a tak\u017ce motywacyjn\u0105 rol\u0119 oceny pracy nauczyciela i jej wp\u0142yw na zmiany w szkole.<br \/>\nPrzedstawiono ponadto wybrane zagadnienia specyfiki pracy nauczyciela, takie jak rzeczywisty czas pracy czy wypalenie zawodowe.<br \/>\nPublikacja jest przeznaczona dla nauczycieli i dyrektor\u00f3w szk\u00f3\u0142. Wnioski i spostrze\u017cenia sformu\u0142owane przez autor\u00f3w na podstawie ich zawodowego dorobku oraz pracy naukowej powinny by\u0107 przydatne r\u00f3wnie\u017c dla student\u00f3w nauk o zarz\u0105dzaniu oraz pedagogiki.<\/p>\n<p>\u201e[\u2026] bardzo wysoko oceniam recenzowan\u0105 prac\u0119 i rekomenduj\u0119 j\u0105 do druku. Zawiera bardzo szeroki przegl\u0105d zagadnie\u0144 dotycz\u0105cych nauczyciela i szko\u0142y, mniej \u2013 uczni\u00f3w. B\u0119dzie to praca bardzo po\u017cyteczna dla czytelnik\u00f3w\u201d \u2013 z recenzji prof. dr. hab. Miros\u0142awa J. Szyma\u0144skiego<\/p>\n","protected":false},"excerpt":{"rendered":"<p>Redakcja: Gawro\u0144ski Krzysztof, Kwiatkowski Stefan Wydawca: Wolters Kluwer Oprawa: Mi\u0119kka [&hellip;]<\/p>\n","protected":false},"featured_media":17445,"template":"","meta":[],"product_brand":[],"product_cat":[28],"product_tag":[242,51],"class_list":{"0":"post-17444","1":"product","2":"type-product","3":"status-publish","4":"has-post-thumbnail","6":"product_cat-pedagogika","7":"product_tag-oswiata","8":"product_tag-pedagogika","10":"first","11":"instock","12":"sale","13":"shipping-taxable","14":"purchasable","15":"product-type-simple"},"_links":{"self":[{"href":"https:\/\/ksiegarnia-akademicka.pl\/index.php\/wp-json\/wp\/v2\/product\/17444","targetHints":{"allow":["GET"]}}],"collection":[{"href":"https:\/\/ksiegarnia-akademicka.pl\/index.php\/wp-json\/wp\/v2\/product"}],"about":[{"href":"https:\/\/ksiegarnia-akademicka.pl\/index.php\/wp-json\/wp\/v2\/types\/product"}],"wp:featuredmedia":[{"embeddable":true,"href":"https:\/\/ksiegarnia-akademicka.pl\/index.php\/wp-json\/wp\/v2\/media\/17445"}],"wp:attachment":[{"href":"https:\/\/ksiegarnia-akademicka.pl\/index.php\/wp-json\/wp\/v2\/media?parent=17444"}],"wp:term":[{"taxonomy":"product_brand","embeddable":true,"href":"https:\/\/ksiegarnia-akademicka.pl\/index.php\/wp-json\/wp\/v2\/product_brand?post=17444"},{"taxonomy":"product_cat","embeddable":true,"href":"https:\/\/ksiegarnia-akademicka.pl\/index.php\/wp-json\/wp\/v2\/product_cat?post=17444"},{"taxonomy":"product_tag","embeddable":true,"href":"https:\/\/ksiegarnia-akademicka.pl\/index.php\/wp-json\/wp\/v2\/product_tag?post=17444"}],"curies":[{"name":"wp","href":"https:\/\/api.w.org\/{rel}","templated":true}]}}