{"id":17374,"date":"2024-01-09T10:01:08","date_gmt":"2024-01-09T09:01:08","guid":{"rendered":"http:\/\/ksiegarnia-akademicka.pl\/?post_type=product&#038;p=17374"},"modified":"2024-01-09T10:01:09","modified_gmt":"2024-01-09T09:01:09","slug":"sprawozdanie-finansowe-2023","status":"publish","type":"product","link":"https:\/\/ksiegarnia-akademicka.pl\/index.php\/product\/sprawozdanie-finansowe-2023\/","title":{"rendered":"Sprawozdanie finansowe 2023"},"content":{"rendered":"<p>Autor:<br \/>\nzbiorowa praca<br \/>\nWydawca: Infor<br \/>\nOprawa: Kartonowa Foliowana<br \/>\nFormat: 16.5&#215;23.5cm<br \/>\nLiczba stron: 168<br \/>\nRok wydania: 2024<br \/>\nJ\u0119zyk wydania: polski<\/p>\n<p>Publikacja \u201eSprawozdanie finansowe 2023\u201d jest skierowana do wszystkich os\u00f3b zajmuj\u0105cych si\u0119 ksi\u0119gowo\u015bci\u0105 i rozliczeniami podatkowymi.<br \/>\nTen niezb\u0119dnik ka\u017cdego ksi\u0119gowego wyja\u015bnia podatkowe i bilansowe aspekty zamkni\u0119cia roku. Przyst\u0119pnie opisuje aktualne zagadnienia zwi\u0105zane z weryfikacj\u0105 i aktualizacj\u0105 aktyw\u00f3w i pasyw\u00f3w (wycena) oraz z wst\u0119pnym zamkni\u0119ciem ksi\u0105g rachunkowych. Praktyczne przyk\u0142ady przeprowadz\u0105 Czytelnika przez poszczeg\u00f3lne etapy sporz\u0105dzania sprawozdania finansowego wraz z za\u0142\u0105cznikami i wyja\u015bnieniami. Obejmuj\u0105 one m.in. bilans wraz z wyja\u015bnieniami do niekt\u00f3rych jego pozycji, rachunek zysk\u00f3w i strat, rachunek przep\u0142yw\u00f3w pieni\u0119\u017cnych, zestawienie zmian w kapitale w\u0142asnym.<br \/>\nPoradnik pokazuje tak\u017ce, jak sporz\u0105dzi\u0107 roczne zeznanie podatkowe (CIT-8).<br \/>\nZ publikacji Czytelnik dowie si\u0119 m.in.:<br \/>\nJak dokona\u0107 weryfikacji i aktualizacji aktyw\u00f3w i pasyw\u00f3w<br \/>\nNa czym polega wst\u0119pne zamkni\u0119cie ksi\u0105g rachunkowych<br \/>\nJak ujmowa\u0107, wycenia\u0107 i prezentowa\u0107 przychody ze sprzeda\u017cy wed\u0142ug nowego KSR 15<br \/>\nNa co zwr\u00f3ci\u0107 szczeg\u00f3ln\u0105 uwag\u0119 podczas prac bilansowych<br \/>\nJak ustali\u0107 wynik finansowy i sporz\u0105dzi\u0107 sprawozdanie finansowe<br \/>\nW jaki spos\u00f3b sporz\u0105dzi\u0107 zeznanie roczne do cel\u00f3w podatku dochodowego<br \/>\nKto, kiedy i gdzie sk\u0142ada e-sprawozdanie<br \/>\nTo kompleksowe opracowanie obejmuje kwestie dotycz\u0105ce zar\u00f3wno przepis\u00f3w ustawy o rachunkowo\u015bci, jak i regulacji podatkowych, kt\u00f3re maj\u0105 zastosowanie do sprawozda\u0144 finansowych za rok 2023.<\/p>\n<p>Do ksi\u0105\u017cki do\u0142\u0105czony jest dodatek: \u201e\u015aci\u0105ga Ksi\u0119gowego. Z jakich uproszcze\u0144 mo\u017cna skorzysta\u0107 w rachunkowo\u015bci\u201d.<\/p>\n","protected":false},"excerpt":{"rendered":"<p>Autor: zbiorowa praca Wydawca: Infor Oprawa: Kartonowa Foliowana Format: 16.5&#215;23.5cm [&hellip;]<\/p>\n","protected":false},"featured_media":17375,"template":"","meta":[],"product_brand":[],"product_cat":[22,23],"product_tag":[1055,1496],"class_list":{"0":"post-17374","1":"product","2":"type-product","3":"status-publish","4":"has-post-thumbnail","6":"product_cat-podatki-i-prawo-podatkowe","7":"product_cat-rachunkowosc","8":"product_tag-prawo-podatkowe","9":"product_tag-rachunkowosc","11":"first","12":"instock","13":"sale","14":"shipping-taxable","15":"purchasable","16":"product-type-simple"},"_links":{"self":[{"href":"https:\/\/ksiegarnia-akademicka.pl\/index.php\/wp-json\/wp\/v2\/product\/17374","targetHints":{"allow":["GET"]}}],"collection":[{"href":"https:\/\/ksiegarnia-akademicka.pl\/index.php\/wp-json\/wp\/v2\/product"}],"about":[{"href":"https:\/\/ksiegarnia-akademicka.pl\/index.php\/wp-json\/wp\/v2\/types\/product"}],"wp:featuredmedia":[{"embeddable":true,"href":"https:\/\/ksiegarnia-akademicka.pl\/index.php\/wp-json\/wp\/v2\/media\/17375"}],"wp:attachment":[{"href":"https:\/\/ksiegarnia-akademicka.pl\/index.php\/wp-json\/wp\/v2\/media?parent=17374"}],"wp:term":[{"taxonomy":"product_brand","embeddable":true,"href":"https:\/\/ksiegarnia-akademicka.pl\/index.php\/wp-json\/wp\/v2\/product_brand?post=17374"},{"taxonomy":"product_cat","embeddable":true,"href":"https:\/\/ksiegarnia-akademicka.pl\/index.php\/wp-json\/wp\/v2\/product_cat?post=17374"},{"taxonomy":"product_tag","embeddable":true,"href":"https:\/\/ksiegarnia-akademicka.pl\/index.php\/wp-json\/wp\/v2\/product_tag?post=17374"}],"curies":[{"name":"wp","href":"https:\/\/api.w.org\/{rel}","templated":true}]}}