{"id":17277,"date":"2023-12-19T09:39:15","date_gmt":"2023-12-19T08:39:15","guid":{"rendered":"http:\/\/ksiegarnia-akademicka.pl\/?post_type=product&#038;p=17277"},"modified":"2024-12-05T09:25:04","modified_gmt":"2024-12-05T08:25:04","slug":"vademecum-dzialan-taktycznych-lekkiej-piechoty","status":"publish","type":"product","link":"https:\/\/ksiegarnia-akademicka.pl\/index.php\/product\/vademecum-dzialan-taktycznych-lekkiej-piechoty\/","title":{"rendered":"Vademecum dzia\u0142a\u0144 taktycznych lekkiej piechoty"},"content":{"rendered":"<p>Autor:<br \/>\nPawe\u0142 Makowiec<br \/>\nMarek Mroszczyk<br \/>\nWydawca: Difin<br \/>\nOprawa: Mi\u0119kka<br \/>\nFormat: 13.0&#215;20.0cm<br \/>\nLiczba stron: 190<br \/>\nRok wydania: 2023<br \/>\nJ\u0119zyk wydania: polski<\/p>\n<p>Publikacja stanowi kompendium wiedzy niezb\u0119dnej w prowadzeniu dzia\u0142a\u0144 taktycznych lekkiej piechoty. Dzi\u0119ki kompaktowej formie wydania, dow\u00f3dca pododdzia\u0142u b\u0119dzie m\u00f3g\u0142 wykorzysta\u0107 w procesie planowania i przygotowania do wykonania zadania, co w warunkach du\u017cych obci\u0105\u017ce\u0144 (brak snu, zm\u0119czenie i stres) mo\u017ce zadecydowa\u0107 o powodzeniu misji.<\/p>\n<p>W zamy\u015ble autor\u00f3w podr\u0119cznik mo\u017ce r\u00f3wnie\u017c stanowi\u0107 skuteczne narz\u0119dzie w procesie systematyzacji i utrwalenia posiadanej wiedzy w zakresie TTPs (Tactics, Techniques and Procedures) stosowanych w dzia\u0142aniach lekkiej piechoty. W publikacji wykorzystano szereg publikacji wsp\u00f3\u0142czesnych si\u0142 zbrojnych NATO (USA, Kanada, Wlk. Brytania), odwo\u0142uj\u0105c si\u0119 r\u00f3wnie\u017c do publikacji wykorzystywanych w Wojsku Polskim.<\/p>\n<p>Ksi\u0105\u017cka przeznaczona jest dla szerokiego kr\u0119gu odbiorc\u00f3w: \u017co\u0142nierzy Wojska Polskiego (Wojsk Obrony Terytorialnej oraz Wojsk L\u0105dowych), cz\u0142onk\u00f3w grup proobronnych i ASG, a tak\u017ce wszystkich os\u00f3b zainteresowanych problematyk\u0105 dzia\u0142a\u0144 taktycznych lekkiej piechoty.<\/p>\n<p>Patronat: ObronaNarodowa.pl, Polska Zbrojna, Special Ops, Tobie Ojczyzno.<\/p>\n","protected":false},"excerpt":{"rendered":"<p>Autor: Pawe\u0142 Makowiec Marek Mroszczyk Wydawca: Difin Oprawa: Mi\u0119kka Format: [&hellip;]<\/p>\n","protected":false},"featured_media":17278,"template":"","meta":[],"product_brand":[],"product_cat":[7994],"product_tag":[1257,6879],"class_list":{"0":"post-17277","1":"product","2":"type-product","3":"status-publish","4":"has-post-thumbnail","6":"product_cat-poradniki","7":"product_tag-poradniki","8":"product_tag-wojskowosc","10":"first","11":"instock","12":"sale","13":"shipping-taxable","14":"purchasable","15":"product-type-simple"},"_links":{"self":[{"href":"https:\/\/ksiegarnia-akademicka.pl\/index.php\/wp-json\/wp\/v2\/product\/17277","targetHints":{"allow":["GET"]}}],"collection":[{"href":"https:\/\/ksiegarnia-akademicka.pl\/index.php\/wp-json\/wp\/v2\/product"}],"about":[{"href":"https:\/\/ksiegarnia-akademicka.pl\/index.php\/wp-json\/wp\/v2\/types\/product"}],"wp:featuredmedia":[{"embeddable":true,"href":"https:\/\/ksiegarnia-akademicka.pl\/index.php\/wp-json\/wp\/v2\/media\/17278"}],"wp:attachment":[{"href":"https:\/\/ksiegarnia-akademicka.pl\/index.php\/wp-json\/wp\/v2\/media?parent=17277"}],"wp:term":[{"taxonomy":"product_brand","embeddable":true,"href":"https:\/\/ksiegarnia-akademicka.pl\/index.php\/wp-json\/wp\/v2\/product_brand?post=17277"},{"taxonomy":"product_cat","embeddable":true,"href":"https:\/\/ksiegarnia-akademicka.pl\/index.php\/wp-json\/wp\/v2\/product_cat?post=17277"},{"taxonomy":"product_tag","embeddable":true,"href":"https:\/\/ksiegarnia-akademicka.pl\/index.php\/wp-json\/wp\/v2\/product_tag?post=17277"}],"curies":[{"name":"wp","href":"https:\/\/api.w.org\/{rel}","templated":true}]}}