{"id":17269,"date":"2023-12-19T09:21:18","date_gmt":"2023-12-19T08:21:18","guid":{"rendered":"http:\/\/ksiegarnia-akademicka.pl\/?post_type=product&#038;p=17269"},"modified":"2023-12-19T09:21:18","modified_gmt":"2023-12-19T08:21:18","slug":"medycyna-behawioralna-psow-i-kotow-cd","status":"publish","type":"product","link":"https:\/\/ksiegarnia-akademicka.pl\/index.php\/product\/medycyna-behawioralna-psow-i-kotow-cd\/","title":{"rendered":"Medycyna behawioralna ps\u00f3w i kot\u00f3w + CD"},"content":{"rendered":"<p>Redakcja: Horwitz Debra F., Mills Daniel S.<br \/>\nT\u0142umacze: Kud\u0142A Jagna, Jagodzi\u0144ska-G\u00f3rska Dorota, Leszczy\u0144ska Beata<br \/>\nWydawca: Galaktyka<br \/>\nOprawa: Twarda<br \/>\nFormat: 20.5&#215;28.0cm<br \/>\nLiczba stron: 330<br \/>\nRok wydania: 2021<br \/>\nJ\u0119zyk wydania: polski<\/p>\n<p>Medycyna behawioralna ps\u00f3w i kot\u00f3w to nowoczesny i przyjazny podr\u0119cznik, kt\u00f3ry odpowiada na potrzeby wielu czytelnik\u00f3w. Coraz cz\u0119\u015bciej kwestie zwi\u0105zane z zachowaniem zwierz\u0105t i trosk\u0105 o ich dobrostan staj\u0105 si\u0119 jednym z g\u0142\u00f3wnych zagadnie\u0144, z kt\u00f3rymi lekarze weterynarii spotykaj\u0105 si\u0119 na co dzie\u0144. Problemy behawioralne mog\u0105 wp\u0142ywa\u0107 na relacj\u0119 pomi\u0119dzy zwierz\u0119ciem a w\u0142a\u015bcicielem, a jej ochrona powinna sta\u0107 si\u0119 integraln\u0105 cz\u0119\u015bci\u0105 nowoczesnej praktyki weterynaryjnej.<\/p>\n<p>W ksi\u0105\u017cce om\u00f3wiono szereg zagadnie\u0144 \u2013 zar\u00f3wno teoretycznych, na przyk\u0142ad fizjologi\u0119 strachu czy rodzaje agresji, jak i praktycznych zwi\u0105zanych z obserwacj\u0105 pacjenta, rozpoznawaniem choroby, leczeniem, rokowaniem czy ocen\u0105 ryzyka. Ca\u0142o\u015b\u0107 uzupe\u0142niaj\u0105 liczne zdj\u0119cia, kolorowe ryciny, schematy oraz protoko\u0142y post\u0119powania, dzi\u0119ki kt\u00f3rym \u0142atwiej zrozumie\u0107 omawiane zagadnienia. Na do\u0142\u0105czonej do ksi\u0105\u017cki p\u0142ycie zamieszczono praktyczne materia\u0142y informacyjne dla w\u0142a\u015bcicieli ps\u00f3w i kot\u00f3w oraz formularze u\u0142atwiaj\u0105ce zebranie wywiadu behawioralnego.<br \/>\nDowiedz si\u0119, jakie s\u0105:<br \/>\npodstawowe wymogi zdrowia psychicznego i dobrostanu zwierz\u0105t towarzysz\u0105cych<br \/>\nzasady szkolenia ps\u00f3w i kot\u00f3w<br \/>\nwzajemne zale\u017cno\u015bci pomi\u0119dzy medycyn\u0105 weterynaryjn\u0105 i behawioraln\u0105<br \/>\nnajnowsze i kompletne informacje na temat najcz\u0119\u015bciej wyst\u0119puj\u0105cych zaburze\u0144 zachowania (stresu, fobii d\u017awi\u0119kowych, brudzenia w domu, l\u0119ku separacyjnego, zmian zwi\u0105zanych ze starzeniem si\u0119 zwierz\u0105t i wielu, wielu innych) oraz metody ich rozwi\u0105zywania<br \/>\nprogramy behawioralne dla schronisk<br \/>\nsposoby leczenia zaburze\u0144 behawioralnych (farmakoterapia, terapia feromonami oraz terapie alternatywne)<\/p>\n","protected":false},"excerpt":{"rendered":"<p>Redakcja: Horwitz Debra F., Mills Daniel S. T\u0142umacze: Kud\u0142A Jagna, [&hellip;]<\/p>\n","protected":false},"featured_media":17270,"template":"","meta":[],"product_brand":[],"product_cat":[7493],"product_tag":[3994,7859],"class_list":{"0":"post-17269","1":"product","2":"type-product","3":"status-publish","4":"has-post-thumbnail","6":"product_cat-medycyna","7":"product_tag-medycyna","8":"product_tag-weterynaria","10":"first","11":"instock","12":"sale","13":"shipping-taxable","14":"purchasable","15":"product-type-simple"},"_links":{"self":[{"href":"https:\/\/ksiegarnia-akademicka.pl\/index.php\/wp-json\/wp\/v2\/product\/17269","targetHints":{"allow":["GET"]}}],"collection":[{"href":"https:\/\/ksiegarnia-akademicka.pl\/index.php\/wp-json\/wp\/v2\/product"}],"about":[{"href":"https:\/\/ksiegarnia-akademicka.pl\/index.php\/wp-json\/wp\/v2\/types\/product"}],"wp:featuredmedia":[{"embeddable":true,"href":"https:\/\/ksiegarnia-akademicka.pl\/index.php\/wp-json\/wp\/v2\/media\/17270"}],"wp:attachment":[{"href":"https:\/\/ksiegarnia-akademicka.pl\/index.php\/wp-json\/wp\/v2\/media?parent=17269"}],"wp:term":[{"taxonomy":"product_brand","embeddable":true,"href":"https:\/\/ksiegarnia-akademicka.pl\/index.php\/wp-json\/wp\/v2\/product_brand?post=17269"},{"taxonomy":"product_cat","embeddable":true,"href":"https:\/\/ksiegarnia-akademicka.pl\/index.php\/wp-json\/wp\/v2\/product_cat?post=17269"},{"taxonomy":"product_tag","embeddable":true,"href":"https:\/\/ksiegarnia-akademicka.pl\/index.php\/wp-json\/wp\/v2\/product_tag?post=17269"}],"curies":[{"name":"wp","href":"https:\/\/api.w.org\/{rel}","templated":true}]}}