{"id":17267,"date":"2023-12-19T09:18:57","date_gmt":"2023-12-19T08:18:57","guid":{"rendered":"http:\/\/ksiegarnia-akademicka.pl\/?post_type=product&#038;p=17267"},"modified":"2023-12-19T09:18:59","modified_gmt":"2023-12-19T08:18:59","slug":"czynniki-warunkujace-poczucie-przeciazenia-praca-a-spostrzegana-jakosc-zycia-w-okresie-srodkowej-dor","status":"publish","type":"product","link":"https:\/\/ksiegarnia-akademicka.pl\/index.php\/product\/czynniki-warunkujace-poczucie-przeciazenia-praca-a-spostrzegana-jakosc-zycia-w-okresie-srodkowej-dor\/","title":{"rendered":"Czynniki warunkuj\u0105ce poczucie przeci\u0105\u017cenia prac\u0105 a spostrzegana jako\u015b\u0107 \u017cycia w okresie \u015brodkowej dor"},"content":{"rendered":"<p>Autor:<br \/>\nMa\u0142gorzata Bratos-St\u0119pie\u0144<br \/>\nWydawca: Difin<br \/>\nOprawa: Mi\u0119kka<br \/>\nLiczba stron: 198<br \/>\nRok wydania: 2023<br \/>\nJ\u0119zyk wydania: polski<\/p>\n<p>Ksi\u0105\u017cka \u0142\u0105czy w sobie dwa obszary: psychologi\u0119 pracy oraz psychologi\u0119 jako\u015bci \u017cycia. Dotyczy powszechnego dzi\u015b problemu przeci\u0105\u017cenia prac\u0105, jego genezy oraz konsekwencji. W szczeg\u00f3lno\u015bci ilustruje zwi\u0105zek subiektywnej oceny przeci\u0105\u017cenia prac\u0105 z subiektywn\u0105 ocen\u0105 jako\u015bci \u017cycia, jego podmiotowe uwarunkowania, moderatory i mediatory. Czytelnik znajdzie w niej opis nast\u0119puj\u0105cych zagadnie\u0144: stresory zawodowe i konsekwencje ich dzia\u0142ania, przeci\u0105\u017cenie prac\u0105 w perspektywie obiektywnej i subiektywnej (ilo\u015bciowe i jako\u015bciowe), rozr\u00f3\u017cnienie mi\u0119dzy przeci\u0105\u017ceniem prac\u0105 a pracoholizmem, uwarunkowania subiektywnej oceny jako\u015bci \u017cycia opisane jako aktywna vs. pasywna postawa wobec \u017cycia. Poza obszern\u0105 analiz\u0105 teoretyczn\u0105 przedstawione zosta\u0142y wyniki bada\u0144 przeprowadzonych w \u015brodowisku lekarzy w okresie \u015brodkowej doros\u0142o\u015bci. Ksi\u0105\u017cka mo\u017ce stanowi\u0107 lektur\u0119 zar\u00f3wno dla przedstawicieli \u015brodowiska akademickiego, zainteresowanych takimi dziedzinami naukowymi jak psychologia pracy i organizacji oraz psychologia jako\u015bci \u017cycia, jak i psycholog\u00f3w praktyk\u00f3w. Ponadto mo\u017ce by\u0107 przydatna dla specjalist\u00f3w z obszaru HR w zakresie doboru pracownik\u00f3w i zarz\u0105dzania nimi.<\/p>\n","protected":false},"excerpt":{"rendered":"<p>Autor: Ma\u0142gorzata Bratos-St\u0119pie\u0144 Wydawca: Difin Oprawa: Mi\u0119kka Liczba stron: 198 [&hellip;]<\/p>\n","protected":false},"featured_media":17268,"template":"","meta":[],"product_brand":[],"product_cat":[27,7509],"product_tag":[1186],"class_list":{"0":"post-17267","1":"product","2":"type-product","3":"status-publish","4":"has-post-thumbnail","6":"product_cat-nauki-spoleczne","7":"product_cat-psychologia","8":"product_tag-psychologia","10":"first","11":"instock","12":"sale","13":"shipping-taxable","14":"purchasable","15":"product-type-simple"},"_links":{"self":[{"href":"https:\/\/ksiegarnia-akademicka.pl\/index.php\/wp-json\/wp\/v2\/product\/17267","targetHints":{"allow":["GET"]}}],"collection":[{"href":"https:\/\/ksiegarnia-akademicka.pl\/index.php\/wp-json\/wp\/v2\/product"}],"about":[{"href":"https:\/\/ksiegarnia-akademicka.pl\/index.php\/wp-json\/wp\/v2\/types\/product"}],"wp:featuredmedia":[{"embeddable":true,"href":"https:\/\/ksiegarnia-akademicka.pl\/index.php\/wp-json\/wp\/v2\/media\/17268"}],"wp:attachment":[{"href":"https:\/\/ksiegarnia-akademicka.pl\/index.php\/wp-json\/wp\/v2\/media?parent=17267"}],"wp:term":[{"taxonomy":"product_brand","embeddable":true,"href":"https:\/\/ksiegarnia-akademicka.pl\/index.php\/wp-json\/wp\/v2\/product_brand?post=17267"},{"taxonomy":"product_cat","embeddable":true,"href":"https:\/\/ksiegarnia-akademicka.pl\/index.php\/wp-json\/wp\/v2\/product_cat?post=17267"},{"taxonomy":"product_tag","embeddable":true,"href":"https:\/\/ksiegarnia-akademicka.pl\/index.php\/wp-json\/wp\/v2\/product_tag?post=17267"}],"curies":[{"name":"wp","href":"https:\/\/api.w.org\/{rel}","templated":true}]}}