{"id":17251,"date":"2023-12-18T09:20:16","date_gmt":"2023-12-18T08:20:16","guid":{"rendered":"http:\/\/ksiegarnia-akademicka.pl\/?post_type=product&#038;p=17251"},"modified":"2023-12-18T09:20:17","modified_gmt":"2023-12-18T08:20:17","slug":"biomedyczne-podstawy-logopedii","status":"publish","type":"product","link":"https:\/\/ksiegarnia-akademicka.pl\/index.php\/product\/biomedyczne-podstawy-logopedii\/","title":{"rendered":"Biomedyczne podstawy logopedii"},"content":{"rendered":"<p>Redakcja: Milewski Stanis\u0142aw, Kuczkowski Jerzy, Kaczorowska-Bray Katarzyna<br \/>\nWydawca: Harmonia<br \/>\nOprawa: Twarda<br \/>\nFormat: 17.0&#215;24.0cm<br \/>\nLiczba stron: 512<br \/>\nWydanie: 3<br \/>\nRok wydania: 2023<br \/>\nJ\u0119zyk wydania: polski<\/p>\n<p>Biomedyczne podstawy logopedii to kolejny tom z serii podr\u0119cznik\u00f3w akademickich Logopedia XXI Wieku.<\/p>\n<p>Publikacj\u0119 przygotowano dzi\u0119ki wsp\u00f3\u0142pracy wybitnych polskich specjalist\u00f3w z zakresu medycyny, psychologii, logopedii i j\u0119zykoznawstwa, co uczyni\u0142o j\u0105 opracowaniem daleko wykraczaj\u0105cym poza wiedz\u0119 podr\u0119cznikow\u0105. Zebrane w tomie teksty pretenduj\u0105 do miana profesjonalnych opracowa\u0144 monograficznych, zawieraj\u0105cych elementy precyzyjnej ekspertyzy, a tak\u017ce metodologi\u0119 i wyniki autorskich bada\u0144 naukowych na temat biomedycznych uwarunkowa\u0144 rozwoju oraz zaburze\u0144 mowy i j\u0119zyka.<\/p>\n<p>Prezentowana wiedza dotyczy przede wszystkim rozwoju komunikacji cz\u0142owieka od stanu embrionalnego poprzez zaburzenia artykulacji i m\u00f3wienia dziecka, potem cz\u0142owieka doros\u0142ego (m.in. ankyloglosja, mowa rozszczepowa, afazja, dysfagia, choroby nowotworowe g\u0142owy i szyi) a\u017c po w\u0142a\u015bciwo\u015bci mowy i m\u00f3wienia pacjent\u00f3w w wieku senioralnym (nurt logopedii senioralnej). Co bardzo wa\u017cne, teksty odznaczaj\u0105 si\u0119 precyzj\u0105 anatomicznego i neurobiologicznego opisu, a wiele kwestii om\u00f3wiono w kontek\u015bcie najnowszych bada\u0144 z zakresu psychologii dynamicznej oraz ostatnich osi\u0105gni\u0119\u0107 neurolingwistyki.<\/p>\n<p>Publikacja jest adresowana przede wszystkim do student\u00f3w logopedii, psychologii, medycyny, kierunk\u00f3w filologicznych oraz wszystkich os\u00f3b zainteresowanych biomedycznymi uwarunkowaniami rozwoju i zaburze\u0144 mowy.<\/p>\n<p>Autorzy i redaktorzy naukowi oddaj\u0105 w r\u0119ce Czytelnika niniejszy tom z przekonaniem, \u017ce jego lektura pozwoli dostrzec ogromn\u0105 rol\u0119 po\u0142\u0105czenia wiedzy z zakresu nauk humanistycznych oraz biologiczno-medycznych w badaniach nad j\u0119zykiem, mow\u0105 i komunikacj\u0105 na r\u00f3\u017cnych etapach \u017cycia cz\u0142owieka.<\/p>\n<p>LOGOPEDIA XXI WIEKU to jeden z najwa\u017cniejszych projekt\u00f3w wydawnictwa naukowego Harmonia Universalis. Obejmuje on stworzenie serii monografii naukowych z zakresu najistotniejszych problem\u00f3w wsp\u00f3\u0142czesnej logopedii pod redakcj\u0105 prof. UG, dra hab. Stanis\u0142awa Milewskiego oraz prof. UG, dr hab. Ewy Czaplewskiej z Instytutu Logopedii Uniwersytetu Gda\u0144skiego, pod oficjalnym patronatem Polskiego Towarzystwa Logopedycznego.<\/p>\n","protected":false},"excerpt":{"rendered":"<p>Redakcja: Milewski Stanis\u0142aw, Kuczkowski Jerzy, Kaczorowska-Bray Katarzyna Wydawca: Harmonia Oprawa: [&hellip;]<\/p>\n","protected":false},"featured_media":17252,"template":"","meta":[],"product_brand":[],"product_cat":[28],"product_tag":[1196,51],"class_list":{"0":"post-17251","1":"product","2":"type-product","3":"status-publish","4":"has-post-thumbnail","6":"product_cat-pedagogika","7":"product_tag-logopedia","8":"product_tag-pedagogika","10":"first","11":"instock","12":"sale","13":"shipping-taxable","14":"purchasable","15":"product-type-simple"},"_links":{"self":[{"href":"https:\/\/ksiegarnia-akademicka.pl\/index.php\/wp-json\/wp\/v2\/product\/17251","targetHints":{"allow":["GET"]}}],"collection":[{"href":"https:\/\/ksiegarnia-akademicka.pl\/index.php\/wp-json\/wp\/v2\/product"}],"about":[{"href":"https:\/\/ksiegarnia-akademicka.pl\/index.php\/wp-json\/wp\/v2\/types\/product"}],"wp:featuredmedia":[{"embeddable":true,"href":"https:\/\/ksiegarnia-akademicka.pl\/index.php\/wp-json\/wp\/v2\/media\/17252"}],"wp:attachment":[{"href":"https:\/\/ksiegarnia-akademicka.pl\/index.php\/wp-json\/wp\/v2\/media?parent=17251"}],"wp:term":[{"taxonomy":"product_brand","embeddable":true,"href":"https:\/\/ksiegarnia-akademicka.pl\/index.php\/wp-json\/wp\/v2\/product_brand?post=17251"},{"taxonomy":"product_cat","embeddable":true,"href":"https:\/\/ksiegarnia-akademicka.pl\/index.php\/wp-json\/wp\/v2\/product_cat?post=17251"},{"taxonomy":"product_tag","embeddable":true,"href":"https:\/\/ksiegarnia-akademicka.pl\/index.php\/wp-json\/wp\/v2\/product_tag?post=17251"}],"curies":[{"name":"wp","href":"https:\/\/api.w.org\/{rel}","templated":true}]}}