{"id":17216,"date":"2023-12-12T09:37:45","date_gmt":"2023-12-12T08:37:45","guid":{"rendered":"http:\/\/ksiegarnia-akademicka.pl\/?post_type=product&#038;p=17216"},"modified":"2023-12-12T09:37:45","modified_gmt":"2023-12-12T08:37:45","slug":"zasilki-2024","status":"publish","type":"product","link":"https:\/\/ksiegarnia-akademicka.pl\/index.php\/product\/zasilki-2024\/","title":{"rendered":"Zasi\u0142ki 2024"},"content":{"rendered":"<p>Autor:<br \/>\nMarek Stycze\u0144<br \/>\nWydawca: Wiedza i Praktyka<br \/>\nOprawa: Mi\u0119kka<br \/>\nLiczba stron: 146<br \/>\nRok wydania: 2023<br \/>\nJ\u0119zyk wydania: polski<\/p>\n<p>Ustalanie prawa, podstawy oraz wysoko\u015bci wymiaru zasi\u0142k\u00f3w w razie choroby i macierzy\u0144stwa to jeden z kluczowych obowi\u0105zk\u00f3w dzia\u0142\u00f3w kadrowo-p\u0142acowych w firmach. Nowy rok oznacza nowe kwoty minimalne zasi\u0142k\u00f3w uzale\u017cnione od p\u0142acy minimalnej. To tak\u017ce moment, kiedy ubezpieczeni nabywaj\u0105 prawo do nowych limit\u00f3w niekt\u00f3rych \u015bwiadcze\u0144 &#8211; wynagrodzenia chorobowego czy zasi\u0142ku opieku\u0144czego. Trzeba pami\u0119ta\u0107, \u017ce trwaj\u0105ce ju\u017c okresy zasi\u0142kowe (maks 182 lub 270 dni) nie s\u0105 powi\u0105zane z rokiem kalendarzowym. Obowi\u0105zuj\u0105 tu restrykcyjne zasady dotycz\u0105ce kontynuacji okresu zasi\u0142kowego lub otwierania nowego.<\/p>\n","protected":false},"excerpt":{"rendered":"<p>Autor: Marek Stycze\u0144 Wydawca: Wiedza i Praktyka Oprawa: Mi\u0119kka Liczba [&hellip;]<\/p>\n","protected":false},"featured_media":17217,"template":"","meta":[],"product_brand":[],"product_cat":[18,7550],"product_tag":[793],"class_list":{"0":"post-17216","1":"product","2":"type-product","3":"status-publish","4":"has-post-thumbnail","6":"product_cat-prawo","7":"product_cat-prawo-pracy","8":"product_tag-prawo-pracy","10":"first","11":"instock","12":"sale","13":"shipping-taxable","14":"purchasable","15":"product-type-simple"},"_links":{"self":[{"href":"https:\/\/ksiegarnia-akademicka.pl\/index.php\/wp-json\/wp\/v2\/product\/17216","targetHints":{"allow":["GET"]}}],"collection":[{"href":"https:\/\/ksiegarnia-akademicka.pl\/index.php\/wp-json\/wp\/v2\/product"}],"about":[{"href":"https:\/\/ksiegarnia-akademicka.pl\/index.php\/wp-json\/wp\/v2\/types\/product"}],"wp:featuredmedia":[{"embeddable":true,"href":"https:\/\/ksiegarnia-akademicka.pl\/index.php\/wp-json\/wp\/v2\/media\/17217"}],"wp:attachment":[{"href":"https:\/\/ksiegarnia-akademicka.pl\/index.php\/wp-json\/wp\/v2\/media?parent=17216"}],"wp:term":[{"taxonomy":"product_brand","embeddable":true,"href":"https:\/\/ksiegarnia-akademicka.pl\/index.php\/wp-json\/wp\/v2\/product_brand?post=17216"},{"taxonomy":"product_cat","embeddable":true,"href":"https:\/\/ksiegarnia-akademicka.pl\/index.php\/wp-json\/wp\/v2\/product_cat?post=17216"},{"taxonomy":"product_tag","embeddable":true,"href":"https:\/\/ksiegarnia-akademicka.pl\/index.php\/wp-json\/wp\/v2\/product_tag?post=17216"}],"curies":[{"name":"wp","href":"https:\/\/api.w.org\/{rel}","templated":true}]}}