{"id":17196,"date":"2023-12-11T08:58:48","date_gmt":"2023-12-11T07:58:48","guid":{"rendered":"http:\/\/ksiegarnia-akademicka.pl\/?post_type=product&#038;p=17196"},"modified":"2023-12-11T08:58:48","modified_gmt":"2023-12-11T07:58:48","slug":"krajowy-system-e-faktur-ksef","status":"publish","type":"product","link":"https:\/\/ksiegarnia-akademicka.pl\/index.php\/product\/krajowy-system-e-faktur-ksef\/","title":{"rendered":"Krajowy System e-Faktur (KSeF)"},"content":{"rendered":"<p>Autor:<br \/>\nAdrian Lapierre<br \/>\nWydawca: Wolters Kluwer<br \/>\nOprawa: Mi\u0119kka<br \/>\nLiczba stron: 144<br \/>\nWydanie: 2<br \/>\nRok wydania: 2023<br \/>\nJ\u0119zyk wydania: polski<\/p>\n<p>Krajowy System e-Faktur (KSeF) b\u0119dzie od 1 lipca 2024 r. dla wi\u0119kszo\u015bci podatnik\u00f3w jedynym i obowi\u0105zkowym sposobem wystawiania i odbierania faktur sprzeda\u017cowych i zakupowych w formie elektronicznej.<\/p>\n<p>Autorzy w przyst\u0119pny spos\u00f3b przedstawiaj\u0105 niezb\u0119dne informacje, kt\u00f3re pomog\u0105 przygotowa\u0107 si\u0119 do obs\u0142ugi tego systemu. Omawiaj\u0105 koncepcje potrzebne do w\u0142a\u015bciwego zrozumienia tej rewolucyjnej zmiany, wyja\u015bniaj\u0105 jej wp\u0142yw na procesy ksi\u0119gowe, podatkowe i sprzeda\u017cowe. Zwracaj\u0105 r\u00f3wniez uwag\u0119 na wyzwania, z jakimi b\u0119d\u0105 musieli zmierzy\u0107 si\u0119 podatnicy, aby zgodnie z prawem wystawia\u0107 faktury.<\/p>\n<p>Publikacja gromadzi w jednym miejscu wiele przydatnych informacji, wskazuj\u0105c m.in.: kluczowe cechy systemu KSeF, aspekty techniczne i procesowe, zakres podmiotowy i przedmiotowy, harmonogram wdro\u017cenia KSeF oraz proces obs\u0142ugi procesu sprzeda\u017cowego i zakupowego. Zawi\u0142o\u015bci prawne i techniczne przedstawiono prostym j\u0119zykiem, uzupe\u0142niaj\u0105c je przyk\u0142adami i dodatkowymi wyja\u015bnieniami.<\/p>\n<p>Do ksi\u0105\u017cki do\u0142\u0105czone jest szkolenie dost\u0119pne na stronie www.profinfo.pl\/materialy-dodatkowe.<\/p>\n<p>Ksi\u0105\u017cka jest przeznaczona dla doradc\u00f3w podatkowych, ksi\u0119gowych, mened\u017cer\u00f3w dzia\u0142\u00f3w finansowych, IT i ksi\u0119gowo\u015bci. Zainteresuje r\u00f3wnie\u017c adwokat\u00f3w, radc\u00f3w prawnych i komornik\u00f3w.<\/p>\n","protected":false},"excerpt":{"rendered":"<p>Autor: Adrian Lapierre Wydawca: Wolters Kluwer Oprawa: Mi\u0119kka Liczba stron: [&hellip;]<\/p>\n","protected":false},"featured_media":17197,"template":"","meta":[],"product_brand":[],"product_cat":[19,22,7501,23],"product_tag":[1136,1055,1496],"class_list":{"0":"post-17196","1":"product","2":"type-product","3":"status-publish","4":"has-post-thumbnail","6":"product_cat-finanse-i-prawo-finansowe","7":"product_cat-podatki-i-prawo-podatkowe","8":"product_cat-prawo-finansowe","9":"product_cat-rachunkowosc","10":"product_tag-prawo-finansowe","11":"product_tag-prawo-podatkowe","12":"product_tag-rachunkowosc","14":"first","15":"instock","16":"sale","17":"shipping-taxable","18":"purchasable","19":"product-type-simple"},"_links":{"self":[{"href":"https:\/\/ksiegarnia-akademicka.pl\/index.php\/wp-json\/wp\/v2\/product\/17196","targetHints":{"allow":["GET"]}}],"collection":[{"href":"https:\/\/ksiegarnia-akademicka.pl\/index.php\/wp-json\/wp\/v2\/product"}],"about":[{"href":"https:\/\/ksiegarnia-akademicka.pl\/index.php\/wp-json\/wp\/v2\/types\/product"}],"wp:featuredmedia":[{"embeddable":true,"href":"https:\/\/ksiegarnia-akademicka.pl\/index.php\/wp-json\/wp\/v2\/media\/17197"}],"wp:attachment":[{"href":"https:\/\/ksiegarnia-akademicka.pl\/index.php\/wp-json\/wp\/v2\/media?parent=17196"}],"wp:term":[{"taxonomy":"product_brand","embeddable":true,"href":"https:\/\/ksiegarnia-akademicka.pl\/index.php\/wp-json\/wp\/v2\/product_brand?post=17196"},{"taxonomy":"product_cat","embeddable":true,"href":"https:\/\/ksiegarnia-akademicka.pl\/index.php\/wp-json\/wp\/v2\/product_cat?post=17196"},{"taxonomy":"product_tag","embeddable":true,"href":"https:\/\/ksiegarnia-akademicka.pl\/index.php\/wp-json\/wp\/v2\/product_tag?post=17196"}],"curies":[{"name":"wp","href":"https:\/\/api.w.org\/{rel}","templated":true}]}}