{"id":17185,"date":"2023-12-07T09:10:44","date_gmt":"2023-12-07T08:10:44","guid":{"rendered":"http:\/\/ksiegarnia-akademicka.pl\/?post_type=product&#038;p=17185"},"modified":"2023-12-07T09:17:57","modified_gmt":"2023-12-07T08:17:57","slug":"superwizja-psychoterapii-podejscie-grupowo-analityczne","status":"publish","type":"product","link":"https:\/\/ksiegarnia-akademicka.pl\/index.php\/product\/superwizja-psychoterapii-podejscie-grupowo-analityczne\/","title":{"rendered":"Superwizja psychoterapii Podej\u015bcie grupowo-analityczne"},"content":{"rendered":"<p>Autor:<br \/>\nEwa B\u0105k<br \/>\nWydawca: Wydawnictwo Naukowe PWN<br \/>\nOprawa: Mi\u0119kka<br \/>\nFormat: 14.8&#215;21.0cm<br \/>\nLiczba stron: 420<br \/>\nWydanie: 1<br \/>\nRok wydania: 2023<br \/>\nJ\u0119zyk wydania: polski<\/p>\n<p>Grupa do\u015bwiadczonych superwizor\u00f3w z Instytutu Analizy Grupowej \u201eRaszt\u00f3w\u201d pod kierunkiem Joanny Skowro\u0144skiej i Wies\u0142awy \u0141odej-Soba\u0144skiej przygotowa\u0142a kompendium wiedzy na temat superwizji psychoterapii w podej\u015bciu grupowo-analitycznym. W trzech cz\u0119\u015bciach publikacji Czytelnik znajdzie informacje na temat:<br \/>\n1)    Inspiracji i modeli teoretycznych: opisano tu takie zagadnienia, jak model superwizji grupowo-analitycznej opartej na swobodnie p\u0142yn\u0105cej dyskusji grupowej, \u015bwiadome i nie\u015bwiadome wymiary superwizji, relacja pomieszczaj\u0105ce\u2013pomieszczane w superwizji jako do\u015bwiadczenie wspieraj\u0105ce prac\u0119 terapeutyczn\u0105 z grupami i rozw\u00f3j terapeuty<br \/>\n2)    Grupy superwizyjnej w dzia\u0142aniu: autorzy poruszyli tu m.in. zagadnienia superwizji zespo\u0142\u00f3w, superwizji on-line, zagadnie\u0144 etycznych w pracy superwizora, superwizji relacji terapeutycznej w pracy z pacjentami do\u015bwiadczaj\u0105cymi problem\u00f3w natury seksualnej, psychoz, a tak\u017ce superwizji os\u00f3b szkol\u0105cych si\u0119 w zakresie psychoterapii.<br \/>\n3)    Superwizji relacji terapeutycznej w pracy z indywidualnym pacjentem: poruszono tu m. in. Kwestie sytuacji trudnych w psychoterapii, wewn\u0119trznych grup odniesienia oraz przestrzeni potencjalnej, trzymania i pomieszczania. Krok po kroku przedstawiono przebieg procesu superwizji.<\/p>\n<p>Superwizja grupowo-analityczna to superwizja relacji terapeutycznej a nie, jak cz\u0119sto pojmuje si\u0119 ten proces \u2212 superwizja pacjenta. Pacjenta odnajdujemy poprzez poznanie i zrozumienie relacji terapeutycznej, jaka powstaje pomi\u0119dzy nim a jego terapeut\u0105 i\/lub grup\u0105. W taki spos\u00f3b w procesie superwizji wy\u0142aniamy hipotezy na temat \u015bwiata wewn\u0119trznego pacjenta, relacji z jego wczesn\u0105 grup\u0105: rodzin\u0105 i spo\u0142ecznym otoczeniem i wsp\u00f3\u0142zale\u017cno\u015bciach w nim.<br \/>\nCho\u0107 przedstawimy model superwizji w podej\u015bciu grupowo-analitycznym, jest to ksi\u0105\u017cka dla wszystkich psychoterapeut\u00f3w i superwizor\u00f3w, kt\u00f3rzy w swoje praktyce superwizyjnej chc\u0105 korzysta\u0107 z superwizji grupowej i\/lub poszukuj\u0105 metod wspomagaj\u0105cych rozw\u00f3j mi\u0119dzyludzkich zasob\u00f3w terapeuty, takich jak empatia czy zdolno\u015b\u0107 odzwierciedlania.<br \/>\nZ tekstu<\/p>\n<p>Polskie \u015brodowisko psychoterapeutyczne doczeka\u0142o si\u0119 bogatego, zar\u00f3wno w tre\u015bci teoretyczne jak i przyk\u0142ady kliniczne, opracowania dotycz\u0105cego superwizji. Wydawa\u0142oby si\u0119, \u017ce jest to ksi\u0105\u017cka adresowana do superwizor\u00f3w, ale tytu\u0142 \u201eSuperwizja psychoterapii. Podej\u015bcie grupowo-analityczne\u201d sugeruje, \u017ce wiele r\u00f3\u017cnorodnych my\u015bli na temat procesu psychoterapii znajd\u0105 w niej r\u00f3wnie\u017c psychoterapeuci, poniewa\u017c proces psychoterapii zosta\u0142 wzi\u0119ty \u201epod lup\u0119\u201d ca\u0142o\u015bciowo.<br \/>\nZ recenzji Hanny Pinkowskiej-Zieli\u0144skiej<\/p>\n","protected":false},"excerpt":{"rendered":"<p>Autor: Ewa B\u0105k Wydawca: Wydawnictwo Naukowe PWN Oprawa: Mi\u0119kka Format: [&hellip;]<\/p>\n","protected":false},"featured_media":17186,"template":"","meta":[],"product_brand":[],"product_cat":[27,7509],"product_tag":[1186,1659],"class_list":{"0":"post-17185","1":"product","2":"type-product","3":"status-publish","4":"has-post-thumbnail","6":"product_cat-nauki-spoleczne","7":"product_cat-psychologia","8":"product_tag-psychologia","9":"product_tag-psychoterapia","11":"first","12":"instock","13":"sale","14":"shipping-taxable","15":"purchasable","16":"product-type-simple"},"_links":{"self":[{"href":"https:\/\/ksiegarnia-akademicka.pl\/index.php\/wp-json\/wp\/v2\/product\/17185","targetHints":{"allow":["GET"]}}],"collection":[{"href":"https:\/\/ksiegarnia-akademicka.pl\/index.php\/wp-json\/wp\/v2\/product"}],"about":[{"href":"https:\/\/ksiegarnia-akademicka.pl\/index.php\/wp-json\/wp\/v2\/types\/product"}],"wp:featuredmedia":[{"embeddable":true,"href":"https:\/\/ksiegarnia-akademicka.pl\/index.php\/wp-json\/wp\/v2\/media\/17186"}],"wp:attachment":[{"href":"https:\/\/ksiegarnia-akademicka.pl\/index.php\/wp-json\/wp\/v2\/media?parent=17185"}],"wp:term":[{"taxonomy":"product_brand","embeddable":true,"href":"https:\/\/ksiegarnia-akademicka.pl\/index.php\/wp-json\/wp\/v2\/product_brand?post=17185"},{"taxonomy":"product_cat","embeddable":true,"href":"https:\/\/ksiegarnia-akademicka.pl\/index.php\/wp-json\/wp\/v2\/product_cat?post=17185"},{"taxonomy":"product_tag","embeddable":true,"href":"https:\/\/ksiegarnia-akademicka.pl\/index.php\/wp-json\/wp\/v2\/product_tag?post=17185"}],"curies":[{"name":"wp","href":"https:\/\/api.w.org\/{rel}","templated":true}]}}