{"id":17183,"date":"2023-12-07T09:08:10","date_gmt":"2023-12-07T08:08:10","guid":{"rendered":"http:\/\/ksiegarnia-akademicka.pl\/?post_type=product&#038;p=17183"},"modified":"2024-12-05T09:26:04","modified_gmt":"2024-12-05T08:26:04","slug":"niepowstrzymani-2-dlaczego-swiat-nie-jest-sprawiedliwy","status":"publish","type":"product","link":"https:\/\/ksiegarnia-akademicka.pl\/index.php\/product\/niepowstrzymani-2-dlaczego-swiat-nie-jest-sprawiedliwy\/","title":{"rendered":"Niepowstrzymani 2 Dlaczego \u015bwiat nie jest sprawiedliwy"},"content":{"rendered":"<p>Autor:<br \/>\nYuval Noah Harari<br \/>\nRedakcja: Ruiz Ricard Zaplana<br \/>\nT\u0142umacze: Romanek Micha\u0142<br \/>\nWydawca: Literackie<br \/>\nOprawa: Twarda<br \/>\nFormat: 16.5&#215;24.0cm<br \/>\nLiczba stron: 168<br \/>\nWydanie: 1<br \/>\nRok wydania: 2023<br \/>\nJ\u0119zyk wydania: polski<\/p>\n<p>Epicka przygoda i lekcja historii w jednym! Podana przejrzy\u015bcie i z humorem. Odkryj wraz z autorem bestsellera Sapiens, dlaczego ludzie s\u0105 niepowstrzymani! Kr\u00f3lowe, kr\u00f3lowie i genera\u0142owie wype\u0142niaj\u0105 podr\u0119czniki po brzegi. Ale sk\u0105d oni wszyscy si\u0119 wzi\u0119li? Dlaczego niekt\u00f3rzy z nas mieszkaj\u0105 w pa\u0142acach i rz\u0105dz\u0105, podczas gdy inni musz\u0105 sprz\u0105ta\u0107 ich posiad\u0142o\u015bci i wykonywa\u0107 rozkazy? W drugim tomie serii dla m\u0142odych czytelnik\u00f3w uznany filozof i historyk Yuval Noah Harari wyja\u015bnia, w jaki spos\u00f3b rewolucja sprzed dziesi\u0119ciu tysi\u0119cy lat wci\u0105\u017c wp\u0142ywa na nasze \u017cycie. Pokazuje, w kt\u00f3rym miejscu wszystko posz\u0142o nie tak i jak jeszcze mo\u017cemy to naprawi\u0107. Przekonaj si\u0119, jak niewinny eksperyment z upraw\u0105 pszenicy doprowadzi\u0142 do g\u0142odu, zarazy i wojny. Dowiedz si\u0119, w jaki spos\u00f3b staro\u017cytni maniacy rozwin\u0119li pismo i dlaczego twoi rodzice musz\u0105 p\u0142aci\u0107 podatki. Poznaj dwa gadatliwe szkielety, krokodyla ze z\u0142otymi kolczykami oraz pi\u0119\u0107dziesi\u0105t miliard\u00f3w przygn\u0119bionych kurczak\u00f3w i odkryj, jak ludzka zdolno\u015b\u0107 kontrolowania ro\u015blin oraz zwierz\u0105t doprowadzi\u0142a do tego, \u017ce pr\u00f3bujemy kontrolowa\u0107 siebie nawzajem. Niepowstrzymani 2. Dlaczego \u015bwiat nie jest sprawiedliwy to idealna ksi\u0105\u017cka dla ka\u017cdego od lat 9 do 109, kto jest ciekawy, jak zbudowano ten \u015bwiat i dlaczego niekt\u00f3rzy maj\u0105 tak du\u017co, a inni tak ma\u0142o.<\/p>\n","protected":false},"excerpt":{"rendered":"<p>Autor: Yuval Noah Harari Redakcja: Ruiz Ricard Zaplana T\u0142umacze: Romanek [&hellip;]<\/p>\n","protected":false},"featured_media":17184,"template":"","meta":[],"product_brand":[],"product_cat":[17,7506,38,27,7508,7498],"product_tag":[8234,6696],"class_list":{"0":"post-17183","1":"product","2":"type-product","3":"status-publish","4":"has-post-thumbnail","6":"product_cat-ekonomia","7":"product_cat-filozofia","8":"product_cat-historia","9":"product_cat-nauki-spoleczne","10":"product_cat-socjologia","11":"product_cat-teoria-ekonomii","12":"product_tag-historia-cywilizacji","13":"product_tag-historia-swiata","15":"first","16":"instock","17":"sale","18":"shipping-taxable","19":"purchasable","20":"product-type-simple"},"_links":{"self":[{"href":"https:\/\/ksiegarnia-akademicka.pl\/index.php\/wp-json\/wp\/v2\/product\/17183","targetHints":{"allow":["GET"]}}],"collection":[{"href":"https:\/\/ksiegarnia-akademicka.pl\/index.php\/wp-json\/wp\/v2\/product"}],"about":[{"href":"https:\/\/ksiegarnia-akademicka.pl\/index.php\/wp-json\/wp\/v2\/types\/product"}],"wp:featuredmedia":[{"embeddable":true,"href":"https:\/\/ksiegarnia-akademicka.pl\/index.php\/wp-json\/wp\/v2\/media\/17184"}],"wp:attachment":[{"href":"https:\/\/ksiegarnia-akademicka.pl\/index.php\/wp-json\/wp\/v2\/media?parent=17183"}],"wp:term":[{"taxonomy":"product_brand","embeddable":true,"href":"https:\/\/ksiegarnia-akademicka.pl\/index.php\/wp-json\/wp\/v2\/product_brand?post=17183"},{"taxonomy":"product_cat","embeddable":true,"href":"https:\/\/ksiegarnia-akademicka.pl\/index.php\/wp-json\/wp\/v2\/product_cat?post=17183"},{"taxonomy":"product_tag","embeddable":true,"href":"https:\/\/ksiegarnia-akademicka.pl\/index.php\/wp-json\/wp\/v2\/product_tag?post=17183"}],"curies":[{"name":"wp","href":"https:\/\/api.w.org\/{rel}","templated":true}]}}