{"id":17175,"date":"2023-12-07T08:53:52","date_gmt":"2023-12-07T07:53:52","guid":{"rendered":"http:\/\/ksiegarnia-akademicka.pl\/?post_type=product&#038;p=17175"},"modified":"2023-12-07T08:53:53","modified_gmt":"2023-12-07T07:53:53","slug":"potracenia-z-wynagrodzen-i-zasilkow-2024","status":"publish","type":"product","link":"https:\/\/ksiegarnia-akademicka.pl\/index.php\/product\/potracenia-z-wynagrodzen-i-zasilkow-2024\/","title":{"rendered":"Potr\u0105cenia z wynagrodze\u0144 i zasi\u0142k\u00f3w 2024"},"content":{"rendered":"<p>Wydawca: Wiedza i Praktyka<br \/>\nOprawa: Mi\u0119kka<br \/>\nLiczba stron: 280<br \/>\nRok wydania: 2023<br \/>\nJ\u0119zyk wydania: polski<\/p>\n<p>W 2024 roku wynagrodzenie minimalne jest podwy\u017cszane dwukrotnie: 1 stycznia oraz 1 lipca. Oznacza to, \u017ce kwoty wolne od potr\u0105ce\u0144 r\u00f3wnie\u017c zmieniaj\u0105 si\u0119 2 razy. Sprawd\u017a, ile wynosz\u0105 kwoty wolne od potr\u0105ce\u0144 od 1 stycznia do 30 czerwca i od 1 lipca do 31 grudnia 2024 roku w zale\u017cno\u015bci od wymiaru etatu, odprowadzania sk\u0142adek do PPK, wysoko\u015bci zaliczki na PIT. Zwr\u00f3\u0107 uwag\u0119, \u017ce pierwsze\u0144stwo w zaspokojeniu z wynagrodzenia za prac\u0119 maj\u0105 \u015bwiadczenia alimentacyjne. Dowiedz si\u0119, co to oznacza w praktyce dla pracodawcy.<\/p>\n","protected":false},"excerpt":{"rendered":"<p>Wydawca: Wiedza i Praktyka Oprawa: Mi\u0119kka Liczba stron: 280 Rok [&hellip;]<\/p>\n","protected":false},"featured_media":17176,"template":"","meta":[],"product_brand":[],"product_cat":[22,18,7550,23],"product_tag":[1055,793,1496],"class_list":{"0":"post-17175","1":"product","2":"type-product","3":"status-publish","4":"has-post-thumbnail","6":"product_cat-podatki-i-prawo-podatkowe","7":"product_cat-prawo","8":"product_cat-prawo-pracy","9":"product_cat-rachunkowosc","10":"product_tag-prawo-podatkowe","11":"product_tag-prawo-pracy","12":"product_tag-rachunkowosc","14":"first","15":"instock","16":"sale","17":"shipping-taxable","18":"purchasable","19":"product-type-simple"},"_links":{"self":[{"href":"https:\/\/ksiegarnia-akademicka.pl\/index.php\/wp-json\/wp\/v2\/product\/17175","targetHints":{"allow":["GET"]}}],"collection":[{"href":"https:\/\/ksiegarnia-akademicka.pl\/index.php\/wp-json\/wp\/v2\/product"}],"about":[{"href":"https:\/\/ksiegarnia-akademicka.pl\/index.php\/wp-json\/wp\/v2\/types\/product"}],"wp:featuredmedia":[{"embeddable":true,"href":"https:\/\/ksiegarnia-akademicka.pl\/index.php\/wp-json\/wp\/v2\/media\/17176"}],"wp:attachment":[{"href":"https:\/\/ksiegarnia-akademicka.pl\/index.php\/wp-json\/wp\/v2\/media?parent=17175"}],"wp:term":[{"taxonomy":"product_brand","embeddable":true,"href":"https:\/\/ksiegarnia-akademicka.pl\/index.php\/wp-json\/wp\/v2\/product_brand?post=17175"},{"taxonomy":"product_cat","embeddable":true,"href":"https:\/\/ksiegarnia-akademicka.pl\/index.php\/wp-json\/wp\/v2\/product_cat?post=17175"},{"taxonomy":"product_tag","embeddable":true,"href":"https:\/\/ksiegarnia-akademicka.pl\/index.php\/wp-json\/wp\/v2\/product_tag?post=17175"}],"curies":[{"name":"wp","href":"https:\/\/api.w.org\/{rel}","templated":true}]}}