{"id":17171,"date":"2023-12-07T08:48:02","date_gmt":"2023-12-07T07:48:02","guid":{"rendered":"http:\/\/ksiegarnia-akademicka.pl\/?post_type=product&#038;p=17171"},"modified":"2023-12-07T08:48:03","modified_gmt":"2023-12-07T07:48:03","slug":"trener-skuteczny-procedury-dla-prowadzacych-szkolenia","status":"publish","type":"product","link":"https:\/\/ksiegarnia-akademicka.pl\/index.php\/product\/trener-skuteczny-procedury-dla-prowadzacych-szkolenia\/","title":{"rendered":"Trener skuteczny Procedury dla prowadz\u0105cych szkolenia"},"content":{"rendered":"<p>Autor:<br \/>\nAndrzej Niemczyk<br \/>\nRedakcja: Serafin Tomasz<br \/>\nWydawca: Difin<br \/>\nOprawa: Mi\u0119kka<br \/>\nFormat: 16.0&#215;23.0cm<br \/>\nLiczba stron: 295<br \/>\nRok wydania: 2023<br \/>\nJ\u0119zyk wydania: polski<\/p>\n<p>Andrzej \u017belazny \u2013 dyrektor generalny Chevrolet Nordic Cluster:<\/p>\n<p>To znakomita pozycja zar\u00f3wno dla pocz\u0105tkuj\u0105cych trener\u00f3w, jak i tych z bardzo du\u017cym do\u015bwiadczeniem. Ksi\u0105\u017cka w niezwykle interesuj\u0105cy i dog\u0142\u0119bny spos\u00f3b ukazuje ca\u0142o\u015bciowy przebieg procesu szkoleniowego: od pierwszego momentu spotkania, a\u017c po uwagi uczestnik\u00f3w na zako\u0144czenie sesji szkoleniowych. Z perspektywy mojej praktyki w kierowaniu przedsi\u0119biorstwami gor\u0105co polecam t\u0119 lektur\u0119 wszystkim szefom r\u00f3\u017cnych szczebli zarz\u0105dzania: od poziomu operacyjnego, po stanowiska strategiczne w ka\u017cdej firmie. Styl naszego kierowania lud\u017ami oraz zespo\u0142ami poprzez zlecanie projekt\u00f3w, spotkania indywidualne lub grupowe, sesje, burze m\u00f3zg\u00f3w czy warsztaty, mo\u017ce sta\u0107 si\u0119 du\u017co bogatszy i skuteczniejszy \u2013 wystarczy si\u0119gn\u0105\u0107 i wykorzysta\u0107 cho\u0107by kilka wskaz\u00f3wek, kt\u00f3re zawarte zosta\u0142y w tym tek\u015bcie.<\/p>\n","protected":false},"excerpt":{"rendered":"<p>Autor: Andrzej Niemczyk Redakcja: Serafin Tomasz Wydawca: Difin Oprawa: Mi\u0119kka [&hellip;]<\/p>\n","protected":false},"featured_media":17172,"template":"","meta":[],"product_brand":[],"product_cat":[30,7513],"product_tag":[1257,1804,538],"class_list":{"0":"post-17171","1":"product","2":"type-product","3":"status-publish","4":"has-post-thumbnail","6":"product_cat-zarzadzanie","7":"product_cat-zarzadzanie-zasobami-ludzkimi","8":"product_tag-poradniki","9":"product_tag-szkolenia","10":"product_tag-zarzadzanie-zasobami-ludzkimi","12":"first","13":"instock","14":"sale","15":"shipping-taxable","16":"purchasable","17":"product-type-simple"},"_links":{"self":[{"href":"https:\/\/ksiegarnia-akademicka.pl\/index.php\/wp-json\/wp\/v2\/product\/17171","targetHints":{"allow":["GET"]}}],"collection":[{"href":"https:\/\/ksiegarnia-akademicka.pl\/index.php\/wp-json\/wp\/v2\/product"}],"about":[{"href":"https:\/\/ksiegarnia-akademicka.pl\/index.php\/wp-json\/wp\/v2\/types\/product"}],"wp:featuredmedia":[{"embeddable":true,"href":"https:\/\/ksiegarnia-akademicka.pl\/index.php\/wp-json\/wp\/v2\/media\/17172"}],"wp:attachment":[{"href":"https:\/\/ksiegarnia-akademicka.pl\/index.php\/wp-json\/wp\/v2\/media?parent=17171"}],"wp:term":[{"taxonomy":"product_brand","embeddable":true,"href":"https:\/\/ksiegarnia-akademicka.pl\/index.php\/wp-json\/wp\/v2\/product_brand?post=17171"},{"taxonomy":"product_cat","embeddable":true,"href":"https:\/\/ksiegarnia-akademicka.pl\/index.php\/wp-json\/wp\/v2\/product_cat?post=17171"},{"taxonomy":"product_tag","embeddable":true,"href":"https:\/\/ksiegarnia-akademicka.pl\/index.php\/wp-json\/wp\/v2\/product_tag?post=17171"}],"curies":[{"name":"wp","href":"https:\/\/api.w.org\/{rel}","templated":true}]}}