{"id":17113,"date":"2023-11-29T12:11:59","date_gmt":"2023-11-29T11:11:59","guid":{"rendered":"http:\/\/ksiegarnia-akademicka.pl\/?post_type=product&#038;p=17113"},"modified":"2023-11-29T12:12:00","modified_gmt":"2023-11-29T11:12:00","slug":"horen-verstehen-sprechen-sluchaj-ze-zrozumieniem-i-cwicz-niemiecki","status":"publish","type":"product","link":"https:\/\/ksiegarnia-akademicka.pl\/index.php\/product\/horen-verstehen-sprechen-sluchaj-ze-zrozumieniem-i-cwicz-niemiecki\/","title":{"rendered":"Horen Verstehen Sprechen S\u0142uchaj ze zrozumieniem i \u0107wicz niemiecki"},"content":{"rendered":"<p>Autor:<br \/>\nStanis\u0142aw B\u0119za<br \/>\nAgnieszka Drummer<br \/>\nWydawca: Poltext<br \/>\nOprawa: Mi\u0119kka ze skrzyde\u0142kami<br \/>\nFormat: 16.5&#215;23.5cm<br \/>\nLiczba stron: 300<br \/>\nWydanie: 1<br \/>\nRok wydania: 2023<br \/>\nJ\u0119zyk wydania: polski, niemiecki<\/p>\n<p>J\u0119zyk niemiecki<br \/>\nPoziom A2-B2<br \/>\nUmiej\u0119tno\u015b\u0107 rozumienia ze s\u0142uchu jest z regu\u0142y najtrudniejsz\u0105 sprawno\u015bci\u0105 do opanowania w procesie nauki j\u0119zyka obcego. \u015awiadczy o tym fakt, \u017ce na egzaminach z j\u0119zyka niemieckiego w\u0142a\u015bnie przez t\u0119 cz\u0119\u015b\u0107 testu najwi\u0119cej os\u00f3b go nie zdaje.<br \/>\nAle rozumienia ze s\u0142uchu mo\u017cna si\u0119 nauczy\u0107!<br \/>\nTen podr\u0119cznik z pewno\u015bci\u0105 bardzo si\u0119 do tego przyczyni.<br \/>\nZnajdziecie w nim 40 tekst\u00f3w (w wi\u0119kszo\u015bci anegdot z puent\u0105) wzbogacone o \u0107wiczenia. Wszystkie teksty zosta\u0142y nagrane przez native speaker\u00f3w. Po transkrypcji ka\u017cdego z nich znajduje si\u0119 szczeg\u00f3\u0142owy s\u0142owniczek.<br \/>\nProponowany materia\u0142 nadaj\u0119 si\u0119 idealnie do rozszerzenia s\u0142ownictwa i praktycznej nauki rozumienia ze s\u0142uchu. Pomaga r\u00f3wnie\u017c usprawni\u0107 swobodne m\u00f3wienie.<br \/>\nZ podr\u0119cznikiem mo\u017cna pracowa\u0107 samodzielnie, ale stanowi tak\u017ce zbi\u00f3r inspiracji dla ka\u017cdego lektora j\u0119zyka niemieckiego na zaj\u0119ciach grupowych i indywidualnych.<br \/>\nKsi\u0105\u017cka sk\u0142ada si\u0119 z dw\u00f3ch cz\u0119\u015bci:<br \/>\n1. W pierwszej znajdziecie zestawy \u0107wicze\u0144 do nagranych tekst\u00f3w. Powinny by\u0107 wykonywane bez zagl\u0105dania do cz\u0119\u015bci drugiej. Szczeg\u00f3ln\u0105 wag\u0119 nale\u017cy przywi\u0105zywa\u0107 do zadania polegaj\u0105cego na imitacji prawid\u0142owej wymowy i intonacji w j\u0119zyku niemieckim. Celem pozosta\u0142ych \u0107wicze\u0144 jest nie tylko sprawdzenie dok\u0142adnego zrozumienia wys\u0142uchanego tekstu, lecz r\u00f3wnie\u017c utrwalenie i kontrola wa\u017cniejszych wyra\u017ce\u0144, zwrot\u00f3w oraz struktur gramatycznych. Aby ten cel osi\u0105gn\u0105\u0107, nale\u017cy ka\u017cdy tekst przes\u0142ucha\u0107 wielokrotnie, zwracaj\u0105c uwag\u0119 na wymow\u0119 i intonacj\u0119.<br \/>\nKa\u017cde \u0107wiczenie ma okre\u015blone zadanie:<br \/>\n&#8211; sprawdzenie og\u00f3lnego zrozumienia tre\u015bci (\u0107wiczenie pierwsze typu Richtig (R) oder falsch (F)),<br \/>\n&#8211; skupienie uwagi s\u0142uchaj\u0105cego na szczeg\u00f3\u0142owym zrozumieniu danego tekstu (Fragen zum Text).<br \/>\nDo wi\u0119kszo\u015bci \u0107wicze\u0144 do\u0142aczyli\u015bmy klucz (z wyj\u0105tkiem \u0107wicze\u0144 wymagaj\u0105cych samodzielnych wypowiedzi), co pozwala na ca\u0142kowicie samodzieln\u0105 kontrol\u0119.<br \/>\n2. W drugiej cz\u0119\u015bci podr\u0119cznika znajdziecie transkrypcj\u0119 wszystkich nagra\u0144 i szczeg\u00f3\u0142owy s\u0142owniczek do ka\u017cdego z nich. Kolejno\u015b\u0107 tekst\u00f3w jest uwarunkowana g\u0142\u00f3wnie gradacj\u0105 stopnia trudno\u015bci i d\u0142ugo\u015bci poszczeg\u00f3lnych opowiada\u0144.<\/p>\n","protected":false},"excerpt":{"rendered":"<p>Autor: Stanis\u0142aw B\u0119za Agnieszka Drummer Wydawca: Poltext Oprawa: Mi\u0119kka ze [&hellip;]<\/p>\n","protected":false},"featured_media":17114,"template":"","meta":[],"product_brand":[],"product_cat":[37],"product_tag":[3619,1053],"class_list":{"0":"post-17113","1":"product","2":"type-product","3":"status-publish","4":"has-post-thumbnail","6":"product_cat-jezyki-obce","7":"product_tag-jezyk-niemiecki","8":"product_tag-repetytorium","10":"first","11":"instock","12":"sale","13":"shipping-taxable","14":"purchasable","15":"product-type-simple"},"_links":{"self":[{"href":"https:\/\/ksiegarnia-akademicka.pl\/index.php\/wp-json\/wp\/v2\/product\/17113","targetHints":{"allow":["GET"]}}],"collection":[{"href":"https:\/\/ksiegarnia-akademicka.pl\/index.php\/wp-json\/wp\/v2\/product"}],"about":[{"href":"https:\/\/ksiegarnia-akademicka.pl\/index.php\/wp-json\/wp\/v2\/types\/product"}],"wp:featuredmedia":[{"embeddable":true,"href":"https:\/\/ksiegarnia-akademicka.pl\/index.php\/wp-json\/wp\/v2\/media\/17114"}],"wp:attachment":[{"href":"https:\/\/ksiegarnia-akademicka.pl\/index.php\/wp-json\/wp\/v2\/media?parent=17113"}],"wp:term":[{"taxonomy":"product_brand","embeddable":true,"href":"https:\/\/ksiegarnia-akademicka.pl\/index.php\/wp-json\/wp\/v2\/product_brand?post=17113"},{"taxonomy":"product_cat","embeddable":true,"href":"https:\/\/ksiegarnia-akademicka.pl\/index.php\/wp-json\/wp\/v2\/product_cat?post=17113"},{"taxonomy":"product_tag","embeddable":true,"href":"https:\/\/ksiegarnia-akademicka.pl\/index.php\/wp-json\/wp\/v2\/product_tag?post=17113"}],"curies":[{"name":"wp","href":"https:\/\/api.w.org\/{rel}","templated":true}]}}