{"id":17104,"date":"2023-11-27T12:54:30","date_gmt":"2023-11-27T11:54:30","guid":{"rendered":"http:\/\/ksiegarnia-akademicka.pl\/?post_type=product&#038;p=17104"},"modified":"2023-11-27T12:54:32","modified_gmt":"2023-11-27T11:54:32","slug":"sedziowskie-kierownictwo-postepowaniem-dowodowym-w-polskim-procesie-cywilnym","status":"publish","type":"product","link":"https:\/\/ksiegarnia-akademicka.pl\/index.php\/product\/sedziowskie-kierownictwo-postepowaniem-dowodowym-w-polskim-procesie-cywilnym\/","title":{"rendered":"S\u0119dziowskie kierownictwo post\u0119powaniem dowodowym w polskim procesie cywilnym"},"content":{"rendered":"<p>Autor:<br \/>\nMa\u0142gorzata Manowska<br \/>\nWydawca: Wolters Kluwer<br \/>\nOprawa: Mi\u0119kka<br \/>\nLiczba stron: 312<br \/>\nWydanie: 1<br \/>\nRok wydania: 2023<br \/>\nJ\u0119zyk wydania: polski<\/p>\n<p>Przedstawione w ksi\u0105\u017cce zagadnienia dotycz\u0105 jednego z najwa\u017cniejszych etap\u00f3w procesu cywilnego, jakim jest post\u0119powanie dowodowe. Autorka omawia istot\u0119, ewolucj\u0119, charakterystyk\u0119 i funkcjonowanie zasady s\u0119dziowskiego kierownictwa post\u0119powaniem dowodowym w procesie cywilnym przed s\u0105dami pierwszej i drugiej instancji. Ta p\u0142aszczyzna dzia\u0142alno\u015bci jurysdykcyjnej s\u0105du jest najistotniejsza dla sprawiedliwego rozstrzygni\u0119cia sporu, a tak\u017ce najbardziej czasoch\u0142onna.<\/p>\n<p>W monografii uj\u0119to ca\u0142y zesp\u00f3\u0142 czynno\u015bci instrukcyjnych, organizacyjnych i selektywnych, kt\u00f3re zapewniaj\u0105 zebranie materia\u0142u procesowego niezb\u0119dnego do rozstrzygni\u0119cia sprawy. Zaprezentowano, w jaki spos\u00f3b s\u0105d<br \/>\nzapewnia z jednej strony utrzymanie dyscypliny i sprawnego przebiegu post\u0119powania, z drugiej za\u015b \u2013 zgromadzenie materia\u0142u dowodowego pozwalaj\u0105cego na sprawiedliwe rozstrzygni\u0119cie sprawy.<\/p>\n<p>G\u0142\u00f3wnymi celami publikacji s\u0105:<br \/>\n\u2022 ustalenie, kt\u00f3re czynno\u015bci s\u0105du zalicza si\u0119 do s\u0119dziowskiego kierownictwa post\u0119powaniem dowodowym oraz scharakteryzowanie ich pod k\u0105tem gromadzenia materia\u0142u dowodowego,<br \/>\n\u2022 przedstawienie modelu s\u0119dziowskiego kierownictwa post\u0119powaniem dowodowym w polskim procesie cywilnym jako wycinka zarz\u0105dzania post\u0119powaniem cywilnym.<\/p>\n<p>Ksi\u0105\u017cka przeznaczona jest dla prawnik\u00f3w praktyk\u00f3w \u2013 s\u0119dzi\u00f3w, adwokat\u00f3w, radc\u00f3w prawnych i prokurator\u00f3w. B\u0119dzie cennym \u017ar\u00f3d\u0142em wiedzy dla pracownik\u00f3w naukowych i student\u00f3w prawa.<\/p>\n","protected":false},"excerpt":{"rendered":"<p>Autor: Ma\u0142gorzata Manowska Wydawca: Wolters Kluwer Oprawa: Mi\u0119kka Liczba stron: [&hellip;]<\/p>\n","protected":false},"featured_media":17105,"template":"","meta":[],"product_brand":[],"product_cat":[7491,18],"product_tag":[692,615,5037],"class_list":{"0":"post-17104","1":"product","2":"type-product","3":"status-publish","4":"has-post-thumbnail","6":"product_cat-cywilne","7":"product_cat-prawo","8":"product_tag-postepowanie-cywilne","9":"product_tag-prawo-cywilne","10":"product_tag-seria-monografie","12":"first","13":"instock","14":"sale","15":"shipping-taxable","16":"purchasable","17":"product-type-simple"},"_links":{"self":[{"href":"https:\/\/ksiegarnia-akademicka.pl\/index.php\/wp-json\/wp\/v2\/product\/17104","targetHints":{"allow":["GET"]}}],"collection":[{"href":"https:\/\/ksiegarnia-akademicka.pl\/index.php\/wp-json\/wp\/v2\/product"}],"about":[{"href":"https:\/\/ksiegarnia-akademicka.pl\/index.php\/wp-json\/wp\/v2\/types\/product"}],"wp:featuredmedia":[{"embeddable":true,"href":"https:\/\/ksiegarnia-akademicka.pl\/index.php\/wp-json\/wp\/v2\/media\/17105"}],"wp:attachment":[{"href":"https:\/\/ksiegarnia-akademicka.pl\/index.php\/wp-json\/wp\/v2\/media?parent=17104"}],"wp:term":[{"taxonomy":"product_brand","embeddable":true,"href":"https:\/\/ksiegarnia-akademicka.pl\/index.php\/wp-json\/wp\/v2\/product_brand?post=17104"},{"taxonomy":"product_cat","embeddable":true,"href":"https:\/\/ksiegarnia-akademicka.pl\/index.php\/wp-json\/wp\/v2\/product_cat?post=17104"},{"taxonomy":"product_tag","embeddable":true,"href":"https:\/\/ksiegarnia-akademicka.pl\/index.php\/wp-json\/wp\/v2\/product_tag?post=17104"}],"curies":[{"name":"wp","href":"https:\/\/api.w.org\/{rel}","templated":true}]}}