{"id":171,"date":"2018-05-22T12:40:55","date_gmt":"2018-05-22T10:40:55","guid":{"rendered":"http:\/\/ksiegarnia-akademicka.pl\/index.php\/product\/mierniki-oceny-sytuacji-finansowej-zakladu-ubuzpieczen\/"},"modified":"2026-02-06T10:34:09","modified_gmt":"2026-02-06T09:34:09","slug":"mierniki-oceny-sytuacji-finansowej-zakladu-ubuzpieczen","status":"publish","type":"product","link":"https:\/\/ksiegarnia-akademicka.pl\/index.php\/product\/mierniki-oceny-sytuacji-finansowej-zakladu-ubuzpieczen\/","title":{"rendered":"Mierniki oceny sytuacji finansowej zak\u0142adu ubezpiecze\u0144"},"content":{"rendered":"<p>Autor: Marzanna Lament<\/p>\n<p>Wydawca: Wy\u017csza Szko\u0142a Biznesu w Radomiu<\/p>\n<p>Ilo\u015b\u0107 stron: 208<\/p>\n<p>Rok wydania: 2002<\/p>\n<p>Spis tre\u015bci:<\/p>\n<p>Wst\u0119p<\/p>\n<p>Rozdzia\u0142 I. Poj\u0119cie, \u017ar\u00f3d\u0142a i metody oceny sytuacji finansowej zak\u0142adu ubezpiecze\u0144<\/p>\n<p>Rozdzia\u0142 II. Mierniki ekonomiczno-finansowe jako narz\u0119dzie oceny sytuacji finansowej zak\u0142adu ubezpiecze\u0144<\/p>\n<p>Rozdzia\u0142 III. Rentowno\u015b\u0107 zak\u0142adu ubezpiecze\u0144<\/p>\n<p>Rozdzia\u0142 IV. Bezpiecze\u0144stwo finansowe zak\u0142adu ubezpiecze\u0144<\/p>\n<p>Zako\u0144czenie<\/p>\n<p>Aneks<\/p>\n","protected":false},"excerpt":{"rendered":"<p>Autor: Marzanna Lament Wydawca: Wy\u017csza Szko\u0142a Biznesu w Radomiu Ilo\u015b\u0107 [&hellip;]<\/p>\n","protected":false},"featured_media":21695,"template":"","meta":[],"product_brand":[],"product_cat":[21],"product_tag":[438,249],"class_list":{"0":"post-171","1":"product","2":"type-product","3":"status-publish","4":"has-post-thumbnail","6":"product_cat-ubezpieczenia","7":"product_tag-analiza-finansowa","8":"product_tag-ubezpieczenia","10":"first","11":"instock","12":"sale","13":"shipping-taxable","14":"purchasable","15":"product-type-simple"},"_links":{"self":[{"href":"https:\/\/ksiegarnia-akademicka.pl\/index.php\/wp-json\/wp\/v2\/product\/171","targetHints":{"allow":["GET"]}}],"collection":[{"href":"https:\/\/ksiegarnia-akademicka.pl\/index.php\/wp-json\/wp\/v2\/product"}],"about":[{"href":"https:\/\/ksiegarnia-akademicka.pl\/index.php\/wp-json\/wp\/v2\/types\/product"}],"wp:featuredmedia":[{"embeddable":true,"href":"https:\/\/ksiegarnia-akademicka.pl\/index.php\/wp-json\/wp\/v2\/media\/21695"}],"wp:attachment":[{"href":"https:\/\/ksiegarnia-akademicka.pl\/index.php\/wp-json\/wp\/v2\/media?parent=171"}],"wp:term":[{"taxonomy":"product_brand","embeddable":true,"href":"https:\/\/ksiegarnia-akademicka.pl\/index.php\/wp-json\/wp\/v2\/product_brand?post=171"},{"taxonomy":"product_cat","embeddable":true,"href":"https:\/\/ksiegarnia-akademicka.pl\/index.php\/wp-json\/wp\/v2\/product_cat?post=171"},{"taxonomy":"product_tag","embeddable":true,"href":"https:\/\/ksiegarnia-akademicka.pl\/index.php\/wp-json\/wp\/v2\/product_tag?post=171"}],"curies":[{"name":"wp","href":"https:\/\/api.w.org\/{rel}","templated":true}]}}