{"id":17086,"date":"2023-11-27T08:32:03","date_gmt":"2023-11-27T07:32:03","guid":{"rendered":"http:\/\/ksiegarnia-akademicka.pl\/?post_type=product&#038;p=17086"},"modified":"2023-11-27T08:32:03","modified_gmt":"2023-11-27T07:32:03","slug":"lewiatan","status":"publish","type":"product","link":"https:\/\/ksiegarnia-akademicka.pl\/index.php\/product\/lewiatan\/","title":{"rendered":"Lewiatan"},"content":{"rendered":"<p>Autor:<br \/>\nThomas Hobbes<br \/>\nT\u0142umacze: Znamierowski Czes\u0142aw<br \/>\nWydawca: Aletheia<br \/>\nOprawa: Mi\u0119kka<br \/>\nFormat: 14.5&#215;20.5cm<br \/>\nLiczba stron: 720<br \/>\nRok wydania: 2023<br \/>\nJ\u0119zyk wydania: polski<\/p>\n<p>Ten traktat nale\u017cy do klasyki filozofii politycznej i do pierwszych nowo\u017cytnych wypowiedzi w dyskusji o umowie spo\u0142ecznej. Powsta\u0142 w latach czterdziestych XVII wieku, a wi\u0119c w czasach dla angielskiego autora Thomasa Hobbesa (1588\u20131679) burzliwych politycznie. Jako rojalista, pisa\u0142 on go na emigracji w Pary\u017cu, poniewa\u017c w Anglii toczy\u0142a si\u0119 w\u00f3wczas wojna domowa, monarchia upad\u0142a, na dwie dekady nasta\u0142a republika, a kr\u00f3l zosta\u0142 stracony w 1649 roku, dwa lata przed ukazaniem si\u0119 &#8222;Lewiatana&#8221; (1651). To polityczne t\u0142o jest pewnym memento dla ksi\u0105\u017cki, mo\u017ce nieco ironicznym, poniewa\u017c optuje ona za dok\u0142adnie przeciwnym porz\u0105dkiem rzeczy: za w\u0142adz\u0105 suwerena, najlepiej monarchy, powo\u0142anego drog\u0105 umowy ludzi zagro\u017conych \u201ewojn\u0105 wszystkich ze wszystkimi\u201d, czyli walk\u0105 o byt jednego cz\u0142owieka-wilka z innym. Wojn\u0105, dodajmy, permanentnie pozycyjn\u0105, poniewa\u017c ka\u017cdy cz\u0142owiek jest zdaniem Hobbesa na tyle silny, by pokona\u0107 innego samodzielnie lub w zawieranych sojuszach. Samoograniczenie indywidualnej wolno\u015bci na rzecz suwerena ko\u0144czy t\u0119 wojn\u0119 \u2013 najskuteczniej w monarchii, najmniej skutecznie w demokracji i przy jakimkolwiek podziale w\u0142adz. Do tych rozwa\u017ca\u0144 pod pr\u0105d p\u00f3\u017aniejszej, dominuj\u0105cej narracji Hobbes do\u0142\u0105cza w swoim dziele krytyk\u0119 instytucji Ko\u015bcio\u0142a (zar\u00f3wno katolickiego, jak i innych) oraz klasycznej filozofii, co zaowocowa\u0142o nie tylko zakazem publikacji &#8222;Lewiatana&#8221; w Anglii (1668), lecz tak\u017ce pot\u0119pieniem, ju\u017c po\u015bmiertnym (1683) przez Uniwersytet Oksfordzki.<\/p>\n","protected":false},"excerpt":{"rendered":"<p>Autor: Thomas Hobbes T\u0142umacze: Znamierowski Czes\u0142aw Wydawca: Aletheia Oprawa: Mi\u0119kka [&hellip;]<\/p>\n","protected":false},"featured_media":17087,"template":"","meta":[],"product_brand":[],"product_cat":[7506,27],"product_tag":[233],"class_list":{"0":"post-17086","1":"product","2":"type-product","3":"status-publish","4":"has-post-thumbnail","6":"product_cat-filozofia","7":"product_cat-nauki-spoleczne","8":"product_tag-filozofia","10":"first","11":"instock","12":"sale","13":"shipping-taxable","14":"purchasable","15":"product-type-simple"},"_links":{"self":[{"href":"https:\/\/ksiegarnia-akademicka.pl\/index.php\/wp-json\/wp\/v2\/product\/17086","targetHints":{"allow":["GET"]}}],"collection":[{"href":"https:\/\/ksiegarnia-akademicka.pl\/index.php\/wp-json\/wp\/v2\/product"}],"about":[{"href":"https:\/\/ksiegarnia-akademicka.pl\/index.php\/wp-json\/wp\/v2\/types\/product"}],"wp:featuredmedia":[{"embeddable":true,"href":"https:\/\/ksiegarnia-akademicka.pl\/index.php\/wp-json\/wp\/v2\/media\/17087"}],"wp:attachment":[{"href":"https:\/\/ksiegarnia-akademicka.pl\/index.php\/wp-json\/wp\/v2\/media?parent=17086"}],"wp:term":[{"taxonomy":"product_brand","embeddable":true,"href":"https:\/\/ksiegarnia-akademicka.pl\/index.php\/wp-json\/wp\/v2\/product_brand?post=17086"},{"taxonomy":"product_cat","embeddable":true,"href":"https:\/\/ksiegarnia-akademicka.pl\/index.php\/wp-json\/wp\/v2\/product_cat?post=17086"},{"taxonomy":"product_tag","embeddable":true,"href":"https:\/\/ksiegarnia-akademicka.pl\/index.php\/wp-json\/wp\/v2\/product_tag?post=17086"}],"curies":[{"name":"wp","href":"https:\/\/api.w.org\/{rel}","templated":true}]}}