{"id":17072,"date":"2023-11-24T15:23:25","date_gmt":"2023-11-24T14:23:25","guid":{"rendered":"http:\/\/ksiegarnia-akademicka.pl\/?post_type=product&#038;p=17072"},"modified":"2023-11-24T15:23:26","modified_gmt":"2023-11-24T14:23:26","slug":"prawo-pracy-z-testami-online","status":"publish","type":"product","link":"https:\/\/ksiegarnia-akademicka.pl\/index.php\/product\/prawo-pracy-z-testami-online\/","title":{"rendered":"Prawo pracy z testami online"},"content":{"rendered":"<p>Autor: dr hab. Ma\u0142gorzata Barzycka-Banaszczyk, prof. UW<br \/>\nWydawnictwo: C.H. Beck<br \/>\nSeria: Skrypty Becka<br \/>\nRok wydania: 2023<br \/>\nWydanie: 19<br \/>\nOprawa: Mi\u0119kka<br \/>\nLiczba stron: 476<br \/>\nWymiary: 165&#215;238 mm<br \/>\nWaga: 710 g<br \/>\nISBN: 978-83-8356-151-6<\/p>\n<p>Skrypt Prawo pracy stanowi kompendium wiedzy, obejmuj\u0105ce problematyk\u0119 wyk\u0142adu uniwersyteckiego.<\/p>\n<p>Znajdziesz w nim m.in. om\u00f3wienie takich zagadnie\u0144, jak:<\/p>\n<p>\u017ar\u00f3d\u0142a i zasady prawa pracy,<br \/>\nnawi\u0105zywanie, zmiany i rozwi\u0105zywanie stosunku pracy,<br \/>\nzwolnienia grupowe,<br \/>\nzakaz konkurencji,<br \/>\nsytuacja prawna bezrobotnego,<br \/>\nczas pracy i wynagrodzenie za prac\u0119,<br \/>\nochrona roszcze\u0144 pracowniczych w przypadku niewyp\u0142acalno\u015bci pracodawcy,<br \/>\nurlop wypoczynkowy i bezp\u0142atny,<br \/>\nodpowiedzialno\u015b\u0107 materialna i porz\u0105dkowa pracownika,<br \/>\nuprawnienia pracownik\u00f3w zwi\u0105zanych z rodzicielstwem,<br \/>\nwypadki przy pracy,<br \/>\nspory indywidualne i zbiorowych,<br \/>\na tak\u017ce wybranych zagadnie\u0144 z zakresu ubezpiecze\u0144 spo\u0142ecznych.<br \/>\nW skrypcie zawarto r\u00f3wnie\u017c wykresy i zestawienia pyta\u0144 oraz orzecznictwa z poszczeg\u00f3lnych ga\u0142\u0119zi prawa.<\/p>\n<p>W 19. wydaniu skryptu uwzgl\u0119dniono m.in. zmiany dotycz\u0105ce um\u00f3w zawieranych na okres pr\u00f3bny, umowy na czas okre\u015blony, pracy zdalnej, urlopu opieku\u0144czego, urlopu rodzicielskiego, zwolnie\u0144 od pracy z powodu si\u0142y wy\u017cszej, obowi\u0105zk\u00f3w informacyjnych pracodawcy, kontroli trze\u017awo\u015bci pracownika, a tak\u017ce zmiany przepis\u00f3w kodeksu post\u0119powania cywilnego w zakresie nadawania rygoru natychmiastowej wykonalno\u015bci nieprawomocnym wyrokom przywracaj\u0105cym pracownika do pracy oraz udzielania zabezpieczenia przez nakazanie pracodawcy dalszego zatrudniania pracownika do czasu prawomocnego zako\u0144czenia post\u0119powania.<\/p>\n<p>Stan prawny: listopad 2023 r.<\/p>\n<p>Skrypt przeznaczony jest przede wszystkim dla student\u00f3w prawa i administracji, ale mo\u017ce by\u0107 r\u00f3wnie\u017c przydatny dla praktyk\u00f3w zajmuj\u0105cych si\u0119 tymi zagadnieniami w codziennej pracy.<\/p>\n","protected":false},"excerpt":{"rendered":"<p>Autor: dr hab. Ma\u0142gorzata Barzycka-Banaszczyk, prof. UW Wydawnictwo: C.H. Beck [&hellip;]<\/p>\n","protected":false},"featured_media":17073,"template":"","meta":[],"product_brand":[],"product_cat":[18,7550],"product_tag":[793,691],"class_list":{"0":"post-17072","1":"product","2":"type-product","3":"status-publish","4":"has-post-thumbnail","6":"product_cat-prawo","7":"product_cat-prawo-pracy","8":"product_tag-prawo-pracy","9":"product_tag-seria-skrypty-becka","11":"first","12":"instock","13":"sale","14":"shipping-taxable","15":"purchasable","16":"product-type-simple"},"_links":{"self":[{"href":"https:\/\/ksiegarnia-akademicka.pl\/index.php\/wp-json\/wp\/v2\/product\/17072","targetHints":{"allow":["GET"]}}],"collection":[{"href":"https:\/\/ksiegarnia-akademicka.pl\/index.php\/wp-json\/wp\/v2\/product"}],"about":[{"href":"https:\/\/ksiegarnia-akademicka.pl\/index.php\/wp-json\/wp\/v2\/types\/product"}],"wp:featuredmedia":[{"embeddable":true,"href":"https:\/\/ksiegarnia-akademicka.pl\/index.php\/wp-json\/wp\/v2\/media\/17073"}],"wp:attachment":[{"href":"https:\/\/ksiegarnia-akademicka.pl\/index.php\/wp-json\/wp\/v2\/media?parent=17072"}],"wp:term":[{"taxonomy":"product_brand","embeddable":true,"href":"https:\/\/ksiegarnia-akademicka.pl\/index.php\/wp-json\/wp\/v2\/product_brand?post=17072"},{"taxonomy":"product_cat","embeddable":true,"href":"https:\/\/ksiegarnia-akademicka.pl\/index.php\/wp-json\/wp\/v2\/product_cat?post=17072"},{"taxonomy":"product_tag","embeddable":true,"href":"https:\/\/ksiegarnia-akademicka.pl\/index.php\/wp-json\/wp\/v2\/product_tag?post=17072"}],"curies":[{"name":"wp","href":"https:\/\/api.w.org\/{rel}","templated":true}]}}